{"id":18565,"date":"2017-03-01T21:20:23","date_gmt":"2017-03-01T20:20:23","guid":{"rendered":"https:\/\/www.sprachschule-aktiv-muenchen.de\/?page_id=18565\/"},"modified":"2021-12-05T10:49:37","modified_gmt":"2021-12-05T09:49:37","slug":"nuestra-escuela-de-aleman-en-munich","status":"publish","type":"page","link":"https:\/\/www.sprachschule-aktiv-muenchen.de\/es\/nuestra-escuela-de-aleman-en-munich\/","title":{"rendered":"Nuestra Escuela"},"content":{"rendered":"<p>[vc_row css=&#8221;.vc_custom_1488399271091{padding-top: 30px !important;padding-bottom: 30px !important;}&#8221;][vc_column][vc_column_text]<\/p>\n<h1>\u00bfQui\u00e9nes somos? &#8211; Nuestra escuela de idiomas en M\u00fanich se presenta<\/h1>\n<p>Aprender un idioma extranjero no s\u00f3lo te permite conocer una cultura extranjera. Tambi\u00e9n ampl\u00edan su educaci\u00f3n general y tienen una mejor oportunidad en el trabajo. Por cierto, conocer\u00e1s en tu curso de alem\u00e1n en M\u00fanich a mucha gente agradable e interesante. Con nuestra escuela de idiomas Aktiv en Munich, haces una buena elecci\u00f3n.<\/p>\n<h2>El curso de alem\u00e1n correcto para todos<\/h2>\n<p>Ofrecemos cursos no s\u00f3lo en diferentes niveles de idioma, sino tambi\u00e9n para diferentes prop\u00f3sitos. Te ofrecememos diferentes <a href=\"https:\/\/www.sprachschule-aktiv-muenchen.de\/es\/cursos-de-aleman-en-munich\/\">cursos de alem\u00e1n<\/a> como: cursos intensivos, clases particulares, alem\u00e1n para negocios, cursos de preparaci\u00f3n para telc o TestDaF, entre otros. Perm\u00edtanos asesorarlo sin compromiso con una clase gratuita de alem\u00e1n.[\/vc_column_text][\/vc_column][\/vc_row][vc_row full_width=&#8221;stretch_row&#8221; css=&#8221;.vc_custom_1488399393448{padding-top: 30px !important;padding-bottom: 30px !important;background-color: #f9f9f9 !important;}&#8221;][vc_column width=&#8221;1\/2&#8243;][vc_video link=&#8221;https:\/\/youtu.be\/60V55dRmBMk&#8221;][\/vc_column][vc_column width=&#8221;1\/2&#8243;][vc_video link=&#8221;https:\/\/youtu.be\/ngpIhWUbt-Y&#8221;][\/vc_column][\/vc_row][vc_row full_width=&#8221;stretch_row&#8221; css=&#8221;.vc_custom_1488399393448{padding-top: 30px !important;padding-bottom: 30px !important;background-color: #f9f9f9 !important;}&#8221;][vc_column width=&#8221;1\/2&#8243;][vc_video link=&#8221;https:\/\/www.youtube.com\/watch?v=x3fPo941xoE&#8221;][\/vc_column][vc_column width=&#8221;1\/2&#8243;][vc_video link=&#8221;https:\/\/www.youtube.com\/watch?v=BXoXGFIjh_M&#8221;][\/vc_column][\/vc_row][vc_row css=&#8221;.vc_custom_1488399271091{padding-top: 30px !important;padding-bottom: 30px !important;}&#8221;][vc_column][vc_column_text]<\/p>\n<h2>Aprende idiomas en la escuela de idiomas Aktiv en Munich<\/h2>\n<p>La escuela de idiomas Aktiv existe desde 2001. Fue fundada por Mart\u00edn Polo. No s\u00f3lo nos vemos a nosotros mismos como una escuela de idiomas, sino como un lugar de encuentro de culturas. Nuestra oferta incluye m\u00e1s de 40 idiomas. Para promover el intercambio de culturas, organizamos una amplia variedad de actividades al aire libre y culturales. Un curso en la escuela de idiomas Aktiv en Munich es m\u00e1s que la simple adquisici\u00f3n de un idioma extranjero. Aprender una lengua extranjera es m\u00e1s que gram\u00e1tica y la pronunciaci\u00f3n. Nuestros alumnos se sumergen en el otro mundo y experimentan el pa\u00eds de cerca.<\/p>\n<img decoding=\"async\" class=\"alignnone size-full wp-image-53145\" src=\"https:\/\/www.sprachschule-aktiv-muenchen.de\/wp-content\/uploads\/2019\/11\/quienes-somos-nuestra-escuela-de-aleman-munich.jpg\" alt=\"Nuestra escuela de alem\u00e1n en M\u00fanich\" width=\"552\" height=\"325\" srcset=\"https:\/\/www.sprachschule-aktiv-muenchen.de\/wp-content\/uploads\/2019\/11\/quienes-somos-nuestra-escuela-de-aleman-munich.jpg 552w, https:\/\/www.sprachschule-aktiv-muenchen.de\/wp-content\/uploads\/2019\/11\/quienes-somos-nuestra-escuela-de-aleman-munich-300x177.jpg 300w, https:\/\/www.sprachschule-aktiv-muenchen.de\/wp-content\/uploads\/2019\/11\/quienes-somos-nuestra-escuela-de-aleman-munich-124x74.jpg 124w\" sizes=\"(max-width: 552px) 100vw, 552px\" \/>\n<h2>Ense\u00f1anza por hablantes nativos calificados<\/h2>\n<p>Aprendes un idioma casi como si estuvieras en el pa\u00eds. Las clases son impartidas por un hablante nativo totalmente calificado. As\u00ed es como se aprende la pronunciaci\u00f3n correcta desde el principio.<\/p>\n<h2>Prueba de test gratuita<\/h2>\n<p>Muchos de nuestros estudiantes ya tienen conocimiento del idioma respectivo. Ser\u00eda una p\u00e9rdida de tiempo y dinero comenzar de nuevo con un curso para principiantes. Si no puede determinar su nivel de idioma actual, le ofrecemos un test de <a href=\"https:\/\/www.sprachschule-aktiv-muenchen.de\/es\/test-de-nivel-aleman\/\">alem\u00e1n gratuito en l\u00ednea<\/a> o si lo desea mejor personalmente en nuestra escuela de idiomas en Munich.<\/p>\n<h2>Participaci\u00f3n sin riesgo<\/h2>\n<p>La primera lecci\u00f3n es siempre una lecci\u00f3n de prueba. En primer lugar, pruebe al maestro y sus m\u00e9todos de ense\u00f1anza. Si no est\u00e1 satisfecho con \u00e9l, puede cancelar la participaci\u00f3n en el curso. En este caso, cancelaremos su registro y recibir\u00e1 las contribuciones ya pagadas sin ning\u00fan tipo de peros.<\/p>\n<h2>Precios justos y cuotas posibles<\/h2>\n<p>Los precios de nuestros cursos son justos y transparentes. Si no puede pagar el precio completo de una vez, tambi\u00e9n le concederemos una cuota. S\u00f3lo tiene que hablarlo con nosotros.<\/p>\n<h2>Actividades tambi\u00e9n despu\u00e9s de clase<\/h2>\n<p>La promoci\u00f3n de la convivencia de diferentes culturas es muy importante para nosotros. Es por eso que siempre organizamos excursiones, tertulias y eventos culturales para nuestros alumnos de alem\u00e1n.<\/p>\n<h2>Sprachschule Aktiv &#8211; Nuestras ubicaciones en Munich<\/h2>\n<p>Nuestra escuela de idiomas para cursos de alem\u00e1n se encuentra en una zona muy zentral de M\u00fanich en la calle He\u00dfstr. 90, 80797 M\u00fcnchen enfrente de un parque para relajarse o pasear despu\u00e9s de las clases de alem\u00e1n<br \/>\n<iframe style=\"border: 0;\" src=\"https:\/\/www.google.com\/maps\/embed?pb=!1m18!1m12!1m3!1d2661.749787316907!2d11.558412015903535!3d48.1536288792247!2m3!1f0!2f0!3f0!3m2!1i1024!2i768!4f13.1!3m3!1m2!1s0x479e75e1216d11df%3A0xad641896be70c4d6!2zSGXDn3N0cmHDn2UgOTAsIDgwNzk3IE3DvG5jaGVu!5e0!3m2!1sde!2sde!4v1484736926660\" width=\"400\" height=\"200\" frameborder=\"0\" allowfullscreen=\"allowfullscreen\"><\/iframe>[\/vc_column_text][\/vc_column][\/vc_row]<\/p>\n","protected":false},"excerpt":{"rendered":"<p>[vc_row css=&#8221;.vc_custom_1488399271091{padding-top: 30px !important;padding-bottom: 30px !important;}&#8221;][vc_column][vc_column_text] \u00bfQui\u00e9nes somos? &#8211; Nuestra escuela de idiomas en M\u00fanich se presenta Aprender un idioma extranjero no s\u00f3lo te permite conocer una cultura extranjera. Tambi\u00e9n ampl\u00edan su educaci\u00f3n general y tienen una mejor oportunidad en el trabajo. Por cierto, conocer\u00e1s en tu curso de alem\u00e1n en M\u00fanich a mucha gente&hellip; <a class=\"read-more\" href=\"https:\/\/www.sprachschule-aktiv-muenchen.de\/es\/nuestra-escuela-de-aleman-en-munich\/\" title=\"Read Nuestra Escuela\">Read more &raquo;<\/a><\/p>\n","protected":false},"author":2,"featured_media":0,"parent":0,"menu_order":0,"comment_status":"closed","ping_status":"closed","template":"","meta":{"footnotes":""},"class_list":["post-18565","page","type-page","status-publish","hentry"],"yoast_head":"<!-- This site is optimized with the Yoast SEO plugin v27.1.1 - https:\/\/yoast.com\/product\/yoast-seo-wordpress\/ -->\n<title>\u00bfQui\u00e9nes somos? - Nuestra escuela de idiomas en Munich<\/title>\n<meta name=\"description\" content=\"Nuestra escuela de alem\u00e1n en M\u00fanich te ofrece no s\u00f3lo cursos de alem\u00e1n sino tambi\u00e9n actividades despu\u00e9s de tus clases de idiomas.\" \/>\n<meta name=\"robots\" content=\"index, follow, max-snippet:-1, max-image-preview:large, max-video-preview:-1\" \/>\n<link rel=\"canonical\" href=\"https:\/\/www.sprachschule-aktiv-muenchen.de\/es\/nuestra-escuela-de-aleman-en-munich\/\" \/>\n<meta property=\"og:locale\" content=\"es_ES\" \/>\n<meta property=\"og:type\" content=\"article\" \/>\n<meta property=\"og:title\" content=\"\u00bfQui\u00e9nes somos? - Nuestra escuela de idiomas en Munich\" \/>\n<meta property=\"og:description\" content=\"Nuestra escuela de alem\u00e1n en M\u00fanich te ofrece no s\u00f3lo cursos de alem\u00e1n sino tambi\u00e9n actividades despu\u00e9s de tus clases de idiomas.\" \/>\n<meta property=\"og:url\" content=\"https:\/\/www.sprachschule-aktiv-muenchen.de\/es\/nuestra-escuela-de-aleman-en-munich\/\" \/>\n<meta property=\"og:site_name\" content=\"Sprachschule Aktiv\" \/>\n<meta property=\"article:modified_time\" content=\"2021-12-05T09:49:37+00:00\" \/>\n<meta property=\"og:image\" content=\"https:\/\/www.sprachschule-aktiv-muenchen.de\/wp-content\/uploads\/2019\/11\/quienes-somos-nuestra-escuela-de-aleman-munich.jpg\" \/>\n<meta name=\"twitter:card\" content=\"summary_large_image\" \/>\n<meta name=\"twitter:label1\" content=\"Tiempo de lectura\" \/>\n\t<meta name=\"twitter:data1\" content=\"3 minutos\" \/>\n<script type=\"application\/ld+json\" class=\"yoast-schema-graph\">{\"@context\":\"https:\/\/schema.org\",\"@graph\":[{\"@type\":\"WebPage\",\"@id\":\"https:\/\/www.sprachschule-aktiv-muenchen.de\/es\/nuestra-escuela-de-aleman-en-munich\/\",\"url\":\"https:\/\/www.sprachschule-aktiv-muenchen.de\/es\/nuestra-escuela-de-aleman-en-munich\/\",\"name\":\"\u00bfQui\u00e9nes somos? - Nuestra escuela de idiomas en Munich\",\"isPartOf\":{\"@id\":\"https:\/\/www.sprachschule-aktiv-muenchen.de\/#website\"},\"primaryImageOfPage\":{\"@id\":\"https:\/\/www.sprachschule-aktiv-muenchen.de\/es\/nuestra-escuela-de-aleman-en-munich\/#primaryimage\"},\"image\":{\"@id\":\"https:\/\/www.sprachschule-aktiv-muenchen.de\/es\/nuestra-escuela-de-aleman-en-munich\/#primaryimage\"},\"thumbnailUrl\":\"https:\/\/www.sprachschule-aktiv-muenchen.de\/wp-content\/uploads\/2019\/11\/quienes-somos-nuestra-escuela-de-aleman-munich.jpg\",\"datePublished\":\"2017-03-01T20:20:23+00:00\",\"dateModified\":\"2021-12-05T09:49:37+00:00\",\"description\":\"Nuestra escuela de alem\u00e1n en M\u00fanich te ofrece no s\u00f3lo cursos de alem\u00e1n sino tambi\u00e9n actividades despu\u00e9s de tus clases de idiomas.\",\"breadcrumb\":{\"@id\":\"https:\/\/www.sprachschule-aktiv-muenchen.de\/es\/nuestra-escuela-de-aleman-en-munich\/#breadcrumb\"},\"inLanguage\":\"es\",\"potentialAction\":[{\"@type\":\"ReadAction\",\"target\":[\"https:\/\/www.sprachschule-aktiv-muenchen.de\/es\/nuestra-escuela-de-aleman-en-munich\/\"]}]},{\"@type\":\"ImageObject\",\"inLanguage\":\"es\",\"@id\":\"https:\/\/www.sprachschule-aktiv-muenchen.de\/es\/nuestra-escuela-de-aleman-en-munich\/#primaryimage\",\"url\":\"https:\/\/www.sprachschule-aktiv-muenchen.de\/wp-content\/uploads\/2019\/11\/quienes-somos-nuestra-escuela-de-aleman-munich.jpg\",\"contentUrl\":\"https:\/\/www.sprachschule-aktiv-muenchen.de\/wp-content\/uploads\/2019\/11\/quienes-somos-nuestra-escuela-de-aleman-munich.jpg\"},{\"@type\":\"BreadcrumbList\",\"@id\":\"https:\/\/www.sprachschule-aktiv-muenchen.de\/es\/nuestra-escuela-de-aleman-en-munich\/#breadcrumb\",\"itemListElement\":[{\"@type\":\"ListItem\",\"position\":1,\"name\":\"Portada\",\"item\":\"https:\/\/www.sprachschule-aktiv-muenchen.de\/es\/\"},{\"@type\":\"ListItem\",\"position\":2,\"name\":\"Nuestra Escuela\"}]},{\"@type\":\"WebSite\",\"@id\":\"https:\/\/www.sprachschule-aktiv-muenchen.de\/#website\",\"url\":\"https:\/\/www.sprachschule-aktiv-muenchen.de\/\",\"name\":\"Sprachschule Aktiv\",\"description\":\"\",\"potentialAction\":[{\"@type\":\"SearchAction\",\"target\":{\"@type\":\"EntryPoint\",\"urlTemplate\":\"https:\/\/www.sprachschule-aktiv-muenchen.de\/?s={search_term_string}\"},\"query-input\":{\"@type\":\"PropertyValueSpecification\",\"valueRequired\":true,\"valueName\":\"search_term_string\"}}],\"inLanguage\":\"es\"}]}<\/script>\n<!-- \/ Yoast SEO plugin. -->","yoast_head_json":{"title":"\u00bfQui\u00e9nes somos? - Nuestra escuela de idiomas en Munich","description":"Nuestra escuela de alem\u00e1n en M\u00fanich te ofrece no s\u00f3lo cursos de alem\u00e1n sino tambi\u00e9n actividades despu\u00e9s de tus clases de idiomas.","robots":{"index":"index","follow":"follow","max-snippet":"max-snippet:-1","max-image-preview":"max-image-preview:large","max-video-preview":"max-video-preview:-1"},"canonical":"https:\/\/www.sprachschule-aktiv-muenchen.de\/es\/nuestra-escuela-de-aleman-en-munich\/","og_locale":"es_ES","og_type":"article","og_title":"\u00bfQui\u00e9nes somos? - Nuestra escuela de idiomas en Munich","og_description":"Nuestra escuela de alem\u00e1n en M\u00fanich te ofrece no s\u00f3lo cursos de alem\u00e1n sino tambi\u00e9n actividades despu\u00e9s de tus clases de idiomas.","og_url":"https:\/\/www.sprachschule-aktiv-muenchen.de\/es\/nuestra-escuela-de-aleman-en-munich\/","og_site_name":"Sprachschule Aktiv","article_modified_time":"2021-12-05T09:49:37+00:00","og_image":[{"url":"https:\/\/www.sprachschule-aktiv-muenchen.de\/wp-content\/uploads\/2019\/11\/quienes-somos-nuestra-escuela-de-aleman-munich.jpg","type":"","width":"","height":""}],"twitter_card":"summary_large_image","twitter_misc":{"Tiempo de lectura":"3 minutos"},"schema":{"@context":"https:\/\/schema.org","@graph":[{"@type":"WebPage","@id":"https:\/\/www.sprachschule-aktiv-muenchen.de\/es\/nuestra-escuela-de-aleman-en-munich\/","url":"https:\/\/www.sprachschule-aktiv-muenchen.de\/es\/nuestra-escuela-de-aleman-en-munich\/","name":"\u00bfQui\u00e9nes somos? - Nuestra escuela de idiomas en Munich","isPartOf":{"@id":"https:\/\/www.sprachschule-aktiv-muenchen.de\/#website"},"primaryImageOfPage":{"@id":"https:\/\/www.sprachschule-aktiv-muenchen.de\/es\/nuestra-escuela-de-aleman-en-munich\/#primaryimage"},"image":{"@id":"https:\/\/www.sprachschule-aktiv-muenchen.de\/es\/nuestra-escuela-de-aleman-en-munich\/#primaryimage"},"thumbnailUrl":"https:\/\/www.sprachschule-aktiv-muenchen.de\/wp-content\/uploads\/2019\/11\/quienes-somos-nuestra-escuela-de-aleman-munich.jpg","datePublished":"2017-03-01T20:20:23+00:00","dateModified":"2021-12-05T09:49:37+00:00","description":"Nuestra escuela de alem\u00e1n en M\u00fanich te ofrece no s\u00f3lo cursos de alem\u00e1n sino tambi\u00e9n actividades despu\u00e9s de tus clases de idiomas.","breadcrumb":{"@id":"https:\/\/www.sprachschule-aktiv-muenchen.de\/es\/nuestra-escuela-de-aleman-en-munich\/#breadcrumb"},"inLanguage":"es","potentialAction":[{"@type":"ReadAction","target":["https:\/\/www.sprachschule-aktiv-muenchen.de\/es\/nuestra-escuela-de-aleman-en-munich\/"]}]},{"@type":"ImageObject","inLanguage":"es","@id":"https:\/\/www.sprachschule-aktiv-muenchen.de\/es\/nuestra-escuela-de-aleman-en-munich\/#primaryimage","url":"https:\/\/www.sprachschule-aktiv-muenchen.de\/wp-content\/uploads\/2019\/11\/quienes-somos-nuestra-escuela-de-aleman-munich.jpg","contentUrl":"https:\/\/www.sprachschule-aktiv-muenchen.de\/wp-content\/uploads\/2019\/11\/quienes-somos-nuestra-escuela-de-aleman-munich.jpg"},{"@type":"BreadcrumbList","@id":"https:\/\/www.sprachschule-aktiv-muenchen.de\/es\/nuestra-escuela-de-aleman-en-munich\/#breadcrumb","itemListElement":[{"@type":"ListItem","position":1,"name":"Portada","item":"https:\/\/www.sprachschule-aktiv-muenchen.de\/es\/"},{"@type":"ListItem","position":2,"name":"Nuestra Escuela"}]},{"@type":"WebSite","@id":"https:\/\/www.sprachschule-aktiv-muenchen.de\/#website","url":"https:\/\/www.sprachschule-aktiv-muenchen.de\/","name":"Sprachschule Aktiv","description":"","potentialAction":[{"@type":"SearchAction","target":{"@type":"EntryPoint","urlTemplate":"https:\/\/www.sprachschule-aktiv-muenchen.de\/?s={search_term_string}"},"query-input":{"@type":"PropertyValueSpecification","valueRequired":true,"valueName":"search_term_string"}}],"inLanguage":"es"}]}},"_links":{"self":[{"href":"https:\/\/www.sprachschule-aktiv-muenchen.de\/es\/wp-json\/wp\/v2\/pages\/18565","targetHints":{"allow":["GET"]}}],"collection":[{"href":"https:\/\/www.sprachschule-aktiv-muenchen.de\/es\/wp-json\/wp\/v2\/pages"}],"about":[{"href":"https:\/\/www.sprachschule-aktiv-muenchen.de\/es\/wp-json\/wp\/v2\/types\/page"}],"author":[{"embeddable":true,"href":"https:\/\/www.sprachschule-aktiv-muenchen.de\/es\/wp-json\/wp\/v2\/users\/2"}],"replies":[{"embeddable":true,"href":"https:\/\/www.sprachschule-aktiv-muenchen.de\/es\/wp-json\/wp\/v2\/comments?post=18565"}],"version-history":[{"count":7,"href":"https:\/\/www.sprachschule-aktiv-muenchen.de\/es\/wp-json\/wp\/v2\/pages\/18565\/revisions"}],"predecessor-version":[{"id":70319,"href":"https:\/\/www.sprachschule-aktiv-muenchen.de\/es\/wp-json\/wp\/v2\/pages\/18565\/revisions\/70319"}],"wp:attachment":[{"href":"https:\/\/www.sprachschule-aktiv-muenchen.de\/es\/wp-json\/wp\/v2\/media?parent=18565"}],"curies":[{"name":"wp","href":"https:\/\/api.w.org\/{rel}","templated":true}]}}