{"id":18558,"date":"2017-03-01T21:12:30","date_gmt":"2017-03-01T20:12:30","guid":{"rendered":"https:\/\/www.sprachschule-aktiv-muenchen.de\/?page_id=18558\/"},"modified":"2022-12-29T12:18:21","modified_gmt":"2022-12-29T11:18:21","slug":"cursos-para-escuelas","status":"publish","type":"page","link":"https:\/\/www.sprachschule-aktiv-muenchen.de\/es\/cursos-para-escuelas\/","title":{"rendered":"Cursos para Escuelas"},"content":{"rendered":"<p>[vc_row full_width=&#8221;stretch_row&#8221; css=&#8221;.vc_custom_1488394343012{padding-top: 30px !important;padding-bottom: 30px !important;}&#8221;][vc_column][vc_column_text]<\/p>\n<h1>Cursos de Alem\u00e1n en M\u00fanich para universidades e institutos<\/h1>\n<p>Cursos de Alem\u00e1n en M\u00fanich para grupos universitarios, escolares, universidades e institutos . Si su universidad, instituto o escuela planea organizar un curso de alem\u00e1n en M\u00fanich, Alemania le ayudamos con mucho gusto a realizar el curso deseado. La mayor\u00eda de grupos escolares o universitarios toman un curso intensivo de alem\u00e1n diario de 9:00 a 12:00. Este curso tambi\u00e9n se puede dar por la tarde si lo desea.<\/p>\n<p>Precio: Dependiendo del n\u00famero de participantes le hacemos una oferta especial teniendo en cuenta si desean excursiones extras o dependiendo del tipo de alojamiento que deseen reservar en M\u00fanich. Escribanos un E-Mail y le responderemos inmediatamente: martin@sprachschule-aktiv.de. M\u00fanich es la direcci\u00f3n de muchas excursiones educativas en grupo de todo el mundo por su amplia oferta cultural, de tiempo libre y tambi\u00e9n por sus vistas hermosas.<\/p>\n<p>\u00a1Aprenda alem\u00e1n y conozca M\u00fanich con nosotros! \u00a1Hay muchas oportunidades de disfrutar de su tiempo libre en esta bella ciudad! Despu\u00e9s del curso de alem\u00e1n visitaremos diferentes lugares de M\u00fanich y sus alrededores. Organizamos fiestas y actividades con alemanes. Por eso, el miedo de hablar alem\u00e1n desaparecer\u00e1 pronto. Usted utiliza el reci\u00e9n aprendido idioma, conoce a nuevos amigos y pone en pr\u00e1ctica lo que va aprendiendo en el curso.[\/vc_column_text][\/vc_column][\/vc_row][vc_row full_width=&#8221;stretch_row&#8221; css=&#8221;.vc_custom_1488394515380{padding-top: 30px !important;padding-bottom: 30px !important;background-color: #f9f9f9 !important;}&#8221;][vc_column width=&#8221;1\/2&#8243;][vc_column_text]Cursos de Alem\u00e1n en M\u00fanich para grupos universitarios, escolares, universidades e institutos . Si su universidad, instituto o escuela planea organizar un curso de alem\u00e1n en M\u00fanich, Alemania le ayudamos con mucho gusto a realizar el curso deseado.<\/p>\n<p>La mayor\u00eda de grupos escolares o universitarios toman un curso intensivo de alem\u00e1n diario de 9:00 a 12:00. Este curso tambi\u00e9n se puede dar por la tarde si lo desea.<\/p>\n<p>Precio: Dependiendo del n\u00famero de participantes le hacemos una oferta especial teniendo en cuenta si desean excursiones extras o dependiendo del tipo de alojamiento que deseen reservar en M\u00fanich. Escribanos un E-Mail y le responderemos inmediatamente: martin@sprachschule-aktiv.de[\/vc_column_text][\/vc_column][vc_column width=&#8221;1\/2&#8243;][vc_video link=&#8221;https:\/\/youtu.be\/LTIhQ9O7kmg&#8221;][\/vc_column][\/vc_row][vc_row full_width=&#8221;stretch_row&#8221; css=&#8221;.vc_custom_1488394525000{padding-top: 30px !important;padding-bottom: 30px !important;}&#8221;][vc_column][vc_column_text]<\/p>\n<h2>Programas especiales para su escuela o universidad: aprender alem\u00e1n e intercambio cultural<\/h2>\n<p>En \u00e1rea de M\u00fanich se encuentran los lagos m\u00e1s bonitos de Alemania. Disfrute de las vistas y la naturaleza de Bavaria, con Alpes B\u00e1varos, el hermoso castillo Neuschwanstein, el pico Zugspitze o el lago Starnberger See. Conozca Marienplatz con su famoso carill\u00f3n, Viktualienmarkt, donde se vende la fruta y verdura de todo el mundo, Olympiazentrum y el castillo Nymphenburg. M\u00e1s de 100 museos y m\u00e1s de 470 monumentos garantizan mucha diversi\u00f3n y por su puesto mucha cultura durante su estancia en M\u00fanich.<\/p>\n<p>Tambi\u00e9n la vida nocturna, los festivales y los eventos en M\u00fanich cumplen los deseos de todos: famoso en todo el mundo Oktoberfest, Tolwood Festival, los restaurantes ex\u00f3ticos de todo el mundo, muchas fiestas en los lagos, etc. Disfrutar\u00e1 todo esto y M\u00fanich ser\u00e1 para usted una experiencia inolvidable. Organizaremos programas especiales para su escuela. \u00bfLe gustar\u00eda que le aconsej\u00e1ramos por tel\u00e9fono en su lengua materna? \u00a1Le llamaremos con placer!<\/p>\n<p>Ventajas para vuestra visita en M\u00fanich:<\/p>\n<ul>\n<li>Alojamiento econ\u00f3mico para el grupo y profesores.<\/li>\n<li>Cursos de alem\u00e1n para todos los niveles: Principiantes y avanzados.<\/li>\n<li>El programa equilibrado que incluir\u00e1 los deseos y objetivos de los participantes del curso y de los profesores.<\/li>\n<li>Clases de alem\u00e1n con profesores altamente cualificados.<\/li>\n<li>Cultura y actividades de tiempo libre despu\u00e9s del curso de alem\u00e1n.<\/li>\n<li>Le buscamos un alojamiento deseado.<\/li>\n<li>Le ofrecemos una hora de clase de prueba y un test de nivel de idioma gratuitamente.<\/li>\n<li>Encontraremos una soluci\u00f3n individual para sus clases en M\u00fanich.<\/li>\n<li>Nos adaptamos a sus necesidades y a su calendario.<\/li>\n<li>Ofrecemos desayunos gratuitos al comienzo de los cursos (para mantener el alto nivel de motivaci\u00f3n y humor).<\/li>\n<li>Toda nuestra oferta es flexible en cuanto al tiempo.<\/li>\n<li>Tenemos la informaci\u00f3n pr\u00e1ctica sobre M\u00fanich \u2013 puede utilizarla cuando quiera.<\/li>\n<li>Nuestros empleados le atender\u00e1n siempre y con placer, por tel\u00e9fono o e-mail. \u00a1Tambi\u00e9n los fines de semana!<\/li>\n<\/ul>\n<p>[\/vc_column_text][\/vc_column][\/vc_row][vc_row full_width=&#8221;stretch_row&#8221; equal_height=&#8221;yes&#8221; content_placement=&#8221;middle&#8221; el_class=&#8221;action-box m-b-none theme-bg-color&#8221; css=&#8221;.vc_custom_1487762904994{padding-top: 25px !important;padding-bottom: 30px !important;}&#8221;][vc_column width=&#8221;2\/3&#8243;][vc_column_text]<\/p>\n<h3 class=\"text-white\">\u00bfQui\u00e9res estudiar alem\u00e1n en M\u00fanich?<\/h3>\n<p class=\"text-white\">Contacta con nosotros y aprende alem\u00e1n en M\u00fanich. Cursos para todos los niveles.<\/p>\n<p>[\/vc_column_text][\/vc_column][vc_column width=&#8221;1\/3&#8243; el_class=&#8221;text-right&#8221;]\t<div class=\"vc_btn3-container vc_btn3-inline\">\r\n\t\t<a href=\"\/es\/inscribete-cursos-aleman\/\" class=\"pgs_btn pgs_btn_style_3 pgs_btn_xl\">\r\n\t\t\t<span>\r\n\t\t\t\t\u00bfA qu\u00e9 esperas? Inscr\u00edbete\t\t\t<\/span>\r\n\t\t\t\t\t\t<i class=\"fa fa-chevron-right\"><\/i>\r\n\t\t\t\t\t<\/a>\r\n\t<\/div>\r\n\t[\/vc_column][\/vc_row]<\/p>\n","protected":false},"excerpt":{"rendered":"<p>[vc_row full_width=&#8221;stretch_row&#8221; css=&#8221;.vc_custom_1488394343012{padding-top: 30px !important;padding-bottom: 30px !important;}&#8221;][vc_column][vc_column_text] Cursos de Alem\u00e1n en M\u00fanich para universidades e institutos Cursos de Alem\u00e1n en M\u00fanich para grupos universitarios, escolares, universidades e institutos . Si su universidad, instituto o escuela planea organizar un curso de alem\u00e1n en M\u00fanich, Alemania le ayudamos con mucho gusto a realizar el curso deseado. La&hellip; <a class=\"read-more\" href=\"https:\/\/www.sprachschule-aktiv-muenchen.de\/es\/cursos-para-escuelas\/\" title=\"Read Cursos para Escuelas\">Read more &raquo;<\/a><\/p>\n","protected":false},"author":2,"featured_media":0,"parent":0,"menu_order":0,"comment_status":"closed","ping_status":"closed","template":"","meta":{"footnotes":""},"class_list":["post-18558","page","type-page","status-publish","hentry"],"yoast_head":"<!-- This site is optimized with the Yoast SEO plugin v27.1.1 - https:\/\/yoast.com\/product\/yoast-seo-wordpress\/ -->\n<title>Cursos de Alem\u00e1n en M\u00fanich para universidades e institutos<\/title>\n<meta name=\"description\" content=\"Cursos de Alem\u00e1n para universidades e insititutos en Alemania. Curso de alem\u00e1n para grupos universitarios en todos los niveles.\" \/>\n<meta name=\"robots\" content=\"index, follow, max-snippet:-1, max-image-preview:large, max-video-preview:-1\" \/>\n<link rel=\"canonical\" href=\"https:\/\/www.sprachschule-aktiv-muenchen.de\/es\/cursos-para-escuelas\/\" \/>\n<meta property=\"og:locale\" content=\"es_ES\" \/>\n<meta property=\"og:type\" content=\"article\" \/>\n<meta property=\"og:title\" content=\"Cursos de Alem\u00e1n en M\u00fanich para universidades e institutos\" \/>\n<meta property=\"og:description\" content=\"Cursos de Alem\u00e1n para universidades e insititutos en Alemania. Curso de alem\u00e1n para grupos universitarios en todos los niveles.\" \/>\n<meta property=\"og:url\" content=\"https:\/\/www.sprachschule-aktiv-muenchen.de\/es\/cursos-para-escuelas\/\" \/>\n<meta property=\"og:site_name\" content=\"Sprachschule Aktiv\" \/>\n<meta property=\"article:modified_time\" content=\"2022-12-29T11:18:21+00:00\" \/>\n<meta name=\"twitter:card\" content=\"summary_large_image\" \/>\n<meta name=\"twitter:label1\" content=\"Tiempo de lectura\" \/>\n\t<meta name=\"twitter:data1\" content=\"4 minutos\" \/>\n<script type=\"application\/ld+json\" class=\"yoast-schema-graph\">{\"@context\":\"https:\/\/schema.org\",\"@graph\":[{\"@type\":\"WebPage\",\"@id\":\"https:\/\/www.sprachschule-aktiv-muenchen.de\/es\/cursos-para-escuelas\/\",\"url\":\"https:\/\/www.sprachschule-aktiv-muenchen.de\/es\/cursos-para-escuelas\/\",\"name\":\"Cursos de Alem\u00e1n en M\u00fanich para universidades e institutos\",\"isPartOf\":{\"@id\":\"https:\/\/www.sprachschule-aktiv-muenchen.de\/#website\"},\"datePublished\":\"2017-03-01T20:12:30+00:00\",\"dateModified\":\"2022-12-29T11:18:21+00:00\",\"description\":\"Cursos de Alem\u00e1n para universidades e insititutos en Alemania. Curso de alem\u00e1n para grupos universitarios en todos los niveles.\",\"breadcrumb\":{\"@id\":\"https:\/\/www.sprachschule-aktiv-muenchen.de\/es\/cursos-para-escuelas\/#breadcrumb\"},\"inLanguage\":\"es\",\"potentialAction\":[{\"@type\":\"ReadAction\",\"target\":[\"https:\/\/www.sprachschule-aktiv-muenchen.de\/es\/cursos-para-escuelas\/\"]}]},{\"@type\":\"BreadcrumbList\",\"@id\":\"https:\/\/www.sprachschule-aktiv-muenchen.de\/es\/cursos-para-escuelas\/#breadcrumb\",\"itemListElement\":[{\"@type\":\"ListItem\",\"position\":1,\"name\":\"Portada\",\"item\":\"https:\/\/www.sprachschule-aktiv-muenchen.de\/es\/\"},{\"@type\":\"ListItem\",\"position\":2,\"name\":\"Cursos para Escuelas\"}]},{\"@type\":\"WebSite\",\"@id\":\"https:\/\/www.sprachschule-aktiv-muenchen.de\/#website\",\"url\":\"https:\/\/www.sprachschule-aktiv-muenchen.de\/\",\"name\":\"Sprachschule Aktiv\",\"description\":\"\",\"potentialAction\":[{\"@type\":\"SearchAction\",\"target\":{\"@type\":\"EntryPoint\",\"urlTemplate\":\"https:\/\/www.sprachschule-aktiv-muenchen.de\/?s={search_term_string}\"},\"query-input\":{\"@type\":\"PropertyValueSpecification\",\"valueRequired\":true,\"valueName\":\"search_term_string\"}}],\"inLanguage\":\"es\"}]}<\/script>\n<!-- \/ Yoast SEO plugin. -->","yoast_head_json":{"title":"Cursos de Alem\u00e1n en M\u00fanich para universidades e institutos","description":"Cursos de Alem\u00e1n para universidades e insititutos en Alemania. Curso de alem\u00e1n para grupos universitarios en todos los niveles.","robots":{"index":"index","follow":"follow","max-snippet":"max-snippet:-1","max-image-preview":"max-image-preview:large","max-video-preview":"max-video-preview:-1"},"canonical":"https:\/\/www.sprachschule-aktiv-muenchen.de\/es\/cursos-para-escuelas\/","og_locale":"es_ES","og_type":"article","og_title":"Cursos de Alem\u00e1n en M\u00fanich para universidades e institutos","og_description":"Cursos de Alem\u00e1n para universidades e insititutos en Alemania. Curso de alem\u00e1n para grupos universitarios en todos los niveles.","og_url":"https:\/\/www.sprachschule-aktiv-muenchen.de\/es\/cursos-para-escuelas\/","og_site_name":"Sprachschule Aktiv","article_modified_time":"2022-12-29T11:18:21+00:00","twitter_card":"summary_large_image","twitter_misc":{"Tiempo de lectura":"4 minutos"},"schema":{"@context":"https:\/\/schema.org","@graph":[{"@type":"WebPage","@id":"https:\/\/www.sprachschule-aktiv-muenchen.de\/es\/cursos-para-escuelas\/","url":"https:\/\/www.sprachschule-aktiv-muenchen.de\/es\/cursos-para-escuelas\/","name":"Cursos de Alem\u00e1n en M\u00fanich para universidades e institutos","isPartOf":{"@id":"https:\/\/www.sprachschule-aktiv-muenchen.de\/#website"},"datePublished":"2017-03-01T20:12:30+00:00","dateModified":"2022-12-29T11:18:21+00:00","description":"Cursos de Alem\u00e1n para universidades e insititutos en Alemania. Curso de alem\u00e1n para grupos universitarios en todos los niveles.","breadcrumb":{"@id":"https:\/\/www.sprachschule-aktiv-muenchen.de\/es\/cursos-para-escuelas\/#breadcrumb"},"inLanguage":"es","potentialAction":[{"@type":"ReadAction","target":["https:\/\/www.sprachschule-aktiv-muenchen.de\/es\/cursos-para-escuelas\/"]}]},{"@type":"BreadcrumbList","@id":"https:\/\/www.sprachschule-aktiv-muenchen.de\/es\/cursos-para-escuelas\/#breadcrumb","itemListElement":[{"@type":"ListItem","position":1,"name":"Portada","item":"https:\/\/www.sprachschule-aktiv-muenchen.de\/es\/"},{"@type":"ListItem","position":2,"name":"Cursos para Escuelas"}]},{"@type":"WebSite","@id":"https:\/\/www.sprachschule-aktiv-muenchen.de\/#website","url":"https:\/\/www.sprachschule-aktiv-muenchen.de\/","name":"Sprachschule Aktiv","description":"","potentialAction":[{"@type":"SearchAction","target":{"@type":"EntryPoint","urlTemplate":"https:\/\/www.sprachschule-aktiv-muenchen.de\/?s={search_term_string}"},"query-input":{"@type":"PropertyValueSpecification","valueRequired":true,"valueName":"search_term_string"}}],"inLanguage":"es"}]}},"_links":{"self":[{"href":"https:\/\/www.sprachschule-aktiv-muenchen.de\/es\/wp-json\/wp\/v2\/pages\/18558","targetHints":{"allow":["GET"]}}],"collection":[{"href":"https:\/\/www.sprachschule-aktiv-muenchen.de\/es\/wp-json\/wp\/v2\/pages"}],"about":[{"href":"https:\/\/www.sprachschule-aktiv-muenchen.de\/es\/wp-json\/wp\/v2\/types\/page"}],"author":[{"embeddable":true,"href":"https:\/\/www.sprachschule-aktiv-muenchen.de\/es\/wp-json\/wp\/v2\/users\/2"}],"replies":[{"embeddable":true,"href":"https:\/\/www.sprachschule-aktiv-muenchen.de\/es\/wp-json\/wp\/v2\/comments?post=18558"}],"version-history":[{"count":3,"href":"https:\/\/www.sprachschule-aktiv-muenchen.de\/es\/wp-json\/wp\/v2\/pages\/18558\/revisions"}],"predecessor-version":[{"id":72929,"href":"https:\/\/www.sprachschule-aktiv-muenchen.de\/es\/wp-json\/wp\/v2\/pages\/18558\/revisions\/72929"}],"wp:attachment":[{"href":"https:\/\/www.sprachschule-aktiv-muenchen.de\/es\/wp-json\/wp\/v2\/media?parent=18558"}],"curies":[{"name":"wp","href":"https:\/\/api.w.org\/{rel}","templated":true}]}}