{"id":18552,"date":"2017-03-01T19:29:54","date_gmt":"2017-03-01T18:29:54","guid":{"rendered":"https:\/\/www.sprachschule-aktiv-muenchen.de\/?page_id=18552\/"},"modified":"2022-12-13T00:54:00","modified_gmt":"2022-12-12T23:54:00","slug":"cursos-de-aleman-en-verano-en-alemania","status":"publish","type":"page","link":"https:\/\/www.sprachschule-aktiv-muenchen.de\/es\/cursos-de-aleman-en-verano-en-alemania\/","title":{"rendered":"Cursos en verano"},"content":{"rendered":"<p>[vc_row css=&#8221;.vc_custom_1488393203573{padding-top: 30px !important;padding-bottom: 30px !important;}&#8221;][vc_column][vc_column_text]<\/p>\n<h1>Cursos de alem\u00e1n de verano en Alemania &#8211; 4 semanas a s\u00f3lo 319 \u20ac<\/h1>\n<p>Quiere aprovechar las vacaciones y de paso hacer un curso intensivo de verano en M\u00fanich? Cursos de verano en Alemania para todos los niveles. Aprender alem\u00e1n en Alemania en cursos intensivos de verano![\/vc_column_text][vc_column_text]<\/p>\n<h2>Aprender alem\u00e1n en el verano en Alemania<\/h2>\n<p>Quiere aprovechar las vacaciones y de paso hacer un curso intensivo de verano en M\u00fanich? Cursos de verano en Alemania para todos los niveles. Aprender alem\u00e1n en Alemania en cursos intensivos de verano![\/vc_column_text][\/vc_column][\/vc_row][vc_row full_width=&#8221;stretch_row&#8221; css=&#8221;.vc_custom_1488393261350{padding-top: 30px !important;padding-bottom: 30px !important;background-color: #f9f9f9 !important;}&#8221;][vc_column][vc_column_text]<\/p>\n<h2>Cursos de verano en M\u00fanich con excursiones inclu\u00eddas<\/h2>\n<p>Nuestros cursos de verano en Julio, Agosto y Septiembre son cursos divertidos y eficaces. No solo aprender\u00e1 alem\u00e1n sino tambi\u00e9n la cultura alemana y costumbres. Organizamos con nuestros alumnos tambi\u00e9n excursiones y visitas guiadas en M\u00fanich. Por supuesto nos adaptamos a sus necesidades. Podr\u00e1 tomar las clases en una de nuestras 3 escuelas en M\u00fanich: He\u00dfstra\u00dfe, Dachauerstra\u00dfe, Tegernseer Landstra\u00dfe. Curso Intensivo de Alem\u00e1n en M\u00fanich en verano.<br \/>\n[\/vc_column_text][vc_row_inner][vc_column_inner width=&#8221;1\/2&#8243;][vc_column_text]<\/p>\n<h2>Aprender alem\u00e1n en verano en M\u00fanich &#8211; Precios y fechas de inicio<\/h2>\n<p>2 cursos a escoger:<\/p>\n<h2>Curso de lunes a jueves<\/h2>\n<p><strong>Duraci\u00f3n:<\/strong> 4 semanas de lunes a jueves de 9:00 a 12:00<br \/>\n<strong>Precio:<\/strong> 319 \u20ac<br \/>\n<strong>Fechas de inicio para todos los niveles:<\/strong> El primer lunes de cada mes.<\/p>\n<a href=\"https:\/\/www.sprachschule-aktiv-muenchen.de\/es\/inscribete-cursos-aleman\/\"><img decoding=\"async\" class=\"alignnone size-full wp-image-52734\" src=\"https:\/\/www.sprachschule-aktiv-muenchen.de\/wp-content\/uploads\/2019\/11\/boton-inscribite.png\" alt=\"Inscr\u00edbete\" width=\"291\" height=\"70\" \/><\/a>\n<h2>Precios y fechas de inicio de nuestros cursos intensivos de verano:<\/h2>\n<ul>\n<li><strong>Fecha de inicio:<\/strong> Todos los lunes nuevos cursos para todos los niveles de A1 a C2<\/li>\n<li><strong>Duraci\u00f3n:<\/strong> De 1 a 4 semanas de lunes a viernes de 9:00 a 12:00<\/li>\n<li><strong>Precio:<\/strong><br \/>\n1 Semana: 199 \u20ac<br \/>\n2 Semanas: 349 \u20ac<br \/>\n3 Semanas: 411 \u20ac<br \/>\n4 Semanas: 499 \u20ac por todo el mes<\/li>\n<\/ul>\n<p>[\/vc_column_text]\t<div class=\"vc_btn3-container vc_btn3-inline\">\r\n\t\t<a href=\"\/es\/inscribete-cursos-aleman\/\" class=\"pgs_btn pgs_btn_style_1 pgs_btn_lg\">\r\n\t\t\t<span>\r\n\t\t\t\tInscr\u00edbete en los cursos de verano\t\t\t<\/span>\r\n\t\t\t\t\t<\/a>\r\n\t<\/div>\r\n\t[\/vc_column_inner][vc_column_inner width=&#8221;1\/2&#8243;][vc_single_image image=&#8221;18177&#8243; img_size=&#8221;full&#8221; style=&#8221;vc_box_outline&#8221;][\/vc_column_inner][\/vc_row_inner][\/vc_column][\/vc_row][vc_row full_width=&#8221;stretch_row&#8221; css=&#8221;.vc_custom_1488393554828{padding-top: 30px !important;padding-bottom: 30px !important;}&#8221;][vc_column][vc_column_text]Ubicaci\u00f3n de nuestra academia de idiomas de alem\u00e1n. Nuesta academia de idiomas se encuentra en la calle He\u00dfstr. 90, 80797 M\u00fcnchen.<\/p>\n<p>Aprenda alem\u00e1n en M\u00fanich &#8211; Alemania con nuestro curso intensivo de alem\u00e1n recomendado a personas que en poco tiempo quieran obtener conocimientos b\u00e1sicos del idioma alem\u00e1n.<\/p>\n<p>Cursos de alem\u00e1n de verano en M\u00fanich: Aprender alem\u00e1n en verano en M\u00fanich, una ciudad con vida e historia. Estudiar alem\u00e1n en verano con nuestros cursos intensivos de alem\u00e1n en grupo es la manera m\u00e1s r\u00e1pida y efectiva para aprender el idioma alem\u00e1n. Nuestros cursos intensivos de alem\u00e1n en Verano en M\u00fanich ser\u00e1n dados por los mejores profesores que no solo se dedicar\u00e1n a darle una clase de alem\u00e1n, sino que tambi\u00e9n de mostrarle y explicarle la cultura alemana.<\/p>\n<p>Viva y aprenda el alem\u00e1n con nosotros! Nuestros cursos de alem\u00e1n intensivos los puede tomar en una de nuestras 3 escuelas en M\u00fanich donde usted desee o mejor le convenga. Nuestras 3 escuelas de alem\u00e1n en M\u00fanich son muy c\u00e9ntricas y cercanas al metro y estaciones de autob\u00fas.<\/p>\n<p>Estudiar alem\u00e1n en Alemania con nuestros cursos intensivos es la forma m\u00e1s r\u00e1pida de aprender alem\u00e1n. Nuestros cursos intensivos de alem\u00e1n son recomendados a personas que en poco tiempo quieran obtener conocimientos b\u00e1sicos del idioma alem\u00e1n de una forma r\u00e1pida y compacta. Nuestros cursos intensivos de alem\u00e1n son para todos los niveles: principiante, intermedio o avanzado.<\/p>\n<p>Nuestra escuela de alem\u00e1n en M\u00fanich es reconocida mundialmente y nuestros certificados tambi\u00e9n. Todos nuestros alumnos reciben al final del curso de alem\u00e1n en verano, el respectivo certificado reconocido en toda Europa.<\/p>\n<p>Si desea aprender alem\u00e1n en verano en Alemania de una manera r\u00e1pida y divertida, nuestra escuela de alem\u00e1n en M\u00fanich &#8220;Sprachschule Aktiv&#8221; es el lugar indicado para usted. Nuestra escuela de alem\u00e1n es una instituci\u00f3n educativa reconocida y certificada en M\u00fanich. Al final de tus cursos de alem\u00e1n recibir\u00e1 un certificado oficial que es reconocido mundialmente. Despu\u00e9s de nuestras clases de alem\u00e1n en M\u00fanich realizamos diversas actividades con nuestros estudiantes por ejemplo, excursiones, visitas a museos, city tour en M\u00fanich, fiestas, encuentros con alemanes y mucho m\u00e1s.<\/p>\n<p>En nuestra escuela de aleman en M\u00fanich &#8220;Sprachschule Aktiv&#8221; no solo impartimos clases en alem\u00e1n, sino que tambi\u00e9n en otros idiomas como el espa\u00f1ol, el italiano, el polaco, el ruso o el chino, entre otros. Por eso, en Sprachschule Aktiv siempre le asesoraremos en su lengua materna.[\/vc_column_text][\/vc_column][\/vc_row]<\/p>\n","protected":false},"excerpt":{"rendered":"<p>[vc_row css=&#8221;.vc_custom_1488393203573{padding-top: 30px !important;padding-bottom: 30px !important;}&#8221;][vc_column][vc_column_text] Cursos de alem\u00e1n de verano en Alemania &#8211; 4 semanas a s\u00f3lo 319 \u20ac Quiere aprovechar las vacaciones y de paso hacer un curso intensivo de verano en M\u00fanich? Cursos de verano en Alemania para todos los niveles. Aprender alem\u00e1n en Alemania en cursos intensivos de verano![\/vc_column_text][vc_column_text] Aprender alem\u00e1n&hellip; <a class=\"read-more\" href=\"https:\/\/www.sprachschule-aktiv-muenchen.de\/es\/cursos-de-aleman-en-verano-en-alemania\/\" title=\"Read Cursos en verano\">Read more &raquo;<\/a><\/p>\n","protected":false},"author":2,"featured_media":0,"parent":0,"menu_order":0,"comment_status":"closed","ping_status":"closed","template":"","meta":{"footnotes":""},"class_list":["post-18552","page","type-page","status-publish","hentry"],"yoast_head":"<!-- This site is optimized with the Yoast SEO plugin v27.1.1 - https:\/\/yoast.com\/product\/yoast-seo-wordpress\/ -->\n<title>Cursos de alem\u00e1n de verano en Alemania - todos los niveles<\/title>\n<meta name=\"description\" content=\"Cursos de alem\u00e1n en verano en Alemania en la ciudad de M\u00fanich. Curso de verano intensivo - 4 semanas de clases de alem\u00e1n a s\u00f3lo 289 \u20ac.\" \/>\n<meta name=\"robots\" content=\"index, follow, max-snippet:-1, max-image-preview:large, max-video-preview:-1\" \/>\n<link rel=\"canonical\" href=\"https:\/\/www.sprachschule-aktiv-muenchen.de\/es\/cursos-de-aleman-en-verano-en-alemania\/\" \/>\n<meta property=\"og:locale\" content=\"es_ES\" \/>\n<meta property=\"og:type\" content=\"article\" \/>\n<meta property=\"og:title\" content=\"Cursos de alem\u00e1n de verano en Alemania - todos los niveles\" \/>\n<meta property=\"og:description\" content=\"Cursos de alem\u00e1n en verano en Alemania en la ciudad de M\u00fanich. Curso de verano intensivo - 4 semanas de clases de alem\u00e1n a s\u00f3lo 289 \u20ac.\" \/>\n<meta property=\"og:url\" content=\"https:\/\/www.sprachschule-aktiv-muenchen.de\/es\/cursos-de-aleman-en-verano-en-alemania\/\" \/>\n<meta property=\"og:site_name\" content=\"Sprachschule Aktiv\" \/>\n<meta property=\"article:modified_time\" content=\"2022-12-12T23:54:00+00:00\" \/>\n<meta property=\"og:image\" content=\"https:\/\/www.sprachschule-aktiv-muenchen.de\/wp-content\/uploads\/2019\/11\/boton-inscribite.png\" \/>\n<meta name=\"twitter:card\" content=\"summary_large_image\" \/>\n<meta name=\"twitter:label1\" content=\"Tiempo de lectura\" \/>\n\t<meta name=\"twitter:data1\" content=\"5 minutos\" \/>\n<script type=\"application\/ld+json\" class=\"yoast-schema-graph\">{\"@context\":\"https:\/\/schema.org\",\"@graph\":[{\"@type\":\"WebPage\",\"@id\":\"https:\/\/www.sprachschule-aktiv-muenchen.de\/es\/cursos-de-aleman-en-verano-en-alemania\/\",\"url\":\"https:\/\/www.sprachschule-aktiv-muenchen.de\/es\/cursos-de-aleman-en-verano-en-alemania\/\",\"name\":\"Cursos de alem\u00e1n de verano en Alemania - todos los niveles\",\"isPartOf\":{\"@id\":\"https:\/\/www.sprachschule-aktiv-muenchen.de\/#website\"},\"primaryImageOfPage\":{\"@id\":\"https:\/\/www.sprachschule-aktiv-muenchen.de\/es\/cursos-de-aleman-en-verano-en-alemania\/#primaryimage\"},\"image\":{\"@id\":\"https:\/\/www.sprachschule-aktiv-muenchen.de\/es\/cursos-de-aleman-en-verano-en-alemania\/#primaryimage\"},\"thumbnailUrl\":\"https:\/\/www.sprachschule-aktiv-muenchen.de\/wp-content\/uploads\/2019\/11\/boton-inscribite.png\",\"datePublished\":\"2017-03-01T18:29:54+00:00\",\"dateModified\":\"2022-12-12T23:54:00+00:00\",\"description\":\"Cursos de alem\u00e1n en verano en Alemania en la ciudad de M\u00fanich. Curso de verano intensivo - 4 semanas de clases de alem\u00e1n a s\u00f3lo 289 \u20ac.\",\"breadcrumb\":{\"@id\":\"https:\/\/www.sprachschule-aktiv-muenchen.de\/es\/cursos-de-aleman-en-verano-en-alemania\/#breadcrumb\"},\"inLanguage\":\"es\",\"potentialAction\":[{\"@type\":\"ReadAction\",\"target\":[\"https:\/\/www.sprachschule-aktiv-muenchen.de\/es\/cursos-de-aleman-en-verano-en-alemania\/\"]}]},{\"@type\":\"ImageObject\",\"inLanguage\":\"es\",\"@id\":\"https:\/\/www.sprachschule-aktiv-muenchen.de\/es\/cursos-de-aleman-en-verano-en-alemania\/#primaryimage\",\"url\":\"https:\/\/www.sprachschule-aktiv-muenchen.de\/wp-content\/uploads\/2019\/11\/boton-inscribite.png\",\"contentUrl\":\"https:\/\/www.sprachschule-aktiv-muenchen.de\/wp-content\/uploads\/2019\/11\/boton-inscribite.png\"},{\"@type\":\"BreadcrumbList\",\"@id\":\"https:\/\/www.sprachschule-aktiv-muenchen.de\/es\/cursos-de-aleman-en-verano-en-alemania\/#breadcrumb\",\"itemListElement\":[{\"@type\":\"ListItem\",\"position\":1,\"name\":\"Portada\",\"item\":\"https:\/\/www.sprachschule-aktiv-muenchen.de\/es\/\"},{\"@type\":\"ListItem\",\"position\":2,\"name\":\"Cursos en verano\"}]},{\"@type\":\"WebSite\",\"@id\":\"https:\/\/www.sprachschule-aktiv-muenchen.de\/#website\",\"url\":\"https:\/\/www.sprachschule-aktiv-muenchen.de\/\",\"name\":\"Sprachschule Aktiv\",\"description\":\"\",\"potentialAction\":[{\"@type\":\"SearchAction\",\"target\":{\"@type\":\"EntryPoint\",\"urlTemplate\":\"https:\/\/www.sprachschule-aktiv-muenchen.de\/?s={search_term_string}\"},\"query-input\":{\"@type\":\"PropertyValueSpecification\",\"valueRequired\":true,\"valueName\":\"search_term_string\"}}],\"inLanguage\":\"es\"}]}<\/script>\n<!-- \/ Yoast SEO plugin. -->","yoast_head_json":{"title":"Cursos de alem\u00e1n de verano en Alemania - todos los niveles","description":"Cursos de alem\u00e1n en verano en Alemania en la ciudad de M\u00fanich. Curso de verano intensivo - 4 semanas de clases de alem\u00e1n a s\u00f3lo 289 \u20ac.","robots":{"index":"index","follow":"follow","max-snippet":"max-snippet:-1","max-image-preview":"max-image-preview:large","max-video-preview":"max-video-preview:-1"},"canonical":"https:\/\/www.sprachschule-aktiv-muenchen.de\/es\/cursos-de-aleman-en-verano-en-alemania\/","og_locale":"es_ES","og_type":"article","og_title":"Cursos de alem\u00e1n de verano en Alemania - todos los niveles","og_description":"Cursos de alem\u00e1n en verano en Alemania en la ciudad de M\u00fanich. Curso de verano intensivo - 4 semanas de clases de alem\u00e1n a s\u00f3lo 289 \u20ac.","og_url":"https:\/\/www.sprachschule-aktiv-muenchen.de\/es\/cursos-de-aleman-en-verano-en-alemania\/","og_site_name":"Sprachschule Aktiv","article_modified_time":"2022-12-12T23:54:00+00:00","og_image":[{"url":"https:\/\/www.sprachschule-aktiv-muenchen.de\/wp-content\/uploads\/2019\/11\/boton-inscribite.png","type":"","width":"","height":""}],"twitter_card":"summary_large_image","twitter_misc":{"Tiempo de lectura":"5 minutos"},"schema":{"@context":"https:\/\/schema.org","@graph":[{"@type":"WebPage","@id":"https:\/\/www.sprachschule-aktiv-muenchen.de\/es\/cursos-de-aleman-en-verano-en-alemania\/","url":"https:\/\/www.sprachschule-aktiv-muenchen.de\/es\/cursos-de-aleman-en-verano-en-alemania\/","name":"Cursos de alem\u00e1n de verano en Alemania - todos los niveles","isPartOf":{"@id":"https:\/\/www.sprachschule-aktiv-muenchen.de\/#website"},"primaryImageOfPage":{"@id":"https:\/\/www.sprachschule-aktiv-muenchen.de\/es\/cursos-de-aleman-en-verano-en-alemania\/#primaryimage"},"image":{"@id":"https:\/\/www.sprachschule-aktiv-muenchen.de\/es\/cursos-de-aleman-en-verano-en-alemania\/#primaryimage"},"thumbnailUrl":"https:\/\/www.sprachschule-aktiv-muenchen.de\/wp-content\/uploads\/2019\/11\/boton-inscribite.png","datePublished":"2017-03-01T18:29:54+00:00","dateModified":"2022-12-12T23:54:00+00:00","description":"Cursos de alem\u00e1n en verano en Alemania en la ciudad de M\u00fanich. Curso de verano intensivo - 4 semanas de clases de alem\u00e1n a s\u00f3lo 289 \u20ac.","breadcrumb":{"@id":"https:\/\/www.sprachschule-aktiv-muenchen.de\/es\/cursos-de-aleman-en-verano-en-alemania\/#breadcrumb"},"inLanguage":"es","potentialAction":[{"@type":"ReadAction","target":["https:\/\/www.sprachschule-aktiv-muenchen.de\/es\/cursos-de-aleman-en-verano-en-alemania\/"]}]},{"@type":"ImageObject","inLanguage":"es","@id":"https:\/\/www.sprachschule-aktiv-muenchen.de\/es\/cursos-de-aleman-en-verano-en-alemania\/#primaryimage","url":"https:\/\/www.sprachschule-aktiv-muenchen.de\/wp-content\/uploads\/2019\/11\/boton-inscribite.png","contentUrl":"https:\/\/www.sprachschule-aktiv-muenchen.de\/wp-content\/uploads\/2019\/11\/boton-inscribite.png"},{"@type":"BreadcrumbList","@id":"https:\/\/www.sprachschule-aktiv-muenchen.de\/es\/cursos-de-aleman-en-verano-en-alemania\/#breadcrumb","itemListElement":[{"@type":"ListItem","position":1,"name":"Portada","item":"https:\/\/www.sprachschule-aktiv-muenchen.de\/es\/"},{"@type":"ListItem","position":2,"name":"Cursos en verano"}]},{"@type":"WebSite","@id":"https:\/\/www.sprachschule-aktiv-muenchen.de\/#website","url":"https:\/\/www.sprachschule-aktiv-muenchen.de\/","name":"Sprachschule Aktiv","description":"","potentialAction":[{"@type":"SearchAction","target":{"@type":"EntryPoint","urlTemplate":"https:\/\/www.sprachschule-aktiv-muenchen.de\/?s={search_term_string}"},"query-input":{"@type":"PropertyValueSpecification","valueRequired":true,"valueName":"search_term_string"}}],"inLanguage":"es"}]}},"_links":{"self":[{"href":"https:\/\/www.sprachschule-aktiv-muenchen.de\/es\/wp-json\/wp\/v2\/pages\/18552","targetHints":{"allow":["GET"]}}],"collection":[{"href":"https:\/\/www.sprachschule-aktiv-muenchen.de\/es\/wp-json\/wp\/v2\/pages"}],"about":[{"href":"https:\/\/www.sprachschule-aktiv-muenchen.de\/es\/wp-json\/wp\/v2\/types\/page"}],"author":[{"embeddable":true,"href":"https:\/\/www.sprachschule-aktiv-muenchen.de\/es\/wp-json\/wp\/v2\/users\/2"}],"replies":[{"embeddable":true,"href":"https:\/\/www.sprachschule-aktiv-muenchen.de\/es\/wp-json\/wp\/v2\/comments?post=18552"}],"version-history":[{"count":5,"href":"https:\/\/www.sprachschule-aktiv-muenchen.de\/es\/wp-json\/wp\/v2\/pages\/18552\/revisions"}],"predecessor-version":[{"id":72411,"href":"https:\/\/www.sprachschule-aktiv-muenchen.de\/es\/wp-json\/wp\/v2\/pages\/18552\/revisions\/72411"}],"wp:attachment":[{"href":"https:\/\/www.sprachschule-aktiv-muenchen.de\/es\/wp-json\/wp\/v2\/media?parent=18552"}],"curies":[{"name":"wp","href":"https:\/\/api.w.org\/{rel}","templated":true}]}}