{"id":18547,"date":"2017-03-01T15:27:15","date_gmt":"2017-03-01T14:27:15","guid":{"rendered":"https:\/\/www.sprachschule-aktiv-muenchen.de\/?page_id=18547\/"},"modified":"2018-01-11T18:19:22","modified_gmt":"2018-01-11T17:19:22","slug":"practicas-alemania-y-curso-de-aleman","status":"publish","type":"page","link":"https:\/\/www.sprachschule-aktiv-muenchen.de\/es\/practicas-alemania-y-curso-de-aleman\/","title":{"rendered":"Pr\u00e1cticas y curso de alem\u00e1n"},"content":{"rendered":"<p>[vc_row css=&#8221;.vc_custom_1488378604406{padding-top: 30px !important;padding-bottom: 30px !important;}&#8221;][vc_column][vc_column_text]<\/p>\n<h1>\u00bfBuscas una pr\u00e1ctica en Alemania?<\/h1>\n<p>Ten encuenta que para la b\u00fasqueda de tu pr\u00e1ctica necesitas al menos un nivel intermedio de alem\u00e1n. Sin saber nada de alem\u00e1n es muy d\u00edficil poder ayudarte a conseguir la pasant\u00eda deseada. El curso de alem\u00e1n lo puedes hacer en tu pa\u00eds o mejor en Alemania. Te recomendamos hacer un curso intensivo de alem\u00e1n para que as\u00ed aprendas muy r\u00e1pido el idioma y para poder comenzar con la b\u00fasqueda de tu pr\u00e1ctica lo antes posible.[\/vc_column_text][\/vc_column][\/vc_row][vc_row full_width=&#8221;stretch_row&#8221; css=&#8221;.vc_custom_1488378858097{padding-top: 30px !important;padding-bottom: 30px !important;background-color: #f9f9f9 !important;}&#8221;][vc_column][vc_column_text]<\/p>\n<h2>\u00bfBuscas un voluntariado en M\u00fanich y quieres aprender alem\u00e1n?<\/h2>\n<p>Pr\u00e1cticas en Alemania: Voluntariado M\u00fanich,\u00a0Berl\u00edn, Hamburgo, D\u00fcsseldorf, Augsburg, Regensburg, Frankfurt, N\u00fcrnberg, etc.<strong>\u00a0<\/strong>Becario, estudiante, beca, universitario\u2026 son conceptos familiares para muchas personas. Siempre hay un per\u00edodo en la vida de cada uno en el que se encuentra terminando su formaci\u00f3n Universitaria \u00f3 Profesional a la par que se est\u00e1 a las puertas de la inserci\u00f3n laboral y la b\u00fasqueda de empleo. En \u00e9poca de estudiantes, siempre existe una fase por la cual todo el mundo pasa, \u00a1\u00a1el Per\u00edodo de pr\u00e1cticas!!. Esa etapa de formaci\u00f3n por la cual muchas empresas abren sus puertas a j\u00f3venes estudiantes con el fin dar oportunidades de trabajo y as\u00ed enriquecer su formaci\u00f3n. Hay estudiantes que optan por quedarse en su pa\u00eds de residencia o ciudad natal, muchos otros eligen abandonar el pa\u00eds en la b\u00fasqueda de nuevas experiencias. Es el caso de Alemania, que ha demostrado ser uno de los pa\u00edses con mayor oferta trabajo y\/o experiencia laboral en los \u00faltimos a\u00f1os.<\/p>\n<p>Es por eso, que en Sprachschule Aktiv conocemos todos esos sentimientos y sabemos adaptarnos a las necesidades de cada una de las personas. Todos hemos pasado por lo mismo. Normalmente, la gente se suele cuestionar el \u201cPorqu\u00e9 de las cosas\u201d. Desde aqu\u00ed queremos hacer un llamamiento al \u00bfY POR QU\u00c9 NO?<\/p>\n<p>Lo primero que tenemos que saber para comenzar con la b\u00fasqueda de tu pr\u00e1ctica es el tiempo que quieres realizar la pasant\u00eda es decir las fechas exactas de comienzo a fin.<br \/>\nDespu\u00e9s de esto te pedimos que nos envies tu CV si puedes en alem\u00e1n o por lo menos en ingl\u00e9s. Despu\u00e9s de analizar que pr\u00e1ctica quieres realizar en M\u00fanich contactaremos a las empresas y enviaremos a estas tu CV.[\/vc_column_text][\/vc_column][\/vc_row][vc_row css=&#8221;.vc_custom_1488378766169{padding-top: 30px !important;padding-bottom: 30px !important;}&#8221;][vc_column width=&#8221;1\/2&#8243;][vc_column_text]<\/p>\n<h2>\u00bfY una pr\u00e1ctica en nuestra academia de idiomas en M\u00fanich? \u00a1Atr\u00e9vete!<\/h2>\n<p>\u00bfTienes ganas de empezar una nueva aventura? \u00bfQuieres realizar unas pr\u00e1cticas como docente de idiomas o en el \u00e1mbito de marketing?\u00bfTe interesa vivir nuevas experiencias? \u00bfAprender y practicar un nuevo idioma? \u00bfTrabajar con personas que han pasado por la misma situaci\u00f3n que t\u00fa? \u00a1\u00a1\u00a1Sprachschule Aktiv M\u00fanich, es tu lugar!!!<\/p>\n<p>Tan solo tendr\u00e1s que rellenar una encuesta en el que nos hablar\u00e1s un poco de ti y durante qu\u00e9 fechas tienes pensado venir. La encontrar\u00e1s aqu\u00ed, en nuestra p\u00e1gina web.[\/vc_column_text][\/vc_column][vc_column width=&#8221;1\/2&#8243;][vc_single_image image=&#8221;18427&#8243; img_size=&#8221;full&#8221; style=&#8221;vc_box_outline&#8221;][\/vc_column][\/vc_row][vc_row full_width=&#8221;stretch_row&#8221; css=&#8221;.vc_custom_1488378871375{padding-top: 30px !important;padding-bottom: 30px !important;background-color: #f9f9f9 !important;}&#8221;][vc_column][vc_column_text]<\/p>\n<h2>Ofrecemos pr\u00e1cticas de 1 un mes como m\u00ednimo y m\u00e1ximo 3 meses, 40 o 20 horas a la semana. Horarios de:<\/h2>\n<p>Solo Pr\u00e1cticas sin curso de alem\u00e1n. De lunes a viernes de 08:00 &#8211; 16:00.<\/p>\n<p>Pr\u00e1cticas y curso de alem\u00e1n:<br \/>\nCurso de alem\u00e1n de 9:00 a 12:00<br \/>\nPractica horario de 12:30 a 16:30<\/p>\n<p>Aunque tus pr\u00e1cticas se centren en un solo \u00e1rea, en Sprachschule Aktiv aprender\u00e1s de todo: \u201cTraducci\u00f3n \u2014 Marketing Online \u2014 Estrategias de Marketing \u2014 SEO \u2014 Ense\u00f1anza Dise\u00f1o Web \u2014 Redes Sociales Media \u2014 Medio Audiovisual \u2014 Trabajo de Oficina\u201d<\/p>\n<p>Aunque nuestras pr\u00e1cticas no son remuneradas, ofrecemos otro tipo de beneficios como viajes, excursiones, o eventos que realicemos con nuestros alumnos. Personalmente no podemos ofrecer acomodaci\u00f3n, pero te asesoraremos de la mejor manera posible. Conocer\u00e1s lo que es trabajar en una empresa de manera cooperativa y trabajadora. Somos muy cercanos adorar\u00e1s trabajar con nosotros. Tan solo te pedimos una cosa, \u00a1\u00a1GANAS de TRABAJAR y APRENDER!!<\/p>\n<p>\u00a1Y listo!<\/p>\n<h2>Curso de alem\u00e1n con pr\u00e1cticas en M\u00fanich<\/h2>\n<p>Curso de alem\u00e1n y pr\u00e1cticas en M\u00fanich \u2013 \u00a1Inf\u00f3rmese ahora! \u00bfLe gustar\u00eda realizar pr\u00e1cticas en M\u00fanich? En Sprachschule Aktiv usted puede aprender alem\u00e1n al mismo tiempor que realiza pr\u00e1cticas en M\u00fanich. Combine su curso de alem\u00e1n con pr\u00e1cticas laborales.[\/vc_column_text][\/vc_column][\/vc_row][vc_row full_width=&#8221;stretch_row&#8221; css=&#8221;.vc_custom_1488379035153{padding-top: 30px !important;padding-bottom: 30px !important;}&#8221;][vc_column width=&#8221;1\/2&#8243;][vc_single_image image=&#8221;18066&#8243; img_size=&#8221;full&#8221; style=&#8221;vc_box_outline&#8221;][\/vc_column][vc_column width=&#8221;1\/2&#8243;][vc_column_text]<\/p>\n<h2>\u0421urso de alem\u00e1n con pr\u00e1cticas laborales en M\u00fanich \u2013 Mediaci\u00f3n para pr\u00e1cticas en M\u00fanich<\/h2>\n<p>En Sprachschule Aktiv ofrecemos plazas de pr\u00e1cticas laborales como profesor de idiomas y en tareas administrativas. Puede realizar las pr\u00e1cticas laborales con nosotros o intermediamos para encontrarle una plaza en empresas y compa\u00f1\u00edas externas de diferentes ramos, como turismo, publicidad, IT, econom\u00eda, administraci\u00f3n, etc.<\/p>\n<h2>Pr\u00e1cticas \u2013 Tareas, requisitos, precios y descripci\u00f3n<\/h2>\n<ul>\n<li>1 Curso intensivo de alem\u00e1n + pr\u00e1cticas<\/li>\n<li>El\u00a0 requisito para la mediaci\u00f3n en la b\u00fasqueda de pr\u00e1cticas es la asistencia a un curso de alem\u00e1n durante al menos cuatro semanas en nuestra academia. Cursos intensivos de alem\u00e1n de todos los niveles \u2013 20 lecciones por semana.<\/li>\n<\/ul>\n<p>[\/vc_column_text][\/vc_column][\/vc_row][vc_row full_width=&#8221;stretch_row&#8221; equal_height=&#8221;yes&#8221; content_placement=&#8221;middle&#8221; el_class=&#8221;action-box m-b-none theme-bg-color&#8221; css=&#8221;.vc_custom_1487762904994{padding-top: 25px !important;padding-bottom: 30px !important;}&#8221;][vc_column width=&#8221;2\/3&#8243;][vc_column_text]<\/p>\n<h3 class=\"text-white\">\u00bfQui\u00e9res estudiar alem\u00e1n en M\u00fanich?<\/h3>\n<p class=\"text-white\">Contacta con nosotros y aprende alem\u00e1n en M\u00fanich. Cursos para todos los niveles.<\/p>\n<p>[\/vc_column_text][\/vc_column][vc_column width=&#8221;1\/3&#8243; el_class=&#8221;text-right&#8221;]\t<div class=\"vc_btn3-container vc_btn3-inline\">\r\n\t\t<a href=\"\/es\/inscribete-cursos-aleman\/\" class=\"pgs_btn pgs_btn_style_3 pgs_btn_xl\">\r\n\t\t\t<span>\r\n\t\t\t\tInscr\u00edbete y aprende alem\u00e1n \t\t\t<\/span>\r\n\t\t\t\t\t\t<i class=\"fa fa-chevron-right\"><\/i>\r\n\t\t\t\t\t<\/a>\r\n\t<\/div>\r\n\t[\/vc_column][\/vc_row]<\/p>\n","protected":false},"excerpt":{"rendered":"<p>[vc_row css=&#8221;.vc_custom_1488378604406{padding-top: 30px !important;padding-bottom: 30px !important;}&#8221;][vc_column][vc_column_text] \u00bfBuscas una pr\u00e1ctica en Alemania? Ten encuenta que para la b\u00fasqueda de tu pr\u00e1ctica necesitas al menos un nivel intermedio de alem\u00e1n. Sin saber nada de alem\u00e1n es muy d\u00edficil poder ayudarte a conseguir la pasant\u00eda deseada. El curso de alem\u00e1n lo puedes hacer en tu pa\u00eds o mejor&hellip; <a class=\"read-more\" href=\"https:\/\/www.sprachschule-aktiv-muenchen.de\/es\/practicas-alemania-y-curso-de-aleman\/\" title=\"Read Pr\u00e1cticas y curso de alem\u00e1n\">Read more &raquo;<\/a><\/p>\n","protected":false},"author":2,"featured_media":0,"parent":0,"menu_order":0,"comment_status":"closed","ping_status":"closed","template":"","meta":{"footnotes":""},"class_list":["post-18547","page","type-page","status-publish","hentry"],"yoast_head":"<!-- This site is optimized with the Yoast SEO plugin v27.1.1 - https:\/\/yoast.com\/product\/yoast-seo-wordpress\/ -->\n<title>Pr\u00e1cticas en Alemania: Voluntariado M\u00fanich, Berl\u00edn, Hamburgo<\/title>\n<meta name=\"description\" content=\"Te gustar\u00eda hacer una pr\u00e1ctica o voluntariado en Alemania? Pr\u00e1cticas en M\u00fanich, Berl\u00edn, Hamburgo, Frankfurt, Nuremberg, Ingolstadt\" \/>\n<meta name=\"robots\" content=\"index, follow, max-snippet:-1, max-image-preview:large, max-video-preview:-1\" \/>\n<link rel=\"canonical\" href=\"https:\/\/www.sprachschule-aktiv-muenchen.de\/es\/practicas-alemania-y-curso-de-aleman\/\" \/>\n<meta property=\"og:locale\" content=\"es_ES\" \/>\n<meta property=\"og:type\" content=\"article\" \/>\n<meta property=\"og:title\" content=\"Pr\u00e1cticas en Alemania: Voluntariado M\u00fanich, Berl\u00edn, Hamburgo\" \/>\n<meta property=\"og:description\" content=\"Te gustar\u00eda hacer una pr\u00e1ctica o voluntariado en Alemania? Pr\u00e1cticas en M\u00fanich, Berl\u00edn, Hamburgo, Frankfurt, Nuremberg, Ingolstadt\" \/>\n<meta property=\"og:url\" content=\"https:\/\/www.sprachschule-aktiv-muenchen.de\/es\/practicas-alemania-y-curso-de-aleman\/\" \/>\n<meta property=\"og:site_name\" content=\"Sprachschule Aktiv\" \/>\n<meta property=\"article:modified_time\" content=\"2018-01-11T17:19:22+00:00\" \/>\n<meta name=\"twitter:card\" content=\"summary_large_image\" \/>\n<meta name=\"twitter:label1\" content=\"Tiempo de lectura\" \/>\n\t<meta name=\"twitter:data1\" content=\"6 minutos\" \/>\n<script type=\"application\/ld+json\" class=\"yoast-schema-graph\">{\"@context\":\"https:\/\/schema.org\",\"@graph\":[{\"@type\":\"WebPage\",\"@id\":\"https:\/\/www.sprachschule-aktiv-muenchen.de\/es\/practicas-alemania-y-curso-de-aleman\/\",\"url\":\"https:\/\/www.sprachschule-aktiv-muenchen.de\/es\/practicas-alemania-y-curso-de-aleman\/\",\"name\":\"Pr\u00e1cticas en Alemania: Voluntariado M\u00fanich, Berl\u00edn, Hamburgo\",\"isPartOf\":{\"@id\":\"https:\/\/www.sprachschule-aktiv-muenchen.de\/#website\"},\"datePublished\":\"2017-03-01T14:27:15+00:00\",\"dateModified\":\"2018-01-11T17:19:22+00:00\",\"description\":\"Te gustar\u00eda hacer una pr\u00e1ctica o voluntariado en Alemania? Pr\u00e1cticas en M\u00fanich, Berl\u00edn, Hamburgo, Frankfurt, Nuremberg, Ingolstadt\",\"breadcrumb\":{\"@id\":\"https:\/\/www.sprachschule-aktiv-muenchen.de\/es\/practicas-alemania-y-curso-de-aleman\/#breadcrumb\"},\"inLanguage\":\"es\",\"potentialAction\":[{\"@type\":\"ReadAction\",\"target\":[\"https:\/\/www.sprachschule-aktiv-muenchen.de\/es\/practicas-alemania-y-curso-de-aleman\/\"]}]},{\"@type\":\"BreadcrumbList\",\"@id\":\"https:\/\/www.sprachschule-aktiv-muenchen.de\/es\/practicas-alemania-y-curso-de-aleman\/#breadcrumb\",\"itemListElement\":[{\"@type\":\"ListItem\",\"position\":1,\"name\":\"Portada\",\"item\":\"https:\/\/www.sprachschule-aktiv-muenchen.de\/es\/\"},{\"@type\":\"ListItem\",\"position\":2,\"name\":\"Pr\u00e1cticas y curso de alem\u00e1n\"}]},{\"@type\":\"WebSite\",\"@id\":\"https:\/\/www.sprachschule-aktiv-muenchen.de\/#website\",\"url\":\"https:\/\/www.sprachschule-aktiv-muenchen.de\/\",\"name\":\"Sprachschule Aktiv\",\"description\":\"\",\"potentialAction\":[{\"@type\":\"SearchAction\",\"target\":{\"@type\":\"EntryPoint\",\"urlTemplate\":\"https:\/\/www.sprachschule-aktiv-muenchen.de\/?s={search_term_string}\"},\"query-input\":{\"@type\":\"PropertyValueSpecification\",\"valueRequired\":true,\"valueName\":\"search_term_string\"}}],\"inLanguage\":\"es\"}]}<\/script>\n<!-- \/ Yoast SEO plugin. -->","yoast_head_json":{"title":"Pr\u00e1cticas en Alemania: Voluntariado M\u00fanich, Berl\u00edn, Hamburgo","description":"Te gustar\u00eda hacer una pr\u00e1ctica o voluntariado en Alemania? Pr\u00e1cticas en M\u00fanich, Berl\u00edn, Hamburgo, Frankfurt, Nuremberg, Ingolstadt","robots":{"index":"index","follow":"follow","max-snippet":"max-snippet:-1","max-image-preview":"max-image-preview:large","max-video-preview":"max-video-preview:-1"},"canonical":"https:\/\/www.sprachschule-aktiv-muenchen.de\/es\/practicas-alemania-y-curso-de-aleman\/","og_locale":"es_ES","og_type":"article","og_title":"Pr\u00e1cticas en Alemania: Voluntariado M\u00fanich, Berl\u00edn, Hamburgo","og_description":"Te gustar\u00eda hacer una pr\u00e1ctica o voluntariado en Alemania? Pr\u00e1cticas en M\u00fanich, Berl\u00edn, Hamburgo, Frankfurt, Nuremberg, Ingolstadt","og_url":"https:\/\/www.sprachschule-aktiv-muenchen.de\/es\/practicas-alemania-y-curso-de-aleman\/","og_site_name":"Sprachschule Aktiv","article_modified_time":"2018-01-11T17:19:22+00:00","twitter_card":"summary_large_image","twitter_misc":{"Tiempo de lectura":"6 minutos"},"schema":{"@context":"https:\/\/schema.org","@graph":[{"@type":"WebPage","@id":"https:\/\/www.sprachschule-aktiv-muenchen.de\/es\/practicas-alemania-y-curso-de-aleman\/","url":"https:\/\/www.sprachschule-aktiv-muenchen.de\/es\/practicas-alemania-y-curso-de-aleman\/","name":"Pr\u00e1cticas en Alemania: Voluntariado M\u00fanich, Berl\u00edn, Hamburgo","isPartOf":{"@id":"https:\/\/www.sprachschule-aktiv-muenchen.de\/#website"},"datePublished":"2017-03-01T14:27:15+00:00","dateModified":"2018-01-11T17:19:22+00:00","description":"Te gustar\u00eda hacer una pr\u00e1ctica o voluntariado en Alemania? Pr\u00e1cticas en M\u00fanich, Berl\u00edn, Hamburgo, Frankfurt, Nuremberg, Ingolstadt","breadcrumb":{"@id":"https:\/\/www.sprachschule-aktiv-muenchen.de\/es\/practicas-alemania-y-curso-de-aleman\/#breadcrumb"},"inLanguage":"es","potentialAction":[{"@type":"ReadAction","target":["https:\/\/www.sprachschule-aktiv-muenchen.de\/es\/practicas-alemania-y-curso-de-aleman\/"]}]},{"@type":"BreadcrumbList","@id":"https:\/\/www.sprachschule-aktiv-muenchen.de\/es\/practicas-alemania-y-curso-de-aleman\/#breadcrumb","itemListElement":[{"@type":"ListItem","position":1,"name":"Portada","item":"https:\/\/www.sprachschule-aktiv-muenchen.de\/es\/"},{"@type":"ListItem","position":2,"name":"Pr\u00e1cticas y curso de alem\u00e1n"}]},{"@type":"WebSite","@id":"https:\/\/www.sprachschule-aktiv-muenchen.de\/#website","url":"https:\/\/www.sprachschule-aktiv-muenchen.de\/","name":"Sprachschule Aktiv","description":"","potentialAction":[{"@type":"SearchAction","target":{"@type":"EntryPoint","urlTemplate":"https:\/\/www.sprachschule-aktiv-muenchen.de\/?s={search_term_string}"},"query-input":{"@type":"PropertyValueSpecification","valueRequired":true,"valueName":"search_term_string"}}],"inLanguage":"es"}]}},"_links":{"self":[{"href":"https:\/\/www.sprachschule-aktiv-muenchen.de\/es\/wp-json\/wp\/v2\/pages\/18547","targetHints":{"allow":["GET"]}}],"collection":[{"href":"https:\/\/www.sprachschule-aktiv-muenchen.de\/es\/wp-json\/wp\/v2\/pages"}],"about":[{"href":"https:\/\/www.sprachschule-aktiv-muenchen.de\/es\/wp-json\/wp\/v2\/types\/page"}],"author":[{"embeddable":true,"href":"https:\/\/www.sprachschule-aktiv-muenchen.de\/es\/wp-json\/wp\/v2\/users\/2"}],"replies":[{"embeddable":true,"href":"https:\/\/www.sprachschule-aktiv-muenchen.de\/es\/wp-json\/wp\/v2\/comments?post=18547"}],"version-history":[{"count":0,"href":"https:\/\/www.sprachschule-aktiv-muenchen.de\/es\/wp-json\/wp\/v2\/pages\/18547\/revisions"}],"wp:attachment":[{"href":"https:\/\/www.sprachschule-aktiv-muenchen.de\/es\/wp-json\/wp\/v2\/media?parent=18547"}],"curies":[{"name":"wp","href":"https:\/\/api.w.org\/{rel}","templated":true}]}}