{"id":18418,"date":"2017-02-28T21:56:49","date_gmt":"2017-02-28T20:56:49","guid":{"rendered":"https:\/\/www.sprachschule-aktiv-muenchen.de\/?page_id=18418\/"},"modified":"2022-12-29T12:12:24","modified_gmt":"2022-12-29T11:12:24","slug":"cursos-de-aleman-semanales","status":"publish","type":"page","link":"https:\/\/www.sprachschule-aktiv-muenchen.de\/es\/cursos-de-aleman-semanales\/","title":{"rendered":"Cursos semanales"},"content":{"rendered":"<p>[vc_row css=&#8221;.vc_custom_1488315443188{padding-top: 30px !important;padding-bottom: 30px !important;}&#8221;][vc_column width=&#8221;1\/2&#8243;][vc_column_text]<\/p>\n<h1>Cursos semanales de alem\u00e1n en M\u00fanich<\/h1>\n<a href=\"https:\/\/www.sprachschule-aktiv-muenchen.de\/es\/contacto-ubicacion\/\"><img decoding=\"async\" class=\"alignnone size-full wp-image-52710\" src=\"https:\/\/www.sprachschule-aktiv-muenchen.de\/wp-content\/uploads\/2019\/11\/boton-contactanos.png\" alt=\"Cont\u00e1ctanos\" width=\"291\" height=\"70\" \/><\/a>\n<p>Cursos semanales de alem\u00e1n en M\u00fanich para todos los niveles A1, A2, B1, B2, C1 y C2. Si desea aprender alem\u00e1n de forma r\u00e1pida y divertida pero no tiene mucho tiempo a la semana para dedicarle a sus clases, entonces \u00a1este es el curso perfecto para usted! Aprenda a su propio ritmo en un curso grupal en nuestra academia Sprachschule Aktiv.[\/vc_column_text]\t<div class=\"vc_btn3-container vc_btn3-inline\">\r\n\t\t<a href=\"\/es\/inscribete-cursos-aleman\/\" class=\"pgs_btn pgs_btn_style_1 pgs_btn_lg\">\r\n\t\t\t<span>\r\n\t\t\t\tInscr\u00edbete en nuestros cursos en grupo\t\t\t<\/span>\r\n\t\t\t\t\t<\/a>\r\n\t<\/div>\r\n\t[\/vc_column][vc_column width=&#8221;1\/2&#8243;][vc_single_image image=&#8221;18427&#8243; img_size=&#8221;full&#8221; style=&#8221;vc_box_outline&#8221;][\/vc_column][\/vc_row][vc_row full_width=&#8221;stretch_row&#8221; css=&#8221;.vc_custom_1488315497604{padding-top: 30px !important;padding-bottom: 30px !important;background-color: #f9f9f9 !important;}&#8221;][vc_column][vc_column_text]<\/p>\n<h2>Cursos semanales por las tardes &#8211; una vez por semana<\/h2>\n<ul>\n<li><strong>Duraci\u00f3n:<\/strong> 12 semanas. La clase se realiza una vez por semana con una duraci\u00f3n de 90 Min.<\/li>\n<li><strong>Precio:<\/strong> 279 \u20ac<\/li>\n<\/ul>\n<h2>Curso semanal &#8211; dos veces por semana<\/h2>\n<ul>\n<li><strong>Duraci\u00f3n:<\/strong> 6 semanas. La clase de alem\u00e1n se realiza dos veces por semana con una duraci\u00f3n de 90 Min. por clase.<\/li>\n<li><strong>Precio:<\/strong> 279 \u20ac<\/li>\n<\/ul>\n<h2>FECHAS DE INICIO \/ Niveles A1\/A2\/B1\/B2\/C1\/C2<\/h2>\n<p><a href=\"https:\/\/www.sprachschule-aktiv-muenchen.de\/deutsch-abendkurs\/\">LAS FECHAS ACTUALES LAS ENCUENTRAS EN ESTE ENLACE<\/a><\/p>\n<p>Aprenda alem\u00e1n en M\u00fanich &#8211; Alemania y mejore su perspectivas laborales y\/o personales. El idioma alem\u00e1n es uno de los idiomas m\u00e1s importantes de la comunidad europea. Cursos semanales de alem\u00e1n en grupos peque\u00f1os.[\/vc_column_text][\/vc_column][\/vc_row][vc_row full_width=&#8221;stretch_row&#8221; css=&#8221;.vc_custom_1488316246232{padding-top: 30px !important;padding-bottom: 30px !important;}&#8221;][vc_column][vc_column_text]<\/p>\n<h2>Cursos de alem\u00e1n en grupo para principiantes Nivel A1 y A2<\/h2>\n<p>[\/vc_column_text][vc_row_inner][vc_column_inner width=&#8221;1\/2&#8243;][vc_video link=&#8221;https:\/\/youtu.be\/wE4DnMj1Gwo&#8221;][\/vc_column_inner][vc_column_inner width=&#8221;1\/2&#8243;][vc_column_text]Curso de alem\u00e1n. Curso grupal de alem\u00e1n en M\u00fanich. Recomendado a participantes que en poco tiempo quieran obtener o mejorar el idioma alem\u00e1n. A trav\u00e9s de situaciones reales y cotidianas con ejemplos de la vida real trataremos de alcanzar los objetivos deseados. Fechas de Inicio de nuestros cursos semanales de alem\u00e1n en M\u00fanich en el cuadro superior. Entre Lunes y Miercoles o Martes y Jueves<\/p>\n<p>Duraci\u00f3n:<br \/>\nDesde 4 alumnos son 24 horas acad\u00e9micas en 6 semanas (c\/h \u00e1 45 Min.)<br \/>\nCon 3 alumnos son 20 horas acad\u00e9micas en 5 semanas (c\/h \u00e1 45 Min.)<br \/>\nCon 2 alumnos son 16 horas acad\u00e9micas en 4 semanas (c\/h \u00e1 45 Min.)<\/p>\n<p>Cada clase dura 90 Minutos.<\/p>\n<p>Precio : 279\u20ac[\/vc_column_text][\/vc_column_inner][\/vc_row_inner][\/vc_column][\/vc_row][vc_row full_width=&#8221;stretch_row&#8221; css=&#8221;.vc_custom_1488365629925{padding-top: 30px !important;padding-bottom: 30px !important;background-color: #f9f9f9 !important;}&#8221;][vc_column][vc_column_text]<\/p>\n<h2>Tambi\u00e9n ofrecemos cursos de alem\u00e1n para nivel intermedio B1 y B2, y nivel avanzado C1 y C2<\/h2>\n<p>En nuestras escuelas de alem\u00e1n le ofrecemos diversos cursos de alem\u00e1n. Si desea puede primero hacer una clase de prueba gratuita en nuestros institutos de alem\u00e1n. Aparte de aprender el alem\u00e1n organizamos diversas actividades para que nuestros estudiantes conozcan la cultura alemana y entren en contacto con alemanes.<\/p>\n<p>En nuestras escuelas no solo ofrecemos alem\u00e1n sino tambi\u00e9n muchos idiomas m\u00e1s como el ingl\u00e9s o el castellano. Por eso encontrar\u00e1 siempre la ayuda de compatriotas para cualquier problema que le pueda surgir. Nuestra escuela es reconocida mundialmente y nuestros certificados tambi\u00e9n. Todos nuestros alumnos reciben al final del curso de alem\u00e1n el respectivo certificado que es reconocido en toda Europa.<\/p>\n<p>Aprenda alem\u00e1n en clases grupales en M\u00fanich, una ciudad con vida e historia. Estudiar alem\u00e1n con nuestros cursos de alem\u00e1n en grupo es la manera m\u00e1s agradable y efectiva para aprender el idioma alem\u00e1n. No solo aprender\u00e1 el alem\u00e1n sino que conocer\u00e1 gente de todo el mundo. Nuestros cursos de alem\u00e1n en M\u00fanich ser\u00e1n dictados por los mejores profesores que no solo se dedicar\u00e1n a darle una clase de alem\u00e1n, sino que tambi\u00e9n de mostrarle y explicarle la cultura alemana.<\/p>\n<p>Viva y aprenda el alem\u00e1n con nosotros!<\/p>\n<p>Nuestros cursos de alem\u00e1n los puede tomar en una de nuestras 3 escuelas en M\u00fanich, donde usted desee o mejor le convenga. Nuestras 3 escuelas de alem\u00e1n en M\u00fanich son c\u00e9ntricas, cerca del metro y estaciones de autob\u00fas.<\/p>\n<p>Estudiar alem\u00e1n en Alemania con nuestras cursos en grupo una vez por semana es ideal para personas que trabajan o que tienen otras actividades durante el d\u00eda y no tienen el tiempo suficiente para aprender alem\u00e1n de una manera m\u00e1s intensiva. Nuestros cursos en grupo de alem\u00e1n son para todos los niveles: principiante, intermedio o avanzado.<\/p>\n<p>Aprenda alem\u00e1n en M\u00fanich con nuestros cursos semanales. Cursos de alem\u00e1n en M\u00fanich con los mejores profesores. Vive el alem\u00e1n solo en grupos peque\u00f1os. Estos cursos son especiales para personas que trabajan y no tienen mucho tiempo durante la semana para aprender el idioma alem\u00e1n. Nuestros cursos de alem\u00e1n los puede realizar en una de nuestras 3 escuelas en M\u00fanich. Conozca nuestra escuela de alem\u00e1n y nuestras actividades.[\/vc_column_text][\/vc_column][\/vc_row]<\/p>\n","protected":false},"excerpt":{"rendered":"<p>[vc_row css=&#8221;.vc_custom_1488315443188{padding-top: 30px !important;padding-bottom: 30px !important;}&#8221;][vc_column width=&#8221;1\/2&#8243;][vc_column_text] Cursos semanales de alem\u00e1n en M\u00fanich Cursos semanales de alem\u00e1n en M\u00fanich para todos los niveles A1, A2, B1, B2, C1 y C2. Si desea aprender alem\u00e1n de forma r\u00e1pida y divertida pero no tiene mucho tiempo a la semana para dedicarle a sus clases, entonces \u00a1este es&hellip; <a class=\"read-more\" href=\"https:\/\/www.sprachschule-aktiv-muenchen.de\/es\/cursos-de-aleman-semanales\/\" title=\"Read Cursos semanales\">Read more &raquo;<\/a><\/p>\n","protected":false},"author":2,"featured_media":0,"parent":0,"menu_order":0,"comment_status":"closed","ping_status":"closed","template":"","meta":{"footnotes":""},"class_list":["post-18418","page","type-page","status-publish","hentry"],"yoast_head":"<!-- This site is optimized with the Yoast SEO plugin v27.1.1 - https:\/\/yoast.com\/product\/yoast-seo-wordpress\/ -->\n<title>Cursos semanales de alem\u00e1n en M\u00fanich<\/title>\n<meta name=\"description\" content=\"Cursos semanales de alem\u00e1n en M\u00fanich para todos los niveles de A1 hasta C2. Aprender alem\u00e1n en la Escuela de alem\u00e1n en M\u00fanich te encantar\u00e1.\" \/>\n<meta name=\"robots\" content=\"index, follow, max-snippet:-1, max-image-preview:large, max-video-preview:-1\" \/>\n<link rel=\"canonical\" href=\"https:\/\/www.sprachschule-aktiv-muenchen.de\/es\/cursos-de-aleman-semanales\/\" \/>\n<meta property=\"og:locale\" content=\"es_ES\" \/>\n<meta property=\"og:type\" content=\"article\" \/>\n<meta property=\"og:title\" content=\"Cursos semanales de alem\u00e1n en M\u00fanich\" \/>\n<meta property=\"og:description\" content=\"Cursos semanales de alem\u00e1n en M\u00fanich para todos los niveles de A1 hasta C2. Aprender alem\u00e1n en la Escuela de alem\u00e1n en M\u00fanich te encantar\u00e1.\" \/>\n<meta property=\"og:url\" content=\"https:\/\/www.sprachschule-aktiv-muenchen.de\/es\/cursos-de-aleman-semanales\/\" \/>\n<meta property=\"og:site_name\" content=\"Sprachschule Aktiv\" \/>\n<meta property=\"article:modified_time\" content=\"2022-12-29T11:12:24+00:00\" \/>\n<meta property=\"og:image\" content=\"https:\/\/www.sprachschule-aktiv-muenchen.de\/wp-content\/uploads\/2019\/11\/boton-contactanos.png\" \/>\n<meta name=\"twitter:card\" content=\"summary_large_image\" \/>\n<meta name=\"twitter:label1\" content=\"Tiempo de lectura\" \/>\n\t<meta name=\"twitter:data1\" content=\"5 minutos\" \/>\n<script type=\"application\/ld+json\" class=\"yoast-schema-graph\">{\"@context\":\"https:\/\/schema.org\",\"@graph\":[{\"@type\":\"WebPage\",\"@id\":\"https:\/\/www.sprachschule-aktiv-muenchen.de\/es\/cursos-de-aleman-semanales\/\",\"url\":\"https:\/\/www.sprachschule-aktiv-muenchen.de\/es\/cursos-de-aleman-semanales\/\",\"name\":\"Cursos semanales de alem\u00e1n en M\u00fanich\",\"isPartOf\":{\"@id\":\"https:\/\/www.sprachschule-aktiv-muenchen.de\/#website\"},\"primaryImageOfPage\":{\"@id\":\"https:\/\/www.sprachschule-aktiv-muenchen.de\/es\/cursos-de-aleman-semanales\/#primaryimage\"},\"image\":{\"@id\":\"https:\/\/www.sprachschule-aktiv-muenchen.de\/es\/cursos-de-aleman-semanales\/#primaryimage\"},\"thumbnailUrl\":\"https:\/\/www.sprachschule-aktiv-muenchen.de\/wp-content\/uploads\/2019\/11\/boton-contactanos.png\",\"datePublished\":\"2017-02-28T20:56:49+00:00\",\"dateModified\":\"2022-12-29T11:12:24+00:00\",\"description\":\"Cursos semanales de alem\u00e1n en M\u00fanich para todos los niveles de A1 hasta C2. Aprender alem\u00e1n en la Escuela de alem\u00e1n en M\u00fanich te encantar\u00e1.\",\"breadcrumb\":{\"@id\":\"https:\/\/www.sprachschule-aktiv-muenchen.de\/es\/cursos-de-aleman-semanales\/#breadcrumb\"},\"inLanguage\":\"es\",\"potentialAction\":[{\"@type\":\"ReadAction\",\"target\":[\"https:\/\/www.sprachschule-aktiv-muenchen.de\/es\/cursos-de-aleman-semanales\/\"]}]},{\"@type\":\"ImageObject\",\"inLanguage\":\"es\",\"@id\":\"https:\/\/www.sprachschule-aktiv-muenchen.de\/es\/cursos-de-aleman-semanales\/#primaryimage\",\"url\":\"https:\/\/www.sprachschule-aktiv-muenchen.de\/wp-content\/uploads\/2019\/11\/boton-contactanos.png\",\"contentUrl\":\"https:\/\/www.sprachschule-aktiv-muenchen.de\/wp-content\/uploads\/2019\/11\/boton-contactanos.png\"},{\"@type\":\"BreadcrumbList\",\"@id\":\"https:\/\/www.sprachschule-aktiv-muenchen.de\/es\/cursos-de-aleman-semanales\/#breadcrumb\",\"itemListElement\":[{\"@type\":\"ListItem\",\"position\":1,\"name\":\"Portada\",\"item\":\"https:\/\/www.sprachschule-aktiv-muenchen.de\/es\/\"},{\"@type\":\"ListItem\",\"position\":2,\"name\":\"Cursos semanales\"}]},{\"@type\":\"WebSite\",\"@id\":\"https:\/\/www.sprachschule-aktiv-muenchen.de\/#website\",\"url\":\"https:\/\/www.sprachschule-aktiv-muenchen.de\/\",\"name\":\"Sprachschule Aktiv\",\"description\":\"\",\"potentialAction\":[{\"@type\":\"SearchAction\",\"target\":{\"@type\":\"EntryPoint\",\"urlTemplate\":\"https:\/\/www.sprachschule-aktiv-muenchen.de\/?s={search_term_string}\"},\"query-input\":{\"@type\":\"PropertyValueSpecification\",\"valueRequired\":true,\"valueName\":\"search_term_string\"}}],\"inLanguage\":\"es\"}]}<\/script>\n<!-- \/ Yoast SEO plugin. -->","yoast_head_json":{"title":"Cursos semanales de alem\u00e1n en M\u00fanich","description":"Cursos semanales de alem\u00e1n en M\u00fanich para todos los niveles de A1 hasta C2. Aprender alem\u00e1n en la Escuela de alem\u00e1n en M\u00fanich te encantar\u00e1.","robots":{"index":"index","follow":"follow","max-snippet":"max-snippet:-1","max-image-preview":"max-image-preview:large","max-video-preview":"max-video-preview:-1"},"canonical":"https:\/\/www.sprachschule-aktiv-muenchen.de\/es\/cursos-de-aleman-semanales\/","og_locale":"es_ES","og_type":"article","og_title":"Cursos semanales de alem\u00e1n en M\u00fanich","og_description":"Cursos semanales de alem\u00e1n en M\u00fanich para todos los niveles de A1 hasta C2. Aprender alem\u00e1n en la Escuela de alem\u00e1n en M\u00fanich te encantar\u00e1.","og_url":"https:\/\/www.sprachschule-aktiv-muenchen.de\/es\/cursos-de-aleman-semanales\/","og_site_name":"Sprachschule Aktiv","article_modified_time":"2022-12-29T11:12:24+00:00","og_image":[{"url":"https:\/\/www.sprachschule-aktiv-muenchen.de\/wp-content\/uploads\/2019\/11\/boton-contactanos.png","type":"","width":"","height":""}],"twitter_card":"summary_large_image","twitter_misc":{"Tiempo de lectura":"5 minutos"},"schema":{"@context":"https:\/\/schema.org","@graph":[{"@type":"WebPage","@id":"https:\/\/www.sprachschule-aktiv-muenchen.de\/es\/cursos-de-aleman-semanales\/","url":"https:\/\/www.sprachschule-aktiv-muenchen.de\/es\/cursos-de-aleman-semanales\/","name":"Cursos semanales de alem\u00e1n en M\u00fanich","isPartOf":{"@id":"https:\/\/www.sprachschule-aktiv-muenchen.de\/#website"},"primaryImageOfPage":{"@id":"https:\/\/www.sprachschule-aktiv-muenchen.de\/es\/cursos-de-aleman-semanales\/#primaryimage"},"image":{"@id":"https:\/\/www.sprachschule-aktiv-muenchen.de\/es\/cursos-de-aleman-semanales\/#primaryimage"},"thumbnailUrl":"https:\/\/www.sprachschule-aktiv-muenchen.de\/wp-content\/uploads\/2019\/11\/boton-contactanos.png","datePublished":"2017-02-28T20:56:49+00:00","dateModified":"2022-12-29T11:12:24+00:00","description":"Cursos semanales de alem\u00e1n en M\u00fanich para todos los niveles de A1 hasta C2. Aprender alem\u00e1n en la Escuela de alem\u00e1n en M\u00fanich te encantar\u00e1.","breadcrumb":{"@id":"https:\/\/www.sprachschule-aktiv-muenchen.de\/es\/cursos-de-aleman-semanales\/#breadcrumb"},"inLanguage":"es","potentialAction":[{"@type":"ReadAction","target":["https:\/\/www.sprachschule-aktiv-muenchen.de\/es\/cursos-de-aleman-semanales\/"]}]},{"@type":"ImageObject","inLanguage":"es","@id":"https:\/\/www.sprachschule-aktiv-muenchen.de\/es\/cursos-de-aleman-semanales\/#primaryimage","url":"https:\/\/www.sprachschule-aktiv-muenchen.de\/wp-content\/uploads\/2019\/11\/boton-contactanos.png","contentUrl":"https:\/\/www.sprachschule-aktiv-muenchen.de\/wp-content\/uploads\/2019\/11\/boton-contactanos.png"},{"@type":"BreadcrumbList","@id":"https:\/\/www.sprachschule-aktiv-muenchen.de\/es\/cursos-de-aleman-semanales\/#breadcrumb","itemListElement":[{"@type":"ListItem","position":1,"name":"Portada","item":"https:\/\/www.sprachschule-aktiv-muenchen.de\/es\/"},{"@type":"ListItem","position":2,"name":"Cursos semanales"}]},{"@type":"WebSite","@id":"https:\/\/www.sprachschule-aktiv-muenchen.de\/#website","url":"https:\/\/www.sprachschule-aktiv-muenchen.de\/","name":"Sprachschule Aktiv","description":"","potentialAction":[{"@type":"SearchAction","target":{"@type":"EntryPoint","urlTemplate":"https:\/\/www.sprachschule-aktiv-muenchen.de\/?s={search_term_string}"},"query-input":{"@type":"PropertyValueSpecification","valueRequired":true,"valueName":"search_term_string"}}],"inLanguage":"es"}]}},"_links":{"self":[{"href":"https:\/\/www.sprachschule-aktiv-muenchen.de\/es\/wp-json\/wp\/v2\/pages\/18418","targetHints":{"allow":["GET"]}}],"collection":[{"href":"https:\/\/www.sprachschule-aktiv-muenchen.de\/es\/wp-json\/wp\/v2\/pages"}],"about":[{"href":"https:\/\/www.sprachschule-aktiv-muenchen.de\/es\/wp-json\/wp\/v2\/types\/page"}],"author":[{"embeddable":true,"href":"https:\/\/www.sprachschule-aktiv-muenchen.de\/es\/wp-json\/wp\/v2\/users\/2"}],"replies":[{"embeddable":true,"href":"https:\/\/www.sprachschule-aktiv-muenchen.de\/es\/wp-json\/wp\/v2\/comments?post=18418"}],"version-history":[{"count":6,"href":"https:\/\/www.sprachschule-aktiv-muenchen.de\/es\/wp-json\/wp\/v2\/pages\/18418\/revisions"}],"predecessor-version":[{"id":72924,"href":"https:\/\/www.sprachschule-aktiv-muenchen.de\/es\/wp-json\/wp\/v2\/pages\/18418\/revisions\/72924"}],"wp:attachment":[{"href":"https:\/\/www.sprachschule-aktiv-muenchen.de\/es\/wp-json\/wp\/v2\/media?parent=18418"}],"curies":[{"name":"wp","href":"https:\/\/api.w.org\/{rel}","templated":true}]}}