{"id":18373,"date":"2017-02-28T21:36:12","date_gmt":"2017-02-28T20:36:12","guid":{"rendered":"https:\/\/www.sprachschule-aktiv-muenchen.de\/?page_id=18373\/"},"modified":"2019-11-10T06:25:39","modified_gmt":"2019-11-10T05:25:39","slug":"visa-curso-aleman","status":"publish","type":"page","link":"https:\/\/www.sprachschule-aktiv-muenchen.de\/es\/visa-curso-aleman\/","title":{"rendered":"Curso y visa"},"content":{"rendered":"<p>[vc_row css=&#8221;.vc_custom_1488314230833{padding-top: 30px !important;padding-bottom: 30px !important;}&#8221;][vc_column][vc_column_text]<\/p>\n<h1>Visado para su curso de alem\u00e1n en Alemania<\/h1>\n<p>\u00bfEs usted de fuera de la Uni\u00f3n Europea y necesita un visado para Alemania? Aqu\u00ed encontrar\u00e1 informaci\u00f3n importante para su solicitud.<\/p>\n<a href=\"https:\/\/www.sprachschule-aktiv-muenchen.de\/es\/contacto-ubicacion\/\"><img decoding=\"async\" class=\"alignnone size-full wp-image-52710\" src=\"https:\/\/www.sprachschule-aktiv-muenchen.de\/wp-content\/uploads\/2019\/11\/boton-contactanos.png\" alt=\"Cont\u00e1ctanos\" width=\"291\" height=\"70\" \/><\/a>\n<h2>Cursos de alem\u00e1n con visado: informaci\u00f3n general sobre la solicitud<\/h2>\n<p>Si necesita un visado para su curso de alem\u00e1n en M\u00fanich, podemos serle de ayuda. Con nuestros cursos intensivos de alem\u00e1n de 20 horas semanales le dar\u00e1n la visa para estudiar en Alemania.<\/p>\n<h2>\u00bfNecesita un visado para su curso de alem\u00e1n?<\/h2>\n<p>Con este servicio le ofrecemos algunos consejos que deber\u00eda tener en cuenta para conseguir un visado en Alemania.[\/vc_column_text][\/vc_column][\/vc_row][vc_row full_width=&#8221;stretch_row&#8221; css=&#8221;.vc_custom_1488314328242{padding-top: 30px !important;padding-bottom: 30px !important;background-color: #f9f9f9 !important;}&#8221;][vc_column width=&#8221;1\/2&#8243;][vc_column_text]<\/p>\n<h2>Cursos de alem\u00e1n + visado \u2013 Fechas de inicio y precios<\/h2>\n<p>Inicio y duraci\u00f3n \u2013 Todos los niveles: cada Lunes \u2013 Cuatro semanas de 20 lecciones cada una. De lunes a viernes de 9:00 a 12:00 horas<\/p>\n<p><strong>Fechas de inicio:<\/strong> El primer lunes de cada mes.<\/p>\n<p><strong>Precios:<\/strong><br \/>\n1 semana 199 \u20ac<br \/>\n2 semanas 349 \u20ac<br \/>\n3 semanas 411 \u20ac<br \/>\n4 semanas (por mes) 499 \u20ac<\/p>\n<p><a href=\"https:\/\/www.sprachschule-aktiv-muenchen.de\/es\/inscribete-cursos-aleman\/\"><img decoding=\"async\" class=\"alignnone size-full wp-image-52734\" src=\"https:\/\/www.sprachschule-aktiv-muenchen.de\/wp-content\/uploads\/2019\/11\/boton-inscribite.png\" alt=\"Inscr\u00edbete\" width=\"291\" height=\"70\" \/><\/a>[\/vc_column_text][\/vc_column][vc_column width=&#8221;1\/2&#8243;][vc_single_image image=&#8221;39799&#8243; img_size=&#8221;full&#8221; style=&#8221;vc_box_outline&#8221;][\/vc_column][\/vc_row][vc_row full_width=&#8221;stretch_row&#8221; css=&#8221;.vc_custom_1488314395672{padding-top: 30px !important;padding-bottom: 30px !important;}&#8221;][vc_column][vc_column_text]<\/p>\n<h2>Visado alem\u00e1n para su curso en M\u00fanich<\/h2>\n<p>Si necesita un visado para realizar un curso en Alemania, le recomendamos consultar a la embajada de Alemania en su pa\u00eds de origen. En internet puede encontrar la web de la embajada alemana en su pa\u00eds.<\/p>\n<h2>\u00bfC\u00f3mo consigo un visado de estudiante para Alemania?<\/h2>\n<p>Seg\u00fan el pa\u00eds y tambi\u00e9n dependiendo de la persona, es posible que para conseguir el visado deba pagar el curso por adelantado. Uno de los requisitos es poder demostrar la participaci\u00f3n en un curso intensivo de alem\u00e1n de al menos 20 horas semanales.<\/p>\n<p>Con nosotros \u2013 Sprachschule Aktiv M\u00fcnchen- recibe la acreditaci\u00f3n que necesita para su visado desde el momento de inscribirse pagando por adelantado el 50% del curso reservado.[\/vc_column_text][\/vc_column][\/vc_row][vc_row full_width=&#8221;stretch_row&#8221; css=&#8221;.vc_custom_1488314470947{padding-top: 30px !important;padding-bottom: 30px !important;background-color: #f9f9f9 !important;}&#8221;][vc_column width=&#8221;1\/2&#8243;][vc_single_image image=&#8221;18377&#8243; img_size=&#8221;full&#8221; style=&#8221;vc_box_outline&#8221;][\/vc_column][vc_column width=&#8221;1\/2&#8243;][vc_column_text]<\/p>\n<h2>Visado y permiso de residencia \u2013 Estudiar en Alemania \u2013 Requisitos<\/h2>\n<ul>\n<li>2 formularios de solicitud de visado<\/li>\n<li>Seguro m\u00e9dico<\/li>\n<li>2 fotos recientes tipo carn\u00e9<\/li>\n<li>Identificaci\u00f3n personal v\u00e1lida<\/li>\n<li>Prueba de inscripci\u00f3n en un curso de alem\u00e1n<\/li>\n<li>T\u00edtulo de secundaria \/ grado medio<\/li>\n<li>Acreditaci\u00f3n del pago de las tasas de visado<\/li>\n<li>Acreditaci\u00f3n del pago del curso de alem\u00e1n<\/li>\n<\/ul>\n<p>[\/vc_column_text][vc_column_text]Solo puede obtener un visado si reserva un curso intensivo de alem\u00e1n de al menos 20 lecciones semanales. M\u00e1s informaci\u00f3n sobre estos cursos aqu\u00ed.[\/vc_column_text]\t<div class=\"vc_btn3-container vc_btn3-inline\">\r\n\t\t<a href=\"\/es\/contacto-ubicacion\/\" class=\"pgs_btn pgs_btn_style_1 pgs_btn_lg\">\r\n\t\t\t<span>\r\n\t\t\t\t\u00bfAlguna duda? Cont\u00e1ctanos\t\t\t<\/span>\r\n\t\t\t\t\t<\/a>\r\n\t<\/div>\r\n\t[\/vc_column][\/vc_row][vc_row full_width=&#8221;stretch_row&#8221; css=&#8221;.vc_custom_1488314518309{padding-top: 30px !important;padding-bottom: 30px !important;}&#8221;][vc_column][vc_column_text]<\/p>\n<h2>Necesitas una visa para Alemania? Informaciones y enlaces importantes sobre los Visados en Alemania<\/h2>\n<p>Enlaces \/ Links:<br \/>\n<a href=\"http:\/\/www.auswaertiges-amt.de\" target=\"_blank\" rel=\"noopener noreferrer\">http:\/\/www.auswaertiges-amt.de<\/a><br \/>\n<a href=\"http:\/\/destinia.com\/guide\/el-mundo\/europa\/alemania\/1-30004-30092\/3\/es\" target=\"_blank\" rel=\"noopener noreferrer\">http:\/\/destinia.com\/guide\/el-mundo\/europa\/alemania\/1-30004-30092\/3\/es<\/a><br \/>\n<a href=\"http:\/\/www.justlanded.com\/espanol\/Alemania\/Visas-Permisos\" target=\"_blank\" rel=\"noopener noreferrer\">http:\/\/www.justlanded.com\/espanol\/Alemania\/Visas-Permisos<\/a><\/p>\n<p>Ejemplo de requisitos para la visa en Alemania. Por pa\u00eds puede ser que cambien las condiciones.<\/p>\n<p>1. Dos planillas de &#8220;solicitud de permiso de residencia&#8221; debidamente llenadas y firmadas<\/p>\n<p>2. 2 fotograf\u00edas tipo pasaporte recientes, con caracter\u00edsticas biom\u00e9tricas, y fondo gris<br \/>\n(una para cada planilla)<br \/>\n(las caracter\u00edsticas de este requisito son explicadas en la secci\u00f3n &#8220;Preguntas frecuentes&#8221;)<\/p>\n<p>3. 2 copias del pasaporte, de la p\u00e1gina con la foto<\/p>\n<p>4. Carta de aceptaci\u00f3n de la universidad o de escuela de idiomas<br \/>\n(original con 2 copias, una copia para cada juego)<\/p>\n<p>5. T\u00edtulo de bachiller o t\u00edtulo universitario, apostillado y traducido al alem\u00e1n<br \/>\n(original y dos copias, una copia para cada juego)<\/p>\n<p>6. Prueba de aptitud acad\u00e9mica<br \/>\n(original y 2 copias, una copia para cada juego)<\/p>\n<p>7. Constancia notariada de responsabilidad econ\u00f3mica traducida al alem\u00e1n<br \/>\n(original y 2 copias, una copia para cada juego)<\/p>\n<p>8. Presentar soportes de ingresos del fiador: carta de trabajo con cargo, antig\u00fcedad y sueldo, los \u00faltimos 3 estados de cuenta<\/p>\n<p>9. En caso de tener una carta de obligaci\u00f3n de Alemania &#8220;Verpflichtungserkl\u00e4rung&#8221;, no ser\u00e1 necesario presentar los documentos de los puntos 7 y 8<\/p>\n<p>10. Seguro m\u00e9dico v\u00e1lido para Alemania por un m\u00ednimo de 3 meses<br \/>\n(original y 2 copias, una copia para cada juego)<\/p>\n<p>11. En caso de tener que aprender el idioma alem\u00e1n antes de ingresar a la universidad, debe presentar la inscripci\u00f3n en un curso intensivo de alem\u00e1n con por lo menos 20 horas semanales, si el curso es en Baviera, deben ser 24 horas semanales<br \/>\n(original y 2 copias, una copia para cada juego)<\/p>\n<p>12. Pasaporte vigente del a\u00f1o y con una vigencia mayor a los 6 meses.[\/vc_column_text][\/vc_column][\/vc_row]<\/p>\n","protected":false},"excerpt":{"rendered":"<p>[vc_row css=&#8221;.vc_custom_1488314230833{padding-top: 30px !important;padding-bottom: 30px !important;}&#8221;][vc_column][vc_column_text] Visado para su curso de alem\u00e1n en Alemania \u00bfEs usted de fuera de la Uni\u00f3n Europea y necesita un visado para Alemania? Aqu\u00ed encontrar\u00e1 informaci\u00f3n importante para su solicitud. Cursos de alem\u00e1n con visado: informaci\u00f3n general sobre la solicitud Si necesita un visado para su curso de alem\u00e1n en&hellip; <a class=\"read-more\" href=\"https:\/\/www.sprachschule-aktiv-muenchen.de\/es\/visa-curso-aleman\/\" title=\"Read Curso y visa\">Read more &raquo;<\/a><\/p>\n","protected":false},"author":2,"featured_media":0,"parent":0,"menu_order":0,"comment_status":"closed","ping_status":"closed","template":"","meta":{"footnotes":""},"class_list":["post-18373","page","type-page","status-publish","hentry"],"yoast_head":"<!-- This site is optimized with the Yoast SEO plugin v27.1.1 - https:\/\/yoast.com\/product\/yoast-seo-wordpress\/ -->\n<title>Visado en Alemania: Visa curso de alem\u00e1n<\/title>\n<meta name=\"description\" content=\"Visado en Alemania para curso de alem\u00e1n. Si necesita un visado para aprender alem\u00e1n nuestra academia le brinda el apoyo necesario para el tr\u00e1mite.\" \/>\n<meta name=\"robots\" content=\"index, follow, max-snippet:-1, max-image-preview:large, max-video-preview:-1\" \/>\n<link rel=\"canonical\" href=\"https:\/\/www.sprachschule-aktiv-muenchen.de\/es\/visa-curso-aleman\/\" \/>\n<meta property=\"og:locale\" content=\"es_ES\" \/>\n<meta property=\"og:type\" content=\"article\" \/>\n<meta property=\"og:title\" content=\"Visado en Alemania: Visa curso de alem\u00e1n\" \/>\n<meta property=\"og:description\" content=\"Visado en Alemania para curso de alem\u00e1n. Si necesita un visado para aprender alem\u00e1n nuestra academia le brinda el apoyo necesario para el tr\u00e1mite.\" \/>\n<meta property=\"og:url\" content=\"https:\/\/www.sprachschule-aktiv-muenchen.de\/es\/visa-curso-aleman\/\" \/>\n<meta property=\"og:site_name\" content=\"Sprachschule Aktiv\" \/>\n<meta property=\"article:modified_time\" content=\"2019-11-10T05:25:39+00:00\" \/>\n<meta property=\"og:image\" content=\"https:\/\/www.sprachschule-aktiv-muenchen.de\/wp-content\/uploads\/2019\/11\/boton-contactanos.png\" \/>\n<meta name=\"twitter:card\" content=\"summary_large_image\" \/>\n<meta name=\"twitter:label1\" content=\"Tiempo de lectura\" \/>\n\t<meta name=\"twitter:data1\" content=\"4 minutos\" \/>\n<script type=\"application\/ld+json\" class=\"yoast-schema-graph\">{\"@context\":\"https:\/\/schema.org\",\"@graph\":[{\"@type\":\"WebPage\",\"@id\":\"https:\/\/www.sprachschule-aktiv-muenchen.de\/es\/visa-curso-aleman\/\",\"url\":\"https:\/\/www.sprachschule-aktiv-muenchen.de\/es\/visa-curso-aleman\/\",\"name\":\"Visado en Alemania: Visa curso de alem\u00e1n\",\"isPartOf\":{\"@id\":\"https:\/\/www.sprachschule-aktiv-muenchen.de\/#website\"},\"primaryImageOfPage\":{\"@id\":\"https:\/\/www.sprachschule-aktiv-muenchen.de\/es\/visa-curso-aleman\/#primaryimage\"},\"image\":{\"@id\":\"https:\/\/www.sprachschule-aktiv-muenchen.de\/es\/visa-curso-aleman\/#primaryimage\"},\"thumbnailUrl\":\"https:\/\/www.sprachschule-aktiv-muenchen.de\/wp-content\/uploads\/2019\/11\/boton-contactanos.png\",\"datePublished\":\"2017-02-28T20:36:12+00:00\",\"dateModified\":\"2019-11-10T05:25:39+00:00\",\"description\":\"Visado en Alemania para curso de alem\u00e1n. Si necesita un visado para aprender alem\u00e1n nuestra academia le brinda el apoyo necesario para el tr\u00e1mite.\",\"breadcrumb\":{\"@id\":\"https:\/\/www.sprachschule-aktiv-muenchen.de\/es\/visa-curso-aleman\/#breadcrumb\"},\"inLanguage\":\"es\",\"potentialAction\":[{\"@type\":\"ReadAction\",\"target\":[\"https:\/\/www.sprachschule-aktiv-muenchen.de\/es\/visa-curso-aleman\/\"]}]},{\"@type\":\"ImageObject\",\"inLanguage\":\"es\",\"@id\":\"https:\/\/www.sprachschule-aktiv-muenchen.de\/es\/visa-curso-aleman\/#primaryimage\",\"url\":\"https:\/\/www.sprachschule-aktiv-muenchen.de\/wp-content\/uploads\/2019\/11\/boton-contactanos.png\",\"contentUrl\":\"https:\/\/www.sprachschule-aktiv-muenchen.de\/wp-content\/uploads\/2019\/11\/boton-contactanos.png\"},{\"@type\":\"BreadcrumbList\",\"@id\":\"https:\/\/www.sprachschule-aktiv-muenchen.de\/es\/visa-curso-aleman\/#breadcrumb\",\"itemListElement\":[{\"@type\":\"ListItem\",\"position\":1,\"name\":\"Portada\",\"item\":\"https:\/\/www.sprachschule-aktiv-muenchen.de\/es\/\"},{\"@type\":\"ListItem\",\"position\":2,\"name\":\"Curso y visa\"}]},{\"@type\":\"WebSite\",\"@id\":\"https:\/\/www.sprachschule-aktiv-muenchen.de\/#website\",\"url\":\"https:\/\/www.sprachschule-aktiv-muenchen.de\/\",\"name\":\"Sprachschule Aktiv\",\"description\":\"\",\"potentialAction\":[{\"@type\":\"SearchAction\",\"target\":{\"@type\":\"EntryPoint\",\"urlTemplate\":\"https:\/\/www.sprachschule-aktiv-muenchen.de\/?s={search_term_string}\"},\"query-input\":{\"@type\":\"PropertyValueSpecification\",\"valueRequired\":true,\"valueName\":\"search_term_string\"}}],\"inLanguage\":\"es\"}]}<\/script>\n<!-- \/ Yoast SEO plugin. -->","yoast_head_json":{"title":"Visado en Alemania: Visa curso de alem\u00e1n","description":"Visado en Alemania para curso de alem\u00e1n. Si necesita un visado para aprender alem\u00e1n nuestra academia le brinda el apoyo necesario para el tr\u00e1mite.","robots":{"index":"index","follow":"follow","max-snippet":"max-snippet:-1","max-image-preview":"max-image-preview:large","max-video-preview":"max-video-preview:-1"},"canonical":"https:\/\/www.sprachschule-aktiv-muenchen.de\/es\/visa-curso-aleman\/","og_locale":"es_ES","og_type":"article","og_title":"Visado en Alemania: Visa curso de alem\u00e1n","og_description":"Visado en Alemania para curso de alem\u00e1n. Si necesita un visado para aprender alem\u00e1n nuestra academia le brinda el apoyo necesario para el tr\u00e1mite.","og_url":"https:\/\/www.sprachschule-aktiv-muenchen.de\/es\/visa-curso-aleman\/","og_site_name":"Sprachschule Aktiv","article_modified_time":"2019-11-10T05:25:39+00:00","og_image":[{"url":"https:\/\/www.sprachschule-aktiv-muenchen.de\/wp-content\/uploads\/2019\/11\/boton-contactanos.png","type":"","width":"","height":""}],"twitter_card":"summary_large_image","twitter_misc":{"Tiempo de lectura":"4 minutos"},"schema":{"@context":"https:\/\/schema.org","@graph":[{"@type":"WebPage","@id":"https:\/\/www.sprachschule-aktiv-muenchen.de\/es\/visa-curso-aleman\/","url":"https:\/\/www.sprachschule-aktiv-muenchen.de\/es\/visa-curso-aleman\/","name":"Visado en Alemania: Visa curso de alem\u00e1n","isPartOf":{"@id":"https:\/\/www.sprachschule-aktiv-muenchen.de\/#website"},"primaryImageOfPage":{"@id":"https:\/\/www.sprachschule-aktiv-muenchen.de\/es\/visa-curso-aleman\/#primaryimage"},"image":{"@id":"https:\/\/www.sprachschule-aktiv-muenchen.de\/es\/visa-curso-aleman\/#primaryimage"},"thumbnailUrl":"https:\/\/www.sprachschule-aktiv-muenchen.de\/wp-content\/uploads\/2019\/11\/boton-contactanos.png","datePublished":"2017-02-28T20:36:12+00:00","dateModified":"2019-11-10T05:25:39+00:00","description":"Visado en Alemania para curso de alem\u00e1n. Si necesita un visado para aprender alem\u00e1n nuestra academia le brinda el apoyo necesario para el tr\u00e1mite.","breadcrumb":{"@id":"https:\/\/www.sprachschule-aktiv-muenchen.de\/es\/visa-curso-aleman\/#breadcrumb"},"inLanguage":"es","potentialAction":[{"@type":"ReadAction","target":["https:\/\/www.sprachschule-aktiv-muenchen.de\/es\/visa-curso-aleman\/"]}]},{"@type":"ImageObject","inLanguage":"es","@id":"https:\/\/www.sprachschule-aktiv-muenchen.de\/es\/visa-curso-aleman\/#primaryimage","url":"https:\/\/www.sprachschule-aktiv-muenchen.de\/wp-content\/uploads\/2019\/11\/boton-contactanos.png","contentUrl":"https:\/\/www.sprachschule-aktiv-muenchen.de\/wp-content\/uploads\/2019\/11\/boton-contactanos.png"},{"@type":"BreadcrumbList","@id":"https:\/\/www.sprachschule-aktiv-muenchen.de\/es\/visa-curso-aleman\/#breadcrumb","itemListElement":[{"@type":"ListItem","position":1,"name":"Portada","item":"https:\/\/www.sprachschule-aktiv-muenchen.de\/es\/"},{"@type":"ListItem","position":2,"name":"Curso y visa"}]},{"@type":"WebSite","@id":"https:\/\/www.sprachschule-aktiv-muenchen.de\/#website","url":"https:\/\/www.sprachschule-aktiv-muenchen.de\/","name":"Sprachschule Aktiv","description":"","potentialAction":[{"@type":"SearchAction","target":{"@type":"EntryPoint","urlTemplate":"https:\/\/www.sprachschule-aktiv-muenchen.de\/?s={search_term_string}"},"query-input":{"@type":"PropertyValueSpecification","valueRequired":true,"valueName":"search_term_string"}}],"inLanguage":"es"}]}},"_links":{"self":[{"href":"https:\/\/www.sprachschule-aktiv-muenchen.de\/es\/wp-json\/wp\/v2\/pages\/18373","targetHints":{"allow":["GET"]}}],"collection":[{"href":"https:\/\/www.sprachschule-aktiv-muenchen.de\/es\/wp-json\/wp\/v2\/pages"}],"about":[{"href":"https:\/\/www.sprachschule-aktiv-muenchen.de\/es\/wp-json\/wp\/v2\/types\/page"}],"author":[{"embeddable":true,"href":"https:\/\/www.sprachschule-aktiv-muenchen.de\/es\/wp-json\/wp\/v2\/users\/2"}],"replies":[{"embeddable":true,"href":"https:\/\/www.sprachschule-aktiv-muenchen.de\/es\/wp-json\/wp\/v2\/comments?post=18373"}],"version-history":[{"count":2,"href":"https:\/\/www.sprachschule-aktiv-muenchen.de\/es\/wp-json\/wp\/v2\/pages\/18373\/revisions"}],"predecessor-version":[{"id":52770,"href":"https:\/\/www.sprachschule-aktiv-muenchen.de\/es\/wp-json\/wp\/v2\/pages\/18373\/revisions\/52770"}],"wp:attachment":[{"href":"https:\/\/www.sprachschule-aktiv-muenchen.de\/es\/wp-json\/wp\/v2\/media?parent=18373"}],"curies":[{"name":"wp","href":"https:\/\/api.w.org\/{rel}","templated":true}]}}