{"id":18344,"date":"2017-02-28T21:35:18","date_gmt":"2017-02-28T20:35:18","guid":{"rendered":"https:\/\/www.sprachschule-aktiv-muenchen.de\/?page_id=18344\/"},"modified":"2023-10-11T06:31:44","modified_gmt":"2023-10-11T04:31:44","slug":"cursos-de-aleman-con-alojamiento-en-munich","status":"publish","type":"page","link":"https:\/\/www.sprachschule-aktiv-muenchen.de\/es\/cursos-de-aleman-con-alojamiento-en-munich\/","title":{"rendered":"Curso de alem\u00e1n con alojamiento"},"content":{"rendered":"<p>[vc_row css=&#8221;.vc_custom_1488312273543{padding-top: 30px !important;padding-bottom: 30px !important;}&#8221;][vc_column width=&#8221;1\/2&#8243;][vc_column_text]<\/p>\n<h1>Cursos de alem\u00e1n con alojamiento en M\u00fanich &#8211; Alemania<\/h1>\n<p>\u00bfHa encontrado el curso de alem\u00e1n apropiado para usted pero ahora necesita encontrar alojamiento en M\u00fanich? Nosotros le ayudamos a encontrar una vivienda, una habitaci\u00f3n o un hotel econ\u00f3mico para alojarse en esta hermosa ciudad. Este servicio se lo ofrecemos a todas las personas que deseen venir a aprender alem\u00e1n con nosotros a M\u00fanich. Nosotros brindamos el servicio de organizar para usted durante la duraci\u00f3n de su curso de alem\u00e1n su alojamiento en una familia de acogida, un piso compartido o una residencia de estudiantes en M\u00fanich y alrededores.<\/p>\n<p><a href=\"https:\/\/www.sprachschule-aktiv-muenchen.de\/es\/contacto-ubicacion\/\"><img decoding=\"async\" class=\"alignnone size-full wp-image-52710\" src=\"https:\/\/www.sprachschule-aktiv-muenchen.de\/wp-content\/uploads\/2019\/11\/boton-contactanos.png\" alt=\"Cont\u00e1ctanos\" width=\"291\" height=\"70\" \/><\/a>[\/vc_column_text][\/vc_column][vc_column width=&#8221;1\/2&#8243;][vc_video link=&#8221;https:\/\/youtu.be\/mqoyiKrwrUs&#8221;][\/vc_column][\/vc_row][vc_row full_width=&#8221;stretch_row&#8221; css=&#8221;.vc_custom_1488312410898{padding-top: 30px !important;padding-bottom: 30px !important;background-color: #f9f9f9 !important;}&#8221;][vc_column width=&#8221;1\/2&#8243;][vc_column_text]<\/p>\n<h2>Curso intensivo de alem\u00e1n con alojamiento &#8211; precio y duraci\u00f3n con Sprachschule Aktiv<\/h2>\n<p>Para todos nuestros estudiantes que reserven un curso intensivo de alem\u00e1n durante al menos 4 semanas, organizamos con gran agrado el alojamiento: una habitaci\u00f3n con una familia de acogida, un piso, un hotel barato, o un dormitorio compartido.<\/p>\n<ul>\n<li>El precio por 4 semanas de curso semi-intensivo de alem\u00e1n: \u20ac 299.<\/li>\n<li>Precio de un alojamiento para 4 semanas: alrededor de 500,00 a 600,00 \u20ac en una familia, habitaci\u00f3n particular o residencia universitaria.<\/li>\n<\/ul>\n<p>[\/vc_column_text]\t<div class=\"vc_btn3-container vc_btn3-inline\">\r\n\t\t<a href=\"\/es\/inscribete-cursos-aleman\/\" class=\"pgs_btn pgs_btn_style_1 pgs_btn_lg\">\r\n\t\t\t<span>\r\n\t\t\t\tInscr\u00edbete en los cursos intensivos\t\t\t<\/span>\r\n\t\t\t\t\t<\/a>\r\n\t<\/div>\r\n\t[\/vc_column][vc_column width=&#8221;1\/2&#8243;][vc_single_image image=&#8221;18137&#8243; img_size=&#8221;full&#8221; style=&#8221;vc_box_outline&#8221;][\/vc_column][\/vc_row][vc_row css=&#8221;.vc_custom_1488312273543{padding-top: 30px !important;padding-bottom: 30px !important;}&#8221;][vc_column][vc_column_text]<\/p>\n<h2>Aprender alem\u00e1n y vivir en M\u00fanich &#8211; cursos de idiomas y alojamiento asequibles para todo el mundo<\/h2>\n<p>Todos sabemos que encontrar alojamiento sin ayuda o asesor\u00eda en M\u00fanich es casi imposible, debido a que M\u00fanich es una de las ciudades m\u00e1s caras y con mejor calidad de vida de Europa. Nosotros desde Sprachschule Aktiv le podemos brindar ayuda gracias a nuestra gran base de datos de lugares de alojamiento y contacto con familias de acogida, residencias, albergues y pensiones. Ofrecemos opciones de alojamiento relativamente baratas en M\u00fanich. Si quiere aprender alem\u00e1n con nosotros, no necesita preocuparse demasiado por su vida en M\u00fanich, porque nosotros le ayudaremos, por supuesto, sin costos adicionales.[\/vc_column_text][\/vc_column][\/vc_row][vc_row full_width=&#8221;stretch_row&#8221; css=&#8221;.vc_custom_1488313487767{padding-top: 30px !important;padding-bottom: 30px !important;background-color: #f9f9f9 !important;}&#8221;][vc_column width=&#8221;1\/2&#8243;][vc_single_image image=&#8221;18348&#8243; img_size=&#8221;full&#8221; style=&#8221;vc_box_outline&#8221;][\/vc_column][vc_column width=&#8221;1\/2&#8243;][vc_column_text]<\/p>\n<h2>Informaci\u00f3n importante acerca de su alojamiento y su estancia en M\u00fanich<\/h2>\n<p>Si usted quiere venir a M\u00fanich para tomar un curso de alem\u00e1n y desea reservar un alojamiento, le recomendamos que planee sus vacaciones tan pronto como sea posible. M\u00fanich es una de las ciudades m\u00e1s populares de Alemania, por lo que las habitaciones est\u00e1n completamente ocupadas r\u00e1pidamente. Especialmente cuando quieres venir en el verano o para el Oktoberfest en M\u00fanich, te animamos a reservar un hotel con varios meses de antelaci\u00f3n.<\/p>\n<p>Estamos aqu\u00ed para ayudarle a encontrar un alojamiento cerca de nuestras escuelas. Se puede elegir entre habitaciones con familias de acogida con ba\u00f1o compartido y cocina, habitaciones en hoteles baratos con desayuno, media pensi\u00f3n o pensi\u00f3n completa y alojamiento en residencias de estudiantes, donde est\u00e9 disponible. Siempre hacemos un esfuerzo para proporcionar espacio a una distancia de unos 10 minutos de nuestras escuelas.<\/p>\n<p>Cuanto antes se ponga en contacto con nosotros y reserve un curso de alem\u00e1n, m\u00e1s amplia es la gama de opciones de alojamiento que podemos ofrecer.[\/vc_column_text][\/vc_column][\/vc_row][vc_row full_width=&#8221;stretch_row&#8221; css=&#8221;.vc_custom_1488313500346{padding-top: 30px !important;padding-bottom: 30px !important;}&#8221;][vc_column][vc_column_text]<\/p>\n<h3>Consejos y direcciones de alojamiento en M\u00fanich<\/h3>\n<p>Le ayudaremos en la b\u00fasqueda de un alojamiento para la duraci\u00f3n de su curso de alem\u00e1n, pero le recomendamos que la b\u00fasqueda independiente de un lugar adecuado para quedarse. Esto les permite comparar precios e incluso encontrar el alojamiento adecuado para sus deseos e ideas.<\/p>\n<p>Hemos compilado una lista importante de direcciones y consejos para pasar la noche en M\u00fanich:[\/vc_column_text][vc_tta_accordion style=&#8221;pgs_accordion_style_3&#8243; active_section=&#8221;0&#8243;][vc_tta_section title=&#8221;Habitaciones con familias de acogida, en residencias o varios apartamentos en M\u00fcnchen&#8221; tab_id=&#8221;1488312604322-7ff0c311-8955&#8243;][vc_column_text]Si usted desea permanecer durante la duraci\u00f3n de su curso de alem\u00e1n con una familia o con en un apartamento de estudiantes, le recomendamos los siguientes sitios web :<\/p>\n<ul>\n<li>Familias de acogida en Alemania : www.gastfamilien-deutschland.de<\/li>\n<li>Pisos Compartidos : www.wg-gesucht.de<\/li>\n<li>Pisos Compartidos : www.studenten-wg.de<\/li>\n<li>Pisos Compartidos : www.wohngemeinschaft.de<\/li>\n<li>Habitaciones en pisos y apartamentos compartidos : www.wohnungsboerse.net<\/li>\n<li>Habitaciones en pisos y apartamentos compartidos : www.dreamflat.de<\/li>\n<li>Salas de residencia en Munich : www.studentenwerk-muenchen.de<\/li>\n<li>Alojamientos de proveedores privados : www.wimdu.de<\/li>\n<li>Alojamientos de proveedores privados : www.airbnb.de<\/li>\n<li>Alojamiento general en Munich : www.muenchen.de<\/li>\n<\/ul>\n<p>[\/vc_column_text][\/vc_tta_section][vc_tta_section title=&#8221;Albergues y Hostales:&#8221; tab_id=&#8221;1488312604421-735e7a63-1043&#8243;][vc_column_text]Aqu\u00ed encontrara usted hostales econ\u00f3micos y albergues para su estad\u00eda en M\u00fanich:<\/p>\n<ul>\n<li>The Tent (Hostel): www.the-tent.com (ab 7,50\u20ac\/Nacht)<\/li>\n<li>Haus International (Jugendhaus\/Hostel): http:\/\/www.haus-international.de\/de\/ (ab 21,00\u20ac\/Nacht)<\/li>\n<li>Busquen en Google la palabra &#8220;Jugendherberge M\u00fcnchen &#8220;. All\u00ed encontrar\u00e1n muchas albergues juveniles en M\u00fanich.<\/li>\n<li>Jugendherberge M\u00fcnchen-Park: http:\/\/www.jugendherberge.de\/jh\/bayern\/muenchen-park\/<\/li>\n<\/ul>\n<p>[\/vc_column_text][\/vc_tta_section][vc_tta_section title=&#8221;Otros sitios web interesantes para su alojamiento en M\u00fanich&#8221; tab_id=&#8221;1488313220189-3e9ad2da-c6af&#8221;][vc_column_text]<\/p>\n<ul>\n<li>Bed and Breakfast en M\u00fanich<\/li>\n<li><a href=\"http:\/\/www.bed-and-breakfast.de\/\" target=\"_blank\" rel=\"noopener noreferrer\">Bed and Breakfast<\/a> arriendo de alojamiento privado<\/li>\n<li><a href=\"http:\/\/www.casamundo.de\/deutschland\/oberbayern\/muenchen.htm\" target=\"_blank\" rel=\"noopener noreferrer\">Ferienh\u00e4user finden<\/a> (Alem\u00e1n): <a href=\"http:\/\/www.casamundo.co.uk\/germany\/upper_bavaria\/munich.htm\" target=\"_blank\" rel=\"noopener noreferrer\">Holiday homes and holiday apartments<\/a> (Ingl\u00e9s); <a href=\"http:\/\/www.casamundo.it\/germania\/alta_baviera\/monaco_di_baviera.htm\" target=\"_blank\" rel=\"noopener noreferrer\">Case e appartamenti vacanza (Italiano)<\/a>; <a href=\"http:\/\/www.casamundo.pl\/niemcy\/g%C3%B3rna_bawaria\/monachium.htm\" target=\"_blank\" rel=\"noopener noreferrer\">Domki letniskowe i apartamenty (Polaco)<\/a><\/li>\n<li>Apartamentos para festivos y casas para festivos<\/li>\n<li><a href=\"https:\/\/www.hostelbookers.com\/hostels\/\" target=\"_blank\" rel=\"noopener noreferrer\">Hosteles en M\u00fanich<\/a><\/li>\n<li><a href=\"http:\/\/www.muenchen.de\/hotel\" target=\"_blank\" rel=\"noopener noreferrer\">Hoteles<\/a> en M\u00fanich<\/li>\n<li><a href=\"https:\/\/www.jugendherberge.de\/\">Encuentra albergues<\/a><\/li>\n<li>Pensiones, alojamiento para feriados y Hoteles en M\u00fanich<\/li>\n<li><a href=\"http:\/\/www.zimmer-guenstig.de\/\" target=\"_blank\" rel=\"noopener noreferrer\">Privadas en Bed and Breakfast<\/a><\/li>\n<li>Habitaciones Compartidas en M\u00fanich portal de b\u00fasqueda<\/li>\n<li>Habitaciones- y arriendo de alojamiento en M\u00fanich<\/li>\n<li>Habitaciones y apartamentos en M\u00fanich<\/li>\n<\/ul>\n<p>[\/vc_column_text][\/vc_tta_section][vc_tta_section title=&#8221;Usted puede encontrar alojamiento en los peri\u00f3dicos locales y dem\u00e1s clasificados&#8221; tab_id=&#8221;1488313268899-bff4ee8d-a448&#8243;][vc_column_text]Aqu\u00ed puede encontrar usted m\u00e1s servicios de alojamiento compartido y privado.<\/p>\n<ul>\n<li>www.immobilienmarkt.de<\/li>\n<li>www.wg-welt.de<\/li>\n<li>www.immobilienscout.de<\/li>\n<li>www.studenten-wohnung.de<\/li>\n<li>www.studentenwohnungsmarkt.de<\/li>\n<li>www.wohnanzeiger.de<\/li>\n<li>www.mwz-muenchen.de<\/li>\n<li>www.mitwohnzentrale.de<\/li>\n<li>www.statthotel.de<\/li>\n<li>www.jugendwohnheime.de<\/li>\n<li>www.cvjm-muenchen.org<\/li>\n<li>www.checkin-muenchen.de<\/li>\n<li>www.wohnungsboerse.net<\/li>\n<li>www.markt.de<\/li>\n<li>www.immowelt.de<\/li>\n<li>www.gruppenunterkuenfte.de<\/li>\n<\/ul>\n<p>[\/vc_column_text][\/vc_tta_section][vc_tta_section title=&#8221;Habitaciones con familias anfitrionas, pisos compartidos, hostales y hoteles&#8221; tab_id=&#8221;1488313403461-f42af312-b381&#8243;][vc_column_text]Las habitaciones con familias anfitrionas en M\u00fanich incluyen el alojamiento en casa de una familia amable y de mente abierta que est\u00e1 a la espera de conocerle a usted y a su cultura. Aqu\u00ed usted puede experimentar de primera mano la cultura alemana, y la mejor ventaja, practicar el idioma desde el momento en el que se levanta hasta la hora de dormir.<\/p>\n<p>Si usted participa en un curso de alem\u00e1n en nuestra escuela, nosotros le ayudamos a reservar las habitaciones que est\u00e1n disponibles desde el primer hasta el \u00faltimo d\u00eda del curso de idiomas. Si usted desea permanecer unos d\u00edas m\u00e1s en M\u00fanich, no hay ning\u00fan problema para extender la estancia.<\/p>\n<p>* Hoteles, pensiones o albergues juveniles en M\u00fanich: \u00bfPrefiere una habitaci\u00f3n en un hotel o casa de hu\u00e9spedes? Nosotros le ayudaremos en la elecci\u00f3n del lugar indicado y lo asesoraremos para que haga la mejor reserva.<br \/>\nSalones de Residencia en M\u00fanich \u2013Direcci\u00f3n de contacto, n\u00famero de tel\u00e9fono y direcci\u00f3n web<\/p>\n<p>Adelheidstra\u00dfe 13 \/ Agnesstra\u00dfe 31 \u2013 35, 80798 M\u00fanich (089) 27 81 43 -11 \/ -12<\/p>\n<p>Habitaci\u00f3n individual: 200 \u2013 Apartamentos: 2 \u2013 Renta: 260-369\u20ac<\/p>\n<p>Habitaci\u00f3n de 12 metros cuadrados con instalaciones para el lavado, duchas compartidas, sala com\u00fan, bar, ascensor, cuarto de ni\u00f1os, sauna<\/p>\n<p>Adelheidstra\u00dfe \/ Int. Haus, Adelheidstra\u00dfe 17, 80798 M\u00fcnchen (089) 27 81 43 -11 \/ -12<\/p>\n<p>Actualmente cerrado por renovaciones<\/p>\n<p>Am Stiftsbogen, Schr\u00f6felhofstr. 4 \u2013 26a, 81375 M\u00fcnchen (089) 780 29 69 -10<\/p>\n<p>Vivviendas: 208 \u2013 Ap. Compartidos: 380 &#8211; alquiler 255-297 \u20ac.<\/p>\n<p>Muchas de las habitaciones dobles y compartidas, habitaciones para minusv\u00e1lidos, zonas comunes y cocinas, lavadero, garaje. Muy adecuado para los estudiantes de las facultades de la Biocenter Martinsried, Universidad Gro\u00dfhadern y Pasing.<\/p>\n<p>Biedersteiner Stra\u00dfe, Biedersteinerstr. 22-30a, 80802 M\u00fcnchen (089) 27 81 43 -20 \/ -21<\/p>\n<p>Habitaci\u00f3n individual: 135 &#8211; apartamentos: 33 &#8211; Alquiler: 253 a 309 \u20ac<\/p>\n<p>Cerca del Jard\u00edn Ingl\u00e9s, sala de billar, sala de TV, fax y fotocopiadoras, m\u00fasica, sala de ensayo con un piano, sala de inform\u00e1tica, taller, laboratorio fotogr\u00e1fico, sauna, lavadora, alquiler de m\u00e1quinas de coser<\/p>\n<p>(089) 27 81 43 -20 \/ -21<\/p>\n<p>Habitaci\u00f3n individual: 436 &#8211; Habitaciones dobles: 48 &#8211; WG: 72 &#8211; Alquiler: 228 a 303 \u20ac<\/p>\n<p>Guarder\u00eda, sala de tenis de mesa, megafon\u00eda, pub, laboratorio de fotograf\u00eda, m\u00fasica sala de ensayo, fotocopiadoras, m\u00e1quinas lavadoras, secadoras, cocinas compartidas, salas comunes<\/p>\n<p>Feisennelkenanger, Feisennelkenanger 7 \u2013 21, 80937 M\u00fcnchen (089) 35 71 35 -0<\/p>\n<p>Frauendorfer \u2013 Haus, Notburgstr. 19-23 \/ Volksgartenstr. 10, 80639 M\u00fcnchen (089) 27 81 43 -21<\/p>\n<p>Garching I, Jochbergweg 1-7, 85748 Garching (089) 323 51 -0<\/p>\n<p>Garching II, Enzianstr. 1 +3, 85748 Garching (089) 323 51 -0<\/p>\n<p>Hans Naumann-Haus, Dachauerstr. 25, 80335 M\u00fcnchen (089) 27 81 43 -11 \/ -12<\/p>\n<p>Hedwig-Dransfeld-Allee, Hedwig-Dransfeld-Allee 7\/9, 80634 M\u00fcnchen (089) 27 81 43 -11 \/ -12<\/p>\n<p>Heidemannstra\u00dfe, Paul-Hindemith-Allee 4\/6 + Karl-K\u00f6gelspergerstr. 3-9, 80939 M\u00fcnchen (089) 35 71 35 -0<\/p>\n<p>Heiglhofstra\u00dfe, Heiglhofstr. 64-66, 81377 M\u00fcnchen (089) 780 29 69 10<\/p>\n<p>Josef-Wirth-Weg 19, 80939 M\u00fcnchen (089) 32351 \u2013 111<\/p>\n<p>Kantstra\u00dfe, Kantstr. 23d, 80809 M\u00fcnchen (089) 27 81 43 -11 \/ -12<\/p>\n<p>Knorrstra\u00dfe, Knorrstr. 29, M\u00fcnchen (089) 27 81 43 -20 \/ -21<\/p>\n<p>Kreittmayrsta\u00dfe, Kreittmayrstr. 14, 80335 M\u00fcnchen, (089) 27 81 43 -11 \/ -12<\/p>\n<p>Lothstra\u00dfe, Lothstr. 62, 80335 M\u00fcnchen, (089) 27 81 43 -20\/ -21<\/p>\n<p>Marie-Antonie-Haus, Kaulbachstr. 49, 80539 M\u00fcnchen (089) 35 71 35 -0<\/p>\n<p>Oberschlei\u00dfheim, Am Sch\u00e4feranger 9 \u2013 15, 85764 Oberschlei\u00dfheim, (089) 35 71 35 -0<\/p>\n<p>Olympisches Dorf, Helene-Mayer-Ring 7\/9 und Connollystr. 3-11, 80809 M\u00fcnchen (089) 35 71 35 -0<\/p>\n<p>Sauerbruchstra\u00dfe, Sauerbruchstr. 59-61, Heiglhofstr. 44\/46, 81377 M\u00fcnchen (089) 780 29 69 11<\/p>\n<p>Schwere-Reiter-Stra\u00dfe, Schwere-Reiter-Str. 35, 80797 M\u00fcnchen (089) 27 81 43 -11 \/ -12<\/p>\n<p>Studentenstadt Freimann, Grasmeierstr. 7-25, Willi-Graf-Str. 3 \u2013 25, Christoph-Probst-Str. 6-16 und Hans-Leipelt-Str. 6 -10, 80805 M\u00fcnchen (089) 323 51 -0<\/p>\n<p>Tegernseer Landstra\u00dfe, Tegernseer Landstr. 207\/209, 81549 M\u00fcnchen (089) 27 81 43 -20<\/p>\n<p>Am Anger, Unterer Anger 17, 80331 M\u00fcnchen (089) 23 17 92 82<\/p>\n<p>BLLV-Heim (Cimbernheim) Cimbernstr 68, 81377 M\u00fcnchen (089)714 66 12<\/p>\n<p>Deutsche Burse, Friedrichstr. 34, 80801 M\u00fcnchen (089) 34 94 14<\/p>\n<p>Domino, Untere Stra\u00df\u00e4cker 21, 85748 Garching (089) 30 77 92 95<\/p>\n<p>Geschwister Scholl e.V. Steinickeweg 7, 80798 M\u00fcnchen (089) 523 13 11 -0<\/p>\n<p>Haus St. Benedikt, Paosostr. 8, 81243 M\u00fcnchen (089) 82 07 24 30<\/p>\n<p>Heim der Alfred und Karl-Marchionini Stiftung, Lerchennauerstr. 41, 80890 M\u00fcnchen<\/p>\n<p>Hochschulhaus Garching, Enzianstr. 5+7, 85748 Garching, (089)32 38 69 32<\/p>\n<p>Jakob-Balde-Haus, Theresienstr. 100, 80333 M\u00fcnchen, (089) 52 30 00<\/p>\n<p>Johannes-Kolleg (Int. Wohnheim), Hiltenspergerstr. 84, 80796 M\u00fcnchen, (089) 30 36 39<\/p>\n<p>John-Mott-Haus, Theo-Prosel-Weg 16, 80797 M\u00fcnchen, (089) 121 56 70<\/p>\n<p>Kardinal-Wendel-Kolleg, Kaulbachstr. 29a, 80539 M\u00fcnchen, (089) 23 86 28 00<\/p>\n<p>KKV Hansa-Haus, Briennerstr. 39, 80333 M\u00fcnchen, (089) 55 77 04[\/vc_column_text][\/vc_tta_section][\/vc_tta_accordion][\/vc_column][\/vc_row]<\/p>\n","protected":false},"excerpt":{"rendered":"<p>[vc_row css=&#8221;.vc_custom_1488312273543{padding-top: 30px !important;padding-bottom: 30px !important;}&#8221;][vc_column width=&#8221;1\/2&#8243;][vc_column_text] Cursos de alem\u00e1n con alojamiento en M\u00fanich &#8211; Alemania \u00bfHa encontrado el curso de alem\u00e1n apropiado para usted pero ahora necesita encontrar alojamiento en M\u00fanich? Nosotros le ayudamos a encontrar una vivienda, una habitaci\u00f3n o un hotel econ\u00f3mico para alojarse en esta hermosa ciudad. Este servicio se lo&hellip; <a class=\"read-more\" href=\"https:\/\/www.sprachschule-aktiv-muenchen.de\/es\/cursos-de-aleman-con-alojamiento-en-munich\/\" title=\"Read Curso de alem\u00e1n con alojamiento\">Read more &raquo;<\/a><\/p>\n","protected":false},"author":2,"featured_media":0,"parent":0,"menu_order":0,"comment_status":"closed","ping_status":"closed","template":"","meta":{"footnotes":""},"class_list":["post-18344","page","type-page","status-publish","hentry"],"yoast_head":"<!-- This site is optimized with the Yoast SEO plugin v27.1.1 - https:\/\/yoast.com\/product\/yoast-seo-wordpress\/ -->\n<title>Cursos de alem\u00e1n con alojamiento en M\u00fanich<\/title>\n<meta name=\"description\" content=\"Cursos de alem\u00e1n en M\u00fanich con alojamiento. Nuestra escuela te busca piso para tus clases de alem\u00e1n. Alojamiento en familias o privado.\" \/>\n<meta name=\"robots\" content=\"index, follow, max-snippet:-1, max-image-preview:large, max-video-preview:-1\" \/>\n<link rel=\"canonical\" href=\"https:\/\/www.sprachschule-aktiv-muenchen.de\/es\/cursos-de-aleman-con-alojamiento-en-munich\/\" \/>\n<meta property=\"og:locale\" content=\"es_ES\" \/>\n<meta property=\"og:type\" content=\"article\" \/>\n<meta property=\"og:title\" content=\"Cursos de alem\u00e1n con alojamiento en M\u00fanich\" \/>\n<meta property=\"og:description\" content=\"Cursos de alem\u00e1n en M\u00fanich con alojamiento. Nuestra escuela te busca piso para tus clases de alem\u00e1n. Alojamiento en familias o privado.\" \/>\n<meta property=\"og:url\" content=\"https:\/\/www.sprachschule-aktiv-muenchen.de\/es\/cursos-de-aleman-con-alojamiento-en-munich\/\" \/>\n<meta property=\"og:site_name\" content=\"Sprachschule Aktiv\" \/>\n<meta property=\"article:modified_time\" content=\"2023-10-11T04:31:44+00:00\" \/>\n<meta property=\"og:image\" content=\"https:\/\/www.sprachschule-aktiv-muenchen.de\/wp-content\/uploads\/2019\/11\/boton-contactanos.png\" \/>\n<meta name=\"twitter:card\" content=\"summary_large_image\" \/>\n<meta name=\"twitter:label1\" content=\"Tiempo de lectura\" \/>\n\t<meta name=\"twitter:data1\" content=\"10 minutos\" \/>\n<script type=\"application\/ld+json\" class=\"yoast-schema-graph\">{\"@context\":\"https:\/\/schema.org\",\"@graph\":[{\"@type\":\"WebPage\",\"@id\":\"https:\/\/www.sprachschule-aktiv-muenchen.de\/es\/cursos-de-aleman-con-alojamiento-en-munich\/\",\"url\":\"https:\/\/www.sprachschule-aktiv-muenchen.de\/es\/cursos-de-aleman-con-alojamiento-en-munich\/\",\"name\":\"Cursos de alem\u00e1n con alojamiento en M\u00fanich\",\"isPartOf\":{\"@id\":\"https:\/\/www.sprachschule-aktiv-muenchen.de\/#website\"},\"primaryImageOfPage\":{\"@id\":\"https:\/\/www.sprachschule-aktiv-muenchen.de\/es\/cursos-de-aleman-con-alojamiento-en-munich\/#primaryimage\"},\"image\":{\"@id\":\"https:\/\/www.sprachschule-aktiv-muenchen.de\/es\/cursos-de-aleman-con-alojamiento-en-munich\/#primaryimage\"},\"thumbnailUrl\":\"https:\/\/www.sprachschule-aktiv-muenchen.de\/wp-content\/uploads\/2019\/11\/boton-contactanos.png\",\"datePublished\":\"2017-02-28T20:35:18+00:00\",\"dateModified\":\"2023-10-11T04:31:44+00:00\",\"description\":\"Cursos de alem\u00e1n en M\u00fanich con alojamiento. Nuestra escuela te busca piso para tus clases de alem\u00e1n. Alojamiento en familias o privado.\",\"breadcrumb\":{\"@id\":\"https:\/\/www.sprachschule-aktiv-muenchen.de\/es\/cursos-de-aleman-con-alojamiento-en-munich\/#breadcrumb\"},\"inLanguage\":\"es\",\"potentialAction\":[{\"@type\":\"ReadAction\",\"target\":[\"https:\/\/www.sprachschule-aktiv-muenchen.de\/es\/cursos-de-aleman-con-alojamiento-en-munich\/\"]}]},{\"@type\":\"ImageObject\",\"inLanguage\":\"es\",\"@id\":\"https:\/\/www.sprachschule-aktiv-muenchen.de\/es\/cursos-de-aleman-con-alojamiento-en-munich\/#primaryimage\",\"url\":\"https:\/\/www.sprachschule-aktiv-muenchen.de\/wp-content\/uploads\/2019\/11\/boton-contactanos.png\",\"contentUrl\":\"https:\/\/www.sprachschule-aktiv-muenchen.de\/wp-content\/uploads\/2019\/11\/boton-contactanos.png\"},{\"@type\":\"BreadcrumbList\",\"@id\":\"https:\/\/www.sprachschule-aktiv-muenchen.de\/es\/cursos-de-aleman-con-alojamiento-en-munich\/#breadcrumb\",\"itemListElement\":[{\"@type\":\"ListItem\",\"position\":1,\"name\":\"Portada\",\"item\":\"https:\/\/www.sprachschule-aktiv-muenchen.de\/es\/\"},{\"@type\":\"ListItem\",\"position\":2,\"name\":\"Curso de alem\u00e1n con alojamiento\"}]},{\"@type\":\"WebSite\",\"@id\":\"https:\/\/www.sprachschule-aktiv-muenchen.de\/#website\",\"url\":\"https:\/\/www.sprachschule-aktiv-muenchen.de\/\",\"name\":\"Sprachschule Aktiv\",\"description\":\"\",\"potentialAction\":[{\"@type\":\"SearchAction\",\"target\":{\"@type\":\"EntryPoint\",\"urlTemplate\":\"https:\/\/www.sprachschule-aktiv-muenchen.de\/?s={search_term_string}\"},\"query-input\":{\"@type\":\"PropertyValueSpecification\",\"valueRequired\":true,\"valueName\":\"search_term_string\"}}],\"inLanguage\":\"es\"}]}<\/script>\n<!-- \/ Yoast SEO plugin. -->","yoast_head_json":{"title":"Cursos de alem\u00e1n con alojamiento en M\u00fanich","description":"Cursos de alem\u00e1n en M\u00fanich con alojamiento. Nuestra escuela te busca piso para tus clases de alem\u00e1n. Alojamiento en familias o privado.","robots":{"index":"index","follow":"follow","max-snippet":"max-snippet:-1","max-image-preview":"max-image-preview:large","max-video-preview":"max-video-preview:-1"},"canonical":"https:\/\/www.sprachschule-aktiv-muenchen.de\/es\/cursos-de-aleman-con-alojamiento-en-munich\/","og_locale":"es_ES","og_type":"article","og_title":"Cursos de alem\u00e1n con alojamiento en M\u00fanich","og_description":"Cursos de alem\u00e1n en M\u00fanich con alojamiento. Nuestra escuela te busca piso para tus clases de alem\u00e1n. Alojamiento en familias o privado.","og_url":"https:\/\/www.sprachschule-aktiv-muenchen.de\/es\/cursos-de-aleman-con-alojamiento-en-munich\/","og_site_name":"Sprachschule Aktiv","article_modified_time":"2023-10-11T04:31:44+00:00","og_image":[{"url":"https:\/\/www.sprachschule-aktiv-muenchen.de\/wp-content\/uploads\/2019\/11\/boton-contactanos.png","type":"","width":"","height":""}],"twitter_card":"summary_large_image","twitter_misc":{"Tiempo de lectura":"10 minutos"},"schema":{"@context":"https:\/\/schema.org","@graph":[{"@type":"WebPage","@id":"https:\/\/www.sprachschule-aktiv-muenchen.de\/es\/cursos-de-aleman-con-alojamiento-en-munich\/","url":"https:\/\/www.sprachschule-aktiv-muenchen.de\/es\/cursos-de-aleman-con-alojamiento-en-munich\/","name":"Cursos de alem\u00e1n con alojamiento en M\u00fanich","isPartOf":{"@id":"https:\/\/www.sprachschule-aktiv-muenchen.de\/#website"},"primaryImageOfPage":{"@id":"https:\/\/www.sprachschule-aktiv-muenchen.de\/es\/cursos-de-aleman-con-alojamiento-en-munich\/#primaryimage"},"image":{"@id":"https:\/\/www.sprachschule-aktiv-muenchen.de\/es\/cursos-de-aleman-con-alojamiento-en-munich\/#primaryimage"},"thumbnailUrl":"https:\/\/www.sprachschule-aktiv-muenchen.de\/wp-content\/uploads\/2019\/11\/boton-contactanos.png","datePublished":"2017-02-28T20:35:18+00:00","dateModified":"2023-10-11T04:31:44+00:00","description":"Cursos de alem\u00e1n en M\u00fanich con alojamiento. Nuestra escuela te busca piso para tus clases de alem\u00e1n. Alojamiento en familias o privado.","breadcrumb":{"@id":"https:\/\/www.sprachschule-aktiv-muenchen.de\/es\/cursos-de-aleman-con-alojamiento-en-munich\/#breadcrumb"},"inLanguage":"es","potentialAction":[{"@type":"ReadAction","target":["https:\/\/www.sprachschule-aktiv-muenchen.de\/es\/cursos-de-aleman-con-alojamiento-en-munich\/"]}]},{"@type":"ImageObject","inLanguage":"es","@id":"https:\/\/www.sprachschule-aktiv-muenchen.de\/es\/cursos-de-aleman-con-alojamiento-en-munich\/#primaryimage","url":"https:\/\/www.sprachschule-aktiv-muenchen.de\/wp-content\/uploads\/2019\/11\/boton-contactanos.png","contentUrl":"https:\/\/www.sprachschule-aktiv-muenchen.de\/wp-content\/uploads\/2019\/11\/boton-contactanos.png"},{"@type":"BreadcrumbList","@id":"https:\/\/www.sprachschule-aktiv-muenchen.de\/es\/cursos-de-aleman-con-alojamiento-en-munich\/#breadcrumb","itemListElement":[{"@type":"ListItem","position":1,"name":"Portada","item":"https:\/\/www.sprachschule-aktiv-muenchen.de\/es\/"},{"@type":"ListItem","position":2,"name":"Curso de alem\u00e1n con alojamiento"}]},{"@type":"WebSite","@id":"https:\/\/www.sprachschule-aktiv-muenchen.de\/#website","url":"https:\/\/www.sprachschule-aktiv-muenchen.de\/","name":"Sprachschule Aktiv","description":"","potentialAction":[{"@type":"SearchAction","target":{"@type":"EntryPoint","urlTemplate":"https:\/\/www.sprachschule-aktiv-muenchen.de\/?s={search_term_string}"},"query-input":{"@type":"PropertyValueSpecification","valueRequired":true,"valueName":"search_term_string"}}],"inLanguage":"es"}]}},"_links":{"self":[{"href":"https:\/\/www.sprachschule-aktiv-muenchen.de\/es\/wp-json\/wp\/v2\/pages\/18344","targetHints":{"allow":["GET"]}}],"collection":[{"href":"https:\/\/www.sprachschule-aktiv-muenchen.de\/es\/wp-json\/wp\/v2\/pages"}],"about":[{"href":"https:\/\/www.sprachschule-aktiv-muenchen.de\/es\/wp-json\/wp\/v2\/types\/page"}],"author":[{"embeddable":true,"href":"https:\/\/www.sprachschule-aktiv-muenchen.de\/es\/wp-json\/wp\/v2\/users\/2"}],"replies":[{"embeddable":true,"href":"https:\/\/www.sprachschule-aktiv-muenchen.de\/es\/wp-json\/wp\/v2\/comments?post=18344"}],"version-history":[{"count":6,"href":"https:\/\/www.sprachschule-aktiv-muenchen.de\/es\/wp-json\/wp\/v2\/pages\/18344\/revisions"}],"predecessor-version":[{"id":72923,"href":"https:\/\/www.sprachschule-aktiv-muenchen.de\/es\/wp-json\/wp\/v2\/pages\/18344\/revisions\/72923"}],"wp:attachment":[{"href":"https:\/\/www.sprachschule-aktiv-muenchen.de\/es\/wp-json\/wp\/v2\/media?parent=18344"}],"curies":[{"name":"wp","href":"https:\/\/api.w.org\/{rel}","templated":true}]}}