{"id":18316,"date":"2017-02-28T21:02:02","date_gmt":"2017-02-28T20:02:02","guid":{"rendered":"https:\/\/www.sprachschule-aktiv-muenchen.de\/?page_id=18316\/"},"modified":"2022-12-23T09:40:21","modified_gmt":"2022-12-23T08:40:21","slug":"clases-privadas-de-aleman-en-munich","status":"publish","type":"page","link":"https:\/\/www.sprachschule-aktiv-muenchen.de\/es\/clases-privadas-de-aleman-en-munich\/","title":{"rendered":"Curso privado"},"content":{"rendered":"<p>[vc_row css=&#8221;.vc_custom_1488311382010{padding-top: 30px !important;padding-bottom: 30px !important;}&#8221;][vc_column][vc_column_text]<\/p>\n<h1>Clases particulares de Alem\u00e1n en M\u00fanich para todos los niveles (A1-C2)<\/h1>\n<p>Aprenda alem\u00e1n con nuestras clases privadas de una manera r\u00e1pida y efectiva. Tenemos los mejores profesores para nuestros cursos privados de alem\u00e1n en M\u00fanich. Descubra y viva el alem\u00e1n con nosotros!<\/p>\n<p><a href=\"https:\/\/www.sprachschule-aktiv-muenchen.de\/es\/contacto-ubicacion\/\"><img decoding=\"async\" class=\"alignnone size-full wp-image-52710\" src=\"https:\/\/www.sprachschule-aktiv-muenchen.de\/wp-content\/uploads\/2019\/11\/boton-contactanos.png\" alt=\"Cont\u00e1ctanos\" width=\"291\" height=\"70\" \/><\/a>[\/vc_column_text][vc_row_inner][vc_column_inner width=&#8221;1\/2&#8243;][vc_column_text]Estudiar alem\u00e1n en Alemania con nuestros cursos privados es la forma m\u00e1s r\u00e1pida de aprender alem\u00e1n. Nuestros cursos privados de alem\u00e1n son recomendados a personas que en poco tiempo quieran obtener conocimientos b\u00e1sicos del idioma alem\u00e1n de una forma entretenida y flexible. Cursos privados de alem\u00e1n para todos los niveles: principiante, intermedio o avanzado.<\/p>\n<p>\u00a1\u00a1\u00a1No se preocupe, tenemos la OFERTA que usted necesita!!!<\/p>\n<p>Si ha decidido iniciar una nueva vida en Alemania y disfrutar de todas las posibilidades que este pa\u00eds brinda a todos los profesionales y estudiantes extranjeros, lo m\u00e1s importante es aprender el idioma. Lo que puede resultar dif\u00edcil si no se cuenta con una metodolog\u00eda din\u00e1mica y eficaz. Adem\u00e1s contamos con profesores nativos y todos como m\u00ednimo biling\u00fces. La comunicaci\u00f3n con el profesor nunca ser\u00e1 un problema.<\/p>\n<p>Nuestros cursos de alem\u00e1n privado los puede tomar en una de nuestras 3 escuelas en M\u00fanich, en su habitaci\u00f3n, hotel o donde usted desee.[\/vc_column_text][\/vc_column_inner][vc_column_inner width=&#8221;1\/2&#8243;][vc_single_image image=&#8221;18320&#8243; img_size=&#8221;full&#8221; style=&#8221;vc_box_outline&#8221;][\/vc_column_inner][\/vc_row_inner][\/vc_column][\/vc_row][vc_row full_width=&#8221;stretch_row&#8221; css=&#8221;.vc_custom_1488311371441{padding-top: 30px !important;padding-bottom: 30px !important;background-color: #f9f9f9 !important;}&#8221;][vc_column][vc_column_text]<\/p>\n<h2>PRECIO DE NUESTROS CURSOS PRIVADOS DE ALEM\u00c1N EN NUESTRA ESCUELA O EN SU CASA<\/h2>\n\n<table id=\"tablepress-76\" class=\"tablepress tablepress-id-76 tablepress-responsive tbody-has-connected-cells\">\n<thead>\n<tr class=\"row-1\">\n\t<th class=\"column-1\">Cursos privados<\/th><td class=\"column-2\"><\/td><td class=\"column-3\"><\/td>\n<\/tr>\n<\/thead>\n<tbody class=\"row-striping row-hover\">\n<tr class=\"row-2\">\n\t<td class=\"column-1\">de 1 a 19 horas* -> 45 \u20ac <br \/>\nde 20 a 29 horas* -> 42 \u20ac<br \/>\na partir de 30 horas* -> 38 \u20ac <\/td><td class=\"column-2\">por hora de ense\u00f1anza* (*45 Minutos)<\/td><td class=\"column-3\">Al comprar m\u00e1s horas, el precio disminuye!!! <\/td>\n<\/tr>\n<tr class=\"row-3\">\n\t<td class=\"column-1\">Aproveche y ahorre! <\/td><td class=\"column-2\"><\/td><td class=\"column-3\"><\/td>\n<\/tr>\n<tr class=\"row-4\">\n\t<td class=\"column-1\"><\/td><td class=\"column-2\"><\/td><td class=\"column-3\"><\/td>\n<\/tr>\n<tr class=\"row-5\">\n\t<td colspan=\"2\" class=\"column-1\">Usted puede realizar el curso privado con 3 amigos y entre todos, compartir el precio por hora*  de curso. <\/td><td class=\"column-3\"><\/td>\n<\/tr>\n<\/tbody>\n<\/table>\n<!-- #tablepress-76 from cache -->\n<p><a href=\"https:\/\/www.sprachschule-aktiv-muenchen.de\/es\/inscribete-cursos-aleman\/\"><img decoding=\"async\" class=\"alignnone size-full wp-image-52734\" src=\"https:\/\/www.sprachschule-aktiv-muenchen.de\/wp-content\/uploads\/2019\/11\/boton-inscribite.png\" alt=\"Inscr\u00edbete\" width=\"291\" height=\"70\" \/><\/a>[\/vc_column_text][\/vc_column][\/vc_row][vc_row full_width=&#8221;stretch_row&#8221; css=&#8221;.vc_custom_1488311618961{padding-top: 30px !important;padding-bottom: 30px !important;}&#8221;][vc_column][vc_column_text]<\/p>\n<h2>Clases privadas de alem\u00e1n<\/h2>\n<p>Aprenda alem\u00e1n en M\u00fanich &#8211; Alemania y mejore su perspectivas laborales y\/o personales. El idioma alem\u00e1n es uno de los idiomas m\u00e1s importantes de la comunidad europea.<br \/>\n<iframe title=\"YouTube video player\" src=\"https:\/\/www.youtube.com\/embed\/3COnuIj0gzY\" width=\"560\" height=\"315\" frameborder=\"0\" allowfullscreen=\"allowfullscreen\"><\/iframe>En nuestras escuelas de alem\u00e1n le ofrecemos diversos cursos de alem\u00e1n. Si desea puede primero hacer una clase de prueba gratuita en nuestros institutos de alem\u00e1n. Aparte de aprender el alem\u00e1n organizamos diversas actividades para que nuestros estudiantes conozcan la cultura alemana y entren en contacto con nativos alemanes.<\/p>\n<p>En nuestras escuelas no solo ofrecemos alem\u00e1n, sino que tambi\u00e9n impartimos muchos idiomas m\u00e1s como el ingl\u00e9s o el castellano. Por eso, en Sprachschule Aktiv siempre le asesoraremos en su lengua materna. Nuestra escuela es reconocida mundialmente y nuestros certificados tambi\u00e9n. Todos nuestros alumnos reciben al final del curso de alem\u00e1n el respectivo certificado que es reconocido en toda Europa.<\/p>\n<p>Si desea aprender alem\u00e1n en Alemania de una manera r\u00e1pida y divertida nuestra escuela de alem\u00e1n en M\u00fanich &#8220;Sprachschule Aktiv&#8221; es el lugar indicado para Usted. Nuestra escuela de alem\u00e1n es una instituci\u00f3n educativa reconocida y certificada en M\u00fanich. Al final de sus cursos de alem\u00e1n recibir\u00e1 un certificado oficial que es reconocido mundialmente.<\/p>\n<p>En nuestra escuela de alem\u00e1n en M\u00fanich &#8220;Sprachschule Aktiv&#8221; no solo impartimos clases en alem\u00e1n sino tambi\u00e9n en otros idiomas como el espa\u00f1ol, el italiano, el polaco, el ruso o el chino, entre otros. Realizamos diversas actividades con nuestros estudiantes y profesores tales como excursiones, visitas a museos, city tours, fiestas, encuentros con alemanes y mucho m\u00e1s. Todo ello con el fin de que nuestros estudiantes conozcan la cultura alemana y entren en contacto con alemanes. En definitiva, que vivan el idioma.<\/p>\n<p>Le invitamos a seguirnos en <a href=\"https:\/\/www.facebook.com\/pages\/Sprachschule-Aktiv-M%C3%BCnchen\/143186475746931?ref=hl\">Facebook<\/a> o en <a href=\"https:\/\/plus.google.com\/106836171175287121255\/about\">Google Plus<\/a> donde mensualmente encontrar\u00e1 ofertas para la gran diversidad de cursos que ofrecemos: \u201cSprachschule Aktiv M\u00fcnchen\u201d.[\/vc_column_text][\/vc_column][\/vc_row][vc_row full_width=&#8221;stretch_row&#8221; equal_height=&#8221;yes&#8221; content_placement=&#8221;middle&#8221; el_class=&#8221;action-box m-b-none theme-bg-color&#8221; css=&#8221;.vc_custom_1487762904994{padding-top: 25px !important;padding-bottom: 30px !important;}&#8221;][vc_column width=&#8221;2\/3&#8243;][vc_column_text]<\/p>\n<h3 class=\"text-white\">\u00bfQui\u00e9res estudiar alem\u00e1n en M\u00fanich?<\/h3>\n<p class=\"text-white\">Contacta con nosotros y aprende alem\u00e1n en M\u00fanich. Cursos para todos los niveles.<\/p>\n<p>[\/vc_column_text][\/vc_column][vc_column width=&#8221;1\/3&#8243; el_class=&#8221;text-right&#8221;]\t<div class=\"vc_btn3-container vc_btn3-inline\">\r\n\t\t<a href=\"\/es\/inscribete-cursos-aleman\/\" class=\"pgs_btn pgs_btn_style_3 pgs_btn_xl\">\r\n\t\t\t<span>\r\n\t\t\t\tInscr\u00edbete cursos privados\t\t\t<\/span>\r\n\t\t\t\t\t\t<i class=\"fa fa-chevron-right\"><\/i>\r\n\t\t\t\t\t<\/a>\r\n\t<\/div>\r\n\t[\/vc_column][\/vc_row]<\/p>\n","protected":false},"excerpt":{"rendered":"<p>[vc_row css=&#8221;.vc_custom_1488311382010{padding-top: 30px !important;padding-bottom: 30px !important;}&#8221;][vc_column][vc_column_text] Clases particulares de Alem\u00e1n en M\u00fanich para todos los niveles (A1-C2) Aprenda alem\u00e1n con nuestras clases privadas de una manera r\u00e1pida y efectiva. Tenemos los mejores profesores para nuestros cursos privados de alem\u00e1n en M\u00fanich. Descubra y viva el alem\u00e1n con nosotros! [\/vc_column_text][vc_row_inner][vc_column_inner width=&#8221;1\/2&#8243;][vc_column_text]Estudiar alem\u00e1n en Alemania con nuestros&hellip; <a class=\"read-more\" href=\"https:\/\/www.sprachschule-aktiv-muenchen.de\/es\/clases-privadas-de-aleman-en-munich\/\" title=\"Read Curso privado\">Read more &raquo;<\/a><\/p>\n","protected":false},"author":2,"featured_media":0,"parent":0,"menu_order":0,"comment_status":"closed","ping_status":"closed","template":"","meta":{"footnotes":""},"class_list":["post-18316","page","type-page","status-publish","hentry"],"yoast_head":"<!-- This site is optimized with the Yoast SEO plugin v27.1.1 - https:\/\/yoast.com\/product\/yoast-seo-wordpress\/ -->\n<title>Clases particulares de alem\u00e1n en M\u00fanich - Clases privadas<\/title>\n<meta name=\"description\" content=\"Cursos particulares de alem\u00e1n en M\u00fanich. Clases privadas para todos los niveles (A1-C2) con profesores nativos. Cursos efectivos y econ\u00f3micos.\" \/>\n<meta name=\"robots\" content=\"index, follow, max-snippet:-1, max-image-preview:large, max-video-preview:-1\" \/>\n<link rel=\"canonical\" href=\"https:\/\/www.sprachschule-aktiv-muenchen.de\/es\/clases-privadas-de-aleman-en-munich\/\" \/>\n<meta property=\"og:locale\" content=\"es_ES\" \/>\n<meta property=\"og:type\" content=\"article\" \/>\n<meta property=\"og:title\" content=\"Clases particulares de alem\u00e1n en M\u00fanich - Clases privadas\" \/>\n<meta property=\"og:description\" content=\"Cursos particulares de alem\u00e1n en M\u00fanich. Clases privadas para todos los niveles (A1-C2) con profesores nativos. Cursos efectivos y econ\u00f3micos.\" \/>\n<meta property=\"og:url\" content=\"https:\/\/www.sprachschule-aktiv-muenchen.de\/es\/clases-privadas-de-aleman-en-munich\/\" \/>\n<meta property=\"og:site_name\" content=\"Sprachschule Aktiv\" \/>\n<meta property=\"article:modified_time\" content=\"2022-12-23T08:40:21+00:00\" \/>\n<meta property=\"og:image\" content=\"https:\/\/www.sprachschule-aktiv-muenchen.de\/wp-content\/uploads\/2019\/11\/boton-contactanos.png\" \/>\n<meta name=\"twitter:card\" content=\"summary_large_image\" \/>\n<meta name=\"twitter:label1\" content=\"Tiempo de lectura\" \/>\n\t<meta name=\"twitter:data1\" content=\"4 minutos\" \/>\n<script type=\"application\/ld+json\" class=\"yoast-schema-graph\">{\"@context\":\"https:\/\/schema.org\",\"@graph\":[{\"@type\":\"WebPage\",\"@id\":\"https:\/\/www.sprachschule-aktiv-muenchen.de\/es\/clases-privadas-de-aleman-en-munich\/\",\"url\":\"https:\/\/www.sprachschule-aktiv-muenchen.de\/es\/clases-privadas-de-aleman-en-munich\/\",\"name\":\"Clases particulares de alem\u00e1n en M\u00fanich - Clases privadas\",\"isPartOf\":{\"@id\":\"https:\/\/www.sprachschule-aktiv-muenchen.de\/#website\"},\"primaryImageOfPage\":{\"@id\":\"https:\/\/www.sprachschule-aktiv-muenchen.de\/es\/clases-privadas-de-aleman-en-munich\/#primaryimage\"},\"image\":{\"@id\":\"https:\/\/www.sprachschule-aktiv-muenchen.de\/es\/clases-privadas-de-aleman-en-munich\/#primaryimage\"},\"thumbnailUrl\":\"https:\/\/www.sprachschule-aktiv-muenchen.de\/wp-content\/uploads\/2019\/11\/boton-contactanos.png\",\"datePublished\":\"2017-02-28T20:02:02+00:00\",\"dateModified\":\"2022-12-23T08:40:21+00:00\",\"description\":\"Cursos particulares de alem\u00e1n en M\u00fanich. Clases privadas para todos los niveles (A1-C2) con profesores nativos. Cursos efectivos y econ\u00f3micos.\",\"breadcrumb\":{\"@id\":\"https:\/\/www.sprachschule-aktiv-muenchen.de\/es\/clases-privadas-de-aleman-en-munich\/#breadcrumb\"},\"inLanguage\":\"es\",\"potentialAction\":[{\"@type\":\"ReadAction\",\"target\":[\"https:\/\/www.sprachschule-aktiv-muenchen.de\/es\/clases-privadas-de-aleman-en-munich\/\"]}]},{\"@type\":\"ImageObject\",\"inLanguage\":\"es\",\"@id\":\"https:\/\/www.sprachschule-aktiv-muenchen.de\/es\/clases-privadas-de-aleman-en-munich\/#primaryimage\",\"url\":\"https:\/\/www.sprachschule-aktiv-muenchen.de\/wp-content\/uploads\/2019\/11\/boton-contactanos.png\",\"contentUrl\":\"https:\/\/www.sprachschule-aktiv-muenchen.de\/wp-content\/uploads\/2019\/11\/boton-contactanos.png\"},{\"@type\":\"BreadcrumbList\",\"@id\":\"https:\/\/www.sprachschule-aktiv-muenchen.de\/es\/clases-privadas-de-aleman-en-munich\/#breadcrumb\",\"itemListElement\":[{\"@type\":\"ListItem\",\"position\":1,\"name\":\"Portada\",\"item\":\"https:\/\/www.sprachschule-aktiv-muenchen.de\/es\/\"},{\"@type\":\"ListItem\",\"position\":2,\"name\":\"Curso privado\"}]},{\"@type\":\"WebSite\",\"@id\":\"https:\/\/www.sprachschule-aktiv-muenchen.de\/#website\",\"url\":\"https:\/\/www.sprachschule-aktiv-muenchen.de\/\",\"name\":\"Sprachschule Aktiv\",\"description\":\"\",\"potentialAction\":[{\"@type\":\"SearchAction\",\"target\":{\"@type\":\"EntryPoint\",\"urlTemplate\":\"https:\/\/www.sprachschule-aktiv-muenchen.de\/?s={search_term_string}\"},\"query-input\":{\"@type\":\"PropertyValueSpecification\",\"valueRequired\":true,\"valueName\":\"search_term_string\"}}],\"inLanguage\":\"es\"}]}<\/script>\n<!-- \/ Yoast SEO plugin. -->","yoast_head_json":{"title":"Clases particulares de alem\u00e1n en M\u00fanich - Clases privadas","description":"Cursos particulares de alem\u00e1n en M\u00fanich. Clases privadas para todos los niveles (A1-C2) con profesores nativos. Cursos efectivos y econ\u00f3micos.","robots":{"index":"index","follow":"follow","max-snippet":"max-snippet:-1","max-image-preview":"max-image-preview:large","max-video-preview":"max-video-preview:-1"},"canonical":"https:\/\/www.sprachschule-aktiv-muenchen.de\/es\/clases-privadas-de-aleman-en-munich\/","og_locale":"es_ES","og_type":"article","og_title":"Clases particulares de alem\u00e1n en M\u00fanich - Clases privadas","og_description":"Cursos particulares de alem\u00e1n en M\u00fanich. Clases privadas para todos los niveles (A1-C2) con profesores nativos. Cursos efectivos y econ\u00f3micos.","og_url":"https:\/\/www.sprachschule-aktiv-muenchen.de\/es\/clases-privadas-de-aleman-en-munich\/","og_site_name":"Sprachschule Aktiv","article_modified_time":"2022-12-23T08:40:21+00:00","og_image":[{"url":"https:\/\/www.sprachschule-aktiv-muenchen.de\/wp-content\/uploads\/2019\/11\/boton-contactanos.png","type":"","width":"","height":""}],"twitter_card":"summary_large_image","twitter_misc":{"Tiempo de lectura":"4 minutos"},"schema":{"@context":"https:\/\/schema.org","@graph":[{"@type":"WebPage","@id":"https:\/\/www.sprachschule-aktiv-muenchen.de\/es\/clases-privadas-de-aleman-en-munich\/","url":"https:\/\/www.sprachschule-aktiv-muenchen.de\/es\/clases-privadas-de-aleman-en-munich\/","name":"Clases particulares de alem\u00e1n en M\u00fanich - Clases privadas","isPartOf":{"@id":"https:\/\/www.sprachschule-aktiv-muenchen.de\/#website"},"primaryImageOfPage":{"@id":"https:\/\/www.sprachschule-aktiv-muenchen.de\/es\/clases-privadas-de-aleman-en-munich\/#primaryimage"},"image":{"@id":"https:\/\/www.sprachschule-aktiv-muenchen.de\/es\/clases-privadas-de-aleman-en-munich\/#primaryimage"},"thumbnailUrl":"https:\/\/www.sprachschule-aktiv-muenchen.de\/wp-content\/uploads\/2019\/11\/boton-contactanos.png","datePublished":"2017-02-28T20:02:02+00:00","dateModified":"2022-12-23T08:40:21+00:00","description":"Cursos particulares de alem\u00e1n en M\u00fanich. Clases privadas para todos los niveles (A1-C2) con profesores nativos. Cursos efectivos y econ\u00f3micos.","breadcrumb":{"@id":"https:\/\/www.sprachschule-aktiv-muenchen.de\/es\/clases-privadas-de-aleman-en-munich\/#breadcrumb"},"inLanguage":"es","potentialAction":[{"@type":"ReadAction","target":["https:\/\/www.sprachschule-aktiv-muenchen.de\/es\/clases-privadas-de-aleman-en-munich\/"]}]},{"@type":"ImageObject","inLanguage":"es","@id":"https:\/\/www.sprachschule-aktiv-muenchen.de\/es\/clases-privadas-de-aleman-en-munich\/#primaryimage","url":"https:\/\/www.sprachschule-aktiv-muenchen.de\/wp-content\/uploads\/2019\/11\/boton-contactanos.png","contentUrl":"https:\/\/www.sprachschule-aktiv-muenchen.de\/wp-content\/uploads\/2019\/11\/boton-contactanos.png"},{"@type":"BreadcrumbList","@id":"https:\/\/www.sprachschule-aktiv-muenchen.de\/es\/clases-privadas-de-aleman-en-munich\/#breadcrumb","itemListElement":[{"@type":"ListItem","position":1,"name":"Portada","item":"https:\/\/www.sprachschule-aktiv-muenchen.de\/es\/"},{"@type":"ListItem","position":2,"name":"Curso privado"}]},{"@type":"WebSite","@id":"https:\/\/www.sprachschule-aktiv-muenchen.de\/#website","url":"https:\/\/www.sprachschule-aktiv-muenchen.de\/","name":"Sprachschule Aktiv","description":"","potentialAction":[{"@type":"SearchAction","target":{"@type":"EntryPoint","urlTemplate":"https:\/\/www.sprachschule-aktiv-muenchen.de\/?s={search_term_string}"},"query-input":{"@type":"PropertyValueSpecification","valueRequired":true,"valueName":"search_term_string"}}],"inLanguage":"es"}]}},"_links":{"self":[{"href":"https:\/\/www.sprachschule-aktiv-muenchen.de\/es\/wp-json\/wp\/v2\/pages\/18316","targetHints":{"allow":["GET"]}}],"collection":[{"href":"https:\/\/www.sprachschule-aktiv-muenchen.de\/es\/wp-json\/wp\/v2\/pages"}],"about":[{"href":"https:\/\/www.sprachschule-aktiv-muenchen.de\/es\/wp-json\/wp\/v2\/types\/page"}],"author":[{"embeddable":true,"href":"https:\/\/www.sprachschule-aktiv-muenchen.de\/es\/wp-json\/wp\/v2\/users\/2"}],"replies":[{"embeddable":true,"href":"https:\/\/www.sprachschule-aktiv-muenchen.de\/es\/wp-json\/wp\/v2\/comments?post=18316"}],"version-history":[{"count":7,"href":"https:\/\/www.sprachschule-aktiv-muenchen.de\/es\/wp-json\/wp\/v2\/pages\/18316\/revisions"}],"predecessor-version":[{"id":72553,"href":"https:\/\/www.sprachschule-aktiv-muenchen.de\/es\/wp-json\/wp\/v2\/pages\/18316\/revisions\/72553"}],"wp:attachment":[{"href":"https:\/\/www.sprachschule-aktiv-muenchen.de\/es\/wp-json\/wp\/v2\/media?parent=18316"}],"curies":[{"name":"wp","href":"https:\/\/api.w.org\/{rel}","templated":true}]}}