{"id":18198,"date":"2017-02-28T19:59:58","date_gmt":"2017-02-28T18:59:58","guid":{"rendered":"https:\/\/www.sprachschule-aktiv-muenchen.de\/?page_id=18198\/"},"modified":"2026-02-24T12:19:39","modified_gmt":"2026-02-24T11:19:39","slug":"cursos-intensivos-de-aleman-en-munich","status":"publish","type":"page","link":"https:\/\/www.sprachschule-aktiv-muenchen.de\/es\/cursos-intensivos-de-aleman-en-munich\/","title":{"rendered":"Curso intensivo"},"content":{"rendered":"<p>[vc_row css=&#8221;.vc_custom_1488292898307{padding-top: 30px !important;padding-bottom: 30px !important;}&#8221;][vc_column][vc_column_text]<\/p>\n<h1 style=\"text-align: center;\">Cursos intensivos de alem\u00e1n en M\u00fanich: Nivel A1, A2, B1, B2, C1 y C2<\/h1>\n<p>[\/vc_column_text][vc_row_inner][vc_column_inner width=&#8221;1\/2&#8243;][vc_column_text]<\/p>\n<p style=\"text-align: center;\">\u00a1Aprender alem\u00e1n R\u00c1PIDO y BIEN en la mejor academia de alem\u00e1n en M\u00fanich! Todos los niveles, desde A1 hasta C2. Dirigido a personas que en poco tiempo quieren aprender o necesitan mejorar el idioma alem\u00e1n. El objetivo de estos cursos es que nuestros alumnos adquieran r\u00e1pidamente un buen conocimiento y manejo del idioma.<\/p>\n<p>&nbsp;<\/p>\n<h2 style=\"text-align: center;\">Oferta especial alem\u00e1n en M\u00fanich &#8211; 4 Semanas de curso Intensivo a s\u00f3lo 319 \u20ac<\/h2>\n<p style=\"text-align: center;\"><strong>Duraci\u00f3n del curso intensivo:<\/strong> 4 semanas, de lunes a jueves de 9:00 a 12:00<br \/>\n<strong>Precio por las 4 semanas:<\/strong> 319 \u20ac<br \/>\n<strong>Fecha de inicio:<\/strong> El primer lunes de cada mes.<\/p>\n<h2 style=\"text-align: center;\">Cursos superintensivos de alem\u00e1n en M\u00fanich con 100 \u20ac de descuento<\/h2>\n<p style=\"text-align: center;\"><strong>Pagar\u00e1s 499 \u20ac en vez de 599 \u20ac<\/strong><\/p>\n<p style=\"text-align: center;\">Duraci\u00f3n: 4 semanas, de lunes a viernes de 9:00 a 12:00<\/p>\n<p style=\"text-align: center;\">Precios:<br \/>\n1 Semana: 199 \u20ac<br \/>\n2 Semanas: 349 \u20ac<br \/>\n3 Semanas: 411 \u20ac<br \/>\n4 Semanas: 499 \u20ac por todo el mes<\/p>\n<p style=\"text-align: center;\">Fechas de inicio: con conocimientos de alem\u00e1n puedes unirte a los cursos todos los lunes. Para principiantes, nuestros cursos empiezan una vez por mes. M\u00e1s abajo en esta p\u00e1gina encuentra las fechas de inicio.<\/p>\n<h2 style=\"text-align: center;\">Cursos semiintensivos diarios de 90 min. &#8211; Oferta 299 \u20ac por mes<\/h2>\n<p style=\"text-align: center;\">3 horarios a elegir:<\/p>\n<p style=\"text-align: center;\">De lunes a viernes de 18:00 a 19:30<\/p>\n<p style=\"text-align: center;\">De lunes a viernes de 19:30 a 21:00<\/p>\n<p style=\"text-align: center;\">Precio por 4 semanas: 299 \u20ac<\/p>\n<p style=\"text-align: center;\"><strong>Fechas de inicio para principiantes:<\/strong> La fechas de inicio se encuentran m\u00e1s abajo en esta p\u00e1gina.<\/p>\n<p style=\"text-align: center;\"><strong>Fechas de inicio con conocimientos de alem\u00e1n:<\/strong> Puedes empezar todos los lunes.<\/p>\n<p style=\"text-align: center;\"><a href=\"https:\/\/www.sprachschule-aktiv-muenchen.de\/es\/inscribete-cursos-aleman\/\"><img decoding=\"async\" class=\"alignnone size-full wp-image-52734\" src=\"https:\/\/www.sprachschule-aktiv-muenchen.de\/wp-content\/uploads\/2019\/11\/boton-inscribite.png\" alt=\"Inscr\u00edbete\" width=\"291\" height=\"70\" \/><\/a><\/p>\n<p>[\/vc_column_text][\/vc_column_inner][vc_column_inner width=&#8221;1\/2&#8243;][vc_single_image image=&#8221;17929&#8243; img_size=&#8221;full&#8221; style=&#8221;vc_box_outline&#8221;][vc_video link=&#8221;https:\/\/youtu.be\/O8OSUHbmfWQ&#8221; title=&#8221;&#8220;YouTube&#8221; src=&#8221;&#8220;https:\/\/www.youtube.com\/embed\/O8OSUHbmfWQ&#8220;&#8221; width=&#8221;&#8220;560&#8220;&#8221; height=&#8221;&#8220;315&#8220;&#8221; frameborder=&#8221;&#8220;0&#8220;&#8221;][\/vc_column_inner][\/vc_row_inner][\/vc_column][\/vc_row][vc_row full_width=&#8221;stretch_row&#8221; css=&#8221;.vc_custom_1488293143340{padding-top: 30px !important;padding-bottom: 30px !important;background-color: #f9f9f9 !important;}&#8221;][vc_column][vc_column_text]<\/p>\n<h2 style=\"text-align: center;\">FECHA DE INICIO 2026 &#8211; Curso Intensivo de Alem\u00e1n<\/h2>\n<p>\n<table id=\"tablepress-158\" class=\"tablepress tablepress-id-158 tablepress-responsive tbody-has-connected-cells\">\n<thead>\n<tr class=\"row-1\">\n\t<th colspan=\"3\" class=\"column-1\">Cursos superintensivos de alem\u00e1n de 09:00 a 12:00 <\/th>\n<\/tr>\n<\/thead>\n<tbody class=\"row-striping row-hover\">\n<tr class=\"row-2\">\n\t<td class=\"column-1\">ENERO<\/td><td class=\"column-2\">FEBRERO<\/td><td class=\"column-3\">MARZO<\/td>\n<\/tr>\n<tr class=\"row-3\">\n\t<td class=\"column-1\">05.01.2026<\/td><td class=\"column-2\">02.02.2026<\/td><td class=\"column-3\">02.03.2026<\/td>\n<\/tr>\n<tr class=\"row-4\">\n\t<td class=\"column-1\">ABRIL<\/td><td class=\"column-2\">MAYO<\/td><td class=\"column-3\">JUNIO<\/td>\n<\/tr>\n<tr class=\"row-5\">\n\t<td class=\"column-1\">30.03.2026*<\/td><td class=\"column-2\">04.05.2026<\/td><td class=\"column-3\">01.06.2026<\/td>\n<\/tr>\n<tr class=\"row-6\">\n\t<td class=\"column-1\">JULIO<\/td><td class=\"column-2\">AGOSTO<\/td><td class=\"column-3\">SEPTIEMBRE<\/td>\n<\/tr>\n<tr class=\"row-7\">\n\t<td class=\"column-1\">29.06.2026*<\/td><td class=\"column-2\">03.08.2026*<\/td><td class=\"column-3\">31.08.2026*<\/td>\n<\/tr>\n<tr class=\"row-8\">\n\t<td class=\"column-1\">OCTUBRE<\/td><td class=\"column-2\">NOVIEMBRE<\/td><td class=\"column-3\">DICIEMBRE<\/td>\n<\/tr>\n<tr class=\"row-9\">\n\t<td class=\"column-1\">28.09.2026*<\/td><td class=\"column-2\">26.10.2026*<\/td><td class=\"column-3\">23.11.2026*<\/td>\n<\/tr>\n<tr class=\"row-10\">\n\t<td colspan=\"3\" class=\"column-1\">Curso superintensivo de alem\u00e1n, de lunes a viernes<\/td>\n<\/tr>\n<tr class=\"row-11\">\n\t<td class=\"column-1\"><\/td><td class=\"column-2\"><\/td><td class=\"column-3\"><\/td>\n<\/tr>\n<tr class=\"row-12\">\n\t<td class=\"column-1\">Precios:<br \/>\n1 semana: 199\u20ac<br \/>\n2 semanas: 349\u20ac<br \/>\n3 semanas: 411\u20ac<br \/>\n4 semanas: 499\u20ac<br \/>\n<\/td><td class=\"column-2\"><\/td><td class=\"column-3\"><\/td>\n<\/tr>\n<tr class=\"row-13\">\n\t<td colspan=\"3\" class=\"column-1\">Horario a partir de 5 alumnos.<\/td>\n<\/tr>\n<\/tbody>\n<\/table>\n<!-- #tablepress-158 from cache -->[\/vc_column_text][\/vc_column][\/vc_row][vc_row full_width=&#8221;stretch_row&#8221; css=&#8221;.vc_custom_1488293157719{padding-top: 30px !important;padding-bottom: 30px !important;}&#8221;][vc_column][vc_column_text]<\/p>\n<h2 style=\"text-align: center;\">\u00bfBuscas un curso intensivo de alem\u00e1n en Alemania?<\/h2>\n<p style=\"text-align: center;\">\u00a1\u00a1\u00a1No te preocupes, tenemos la OFERTA que necesitas!!!<\/p>\n<p style=\"text-align: center;\">Si has decidido iniciar una nueva vida en Alemania y disfrutar de todas las posibilidades que este pa\u00eds brinda a todos los profesionales y estudiantes extranjeros, lo m\u00e1s importante es aprender el idioma. Esto puede resultar dif\u00edcil si no se cuenta con una metodolog\u00eda din\u00e1mica y eficaz. Nosotros contamos con profesores nativos y todos, como m\u00ednimo, biling\u00fces. La comunicaci\u00f3n con el profesor nunca ser\u00e1 un problema.<\/p>\n<h2 style=\"text-align: center;\">Si buscas un curso intensivo y ec\u00f3nomico en M\u00fanich, est\u00e1s en la academia apropiada<\/h2>\n<p style=\"text-align: center;\">Nuestros cursos intensivos no solo son ec\u00f3nomicos sino tambi\u00e9n de excelente calidad. Aprender\u00e1s alem\u00e1n de forma divertida y eficaz. Si deseas pagar el curso a plazos, no hay ning\u00fan problema: nosotros nos adaptamos a tus necesidades. Puedes encontrarnos en esta direcci\u00f3n:<\/p>\n<p style=\"text-align: center;\">He\u00dfstra\u00dfe 90<\/p>\n<div>\n<div class=\"vk_sh vk_bk\" style=\"text-align: center;\"><span class=\"fMYBhe\">80797 M\u00fcnchen<\/span><\/div>\n<\/div>\n<div class=\"Uekwlc MdlnDb\">\n<div class=\"pBr83e\"><\/div>\n<\/div>\n<h2 style=\"text-align: center;\">Cursos intensivos para j\u00f3venes, estudiantes y parejas<\/h2>\n<p style=\"text-align: center;\">Tambi\u00e9n ofrecemos cursos especiales para gente joven o estudiantes. En estos cursos le damos mucha importanci\u00e1 a la comunicaci\u00f3n. Despu\u00e9s de las clases organizamos actividades al aire libre, visitas guiadas por M\u00fanich y alrededores y actividades culturales para conocer la cultura alemana. <strong>Aprende alem\u00e1n en M\u00fanich &#8211; Alemania<\/strong> con nuestros cursos intensivos de alem\u00e1n, recomendados a personas que quieran obtener conocimientos b\u00e1sicos del idioma alem\u00e1n en poco tiempo.<\/p>\n<p>\u00a1Adi\u00f3s a las excusas para no aprender ALEM\u00c1N![\/vc_column_text][\/vc_column][\/vc_row][vc_row full_width=&#8221;stretch_row&#8221; css=&#8221;.vc_custom_1488293520283{padding-top: 30px !important;padding-bottom: 30px !important;background-color: #f9f9f9 !important;}&#8221;][vc_column][vc_row_inner][vc_column_inner width=&#8221;1\/2&#8243;][vc_column_text]<\/p>\n<h2 style=\"text-align: center;\">Cursos intensivos de alem\u00e1n para todas las necesidades<\/h2>\n<p style=\"text-align: center;\">Por trabajo o estudios, para una entrevista o simplemente un refuerzo de la conversaci\u00f3n o gr\u00e1matica. \u00bfNecesitas aprender alem\u00e1n por trabajo o estudios, para una entrevista o simplemente para mejorar tu gram\u00e1tica o conversaci\u00f3n?<\/p>\n<p>Entonces los cursos intensivos son ideales para ti. Si deseas estudiar y aprender alem\u00e1n de una manera r\u00e1pida, divertida y eficaz, \u201cSprachschule Aktiv\u201d M\u00fanich es el lugar indicado para ti. Con nosotros podr\u00e1s realizar el curso de alem\u00e1n en Alemania que tanto estabas esperando. Este es la mejor opci\u00f3n para poder aprender la lengua de forma natural y sencilla, sumergi\u00e9ndote en la cultura alemana y aprendiendo d\u00eda a d\u00eda de sus gentes y sus costumbres.[\/vc_column_text][\/vc_column_inner][vc_column_inner width=&#8221;1\/2&#8243;][vc_video link=&#8221;https:\/\/youtu.be\/3COnuIj0gzY&#8221; title=&#8221;https:\/\/youtu.be\/O8OSUHbmfWQ&#8221; src=&#8221;&#8220;https:\/\/www.youtube.com\/embed\/3COnuIj0gzY&#8220;&#8221; width=&#8221;&#8220;560&#8220;&#8221; height=&#8221;&#8220;315&#8220;&#8221; frameborder=&#8221;&#8220;0&#8220;&#8221;][\/vc_column_inner][\/vc_row_inner][vc_column_text]<\/p>\n<p style=\"text-align: center;\">Aprender\u00e1s la gram\u00e1tica alemana con profesores especializados en Germ\u00e1nicas, que son los estudios de la lengua alemana necesarios para ser profesor certificado y cualificado. Nuestros cursos intensivos de alem\u00e1n van desde el nivel b\u00e1sico (A1.1) hasta el nivel superior (C2.2).<\/p>\n<p>[\/vc_column_text][\/vc_column][\/vc_row][vc_row full_width=&#8221;stretch_row&#8221; css=&#8221;.vc_custom_1488293579177{padding-top: 30px !important;padding-bottom: 30px !important;}&#8221;][vc_column][vc_column_text]<\/p>\n<h2 style=\"text-align: center;\">Aprender alem\u00e1n en 3 horarios con los cursos intensivos<\/h2>\n<p style=\"text-align: center;\">3 horarios a escoger por las ma\u00f1anas o por las tardes. Cada nivel de alem\u00e1n se completa en 4 semanas, pero tambi\u00e9n ofrecemos la posibilidad de reservar por semanas con los cursos superintensivos: una, dos o tres semanas para que puedas avanzar a tu ritmo.<\/p>\n<p style=\"text-align: center;\">Nuestro objetivo es ayudarte a entender , comprender y hablar correctamente el idioma alem\u00e1n, por lo que creamos una oferta b\u00e1sica para iniciar tus conocimientos de alem\u00e1n: 4 semanas por tan solo 499\u20ac. Las clases son de lunes a viernes, de 9:00 a.m. a 12:00 p.m.<\/p>\n<h2 style=\"text-align: center;\">\u00bfYa hablas alem\u00e1n pero quieres mejorarlo? \u00bfTe gustar\u00eda reforzar la gr\u00e1matica o conversaci\u00f3n?<\/h2>\n<p style=\"text-align: center;\">Nuestros cursos intensivos abarcan hasta el nivel C2. Si est\u00e1s interesado en estudiar en una Universidad aelamana y necesitas aprobar el examen oficial, nuestros cursos a partir del B1 te prepar\u00e1n para conseguir tu objetivo.<\/p>\n<p style=\"text-align: center;\">La dedicaci\u00f3n de cada profesor con sus alumnos es una de nuestras fortalezas como escuela de idiomas, ya que cada uno de ellos, no solo ense\u00f1a el alem\u00e1n, sino que muestra con ejemplos reales c\u00f3mo es el comportamiento de la sociedad en Alemania. Despu\u00e9s de nuestras clases de alem\u00e1n en la ciudad de M\u00fanich, realizamos diversas actividades con nuestros estudiantes como, por ejemplo, excursiones, visitas a museos, fiestas, encuentros con alemanes y mucho m\u00e1s\u2026<\/p>\n<p>[\/vc_column_text][\/vc_column][\/vc_row][vc_row full_width=&#8221;stretch_row&#8221; css=&#8221;.vc_custom_1488293872101{padding-top: 30px !important;padding-bottom: 30px !important;background-color: #f9f9f9 !important;}&#8221;][vc_column width=&#8221;1\/2&#8243;][vc_single_image image=&#8221;74470&#8243; img_size=&#8221;full&#8221; style=&#8221;vc_box_outline&#8221;][\/vc_column][vc_column width=&#8221;1\/2&#8243;][vc_column_text]<\/p>\n<h2 style=\"text-align: center;\">Cursos intensivos para empresas o grupos individuales<\/h2>\n<p style=\"text-align: center;\">Si necesita clases de alem\u00e1n para su personal, le organizamos con mucho gusto un curso especial y a medida. Tambi\u00e9n organizamos para grupos ya hechos. Para m\u00e1s preguntas cont\u00e1ctanos por correo y le enviaremos una oferta especial. Nuestra escuela es una instituci\u00f3n educativa reconocida y certificada en M\u00fanich. Al final de tus cursos siempre recibir\u00e1s un certificado de participaci\u00f3n donde se especifica la cantidad de horas y el nivel obtenido.<\/p>\n<p style=\"text-align: center;\">Aprende alem\u00e1n con nosotros de forma divertida y eficaz y descubre la maravillosa ciudad de M\u00fanich!<\/p>\n<p>[\/vc_column_text][\/vc_column][\/vc_row][vc_row full_width=&#8221;stretch_row&#8221; equal_height=&#8221;yes&#8221; content_placement=&#8221;middle&#8221; el_class=&#8221;action-box m-b-none theme-bg-color&#8221; css=&#8221;.vc_custom_1487762904994{padding-top: 25px !important;padding-bottom: 30px !important;}&#8221;][vc_column width=&#8221;2\/3&#8243;][vc_column_text]<\/p>\n<h3 class=\"text-white\">\u00bfQui\u00e9res estudiar alem\u00e1n en M\u00fanich?<\/h3>\n<p class=\"text-white\">Contacta con nosotros y aprende alem\u00e1n en M\u00fanich. Cursos para todos los niveles.<\/p>\n<p>[\/vc_column_text][\/vc_column][vc_column width=&#8221;1\/3&#8243; el_class=&#8221;text-right&#8221;]\t<div class=\"vc_btn3-container vc_btn3-inline\">\r\n\t\t<a href=\"\/es\/contacto-ubicacion\/\" class=\"pgs_btn pgs_btn_style_3 pgs_btn_xl\">\r\n\t\t\t<span>\r\n\t\t\t\tContacta con nosotros\t\t\t<\/span>\r\n\t\t\t\t\t\t<i class=\"fa fa-chevron-right\"><\/i>\r\n\t\t\t\t\t<\/a>\r\n\t<\/div>\r\n\t[\/vc_column][\/vc_row]<\/p>\n","protected":false},"excerpt":{"rendered":"<p>[vc_row css=&#8221;.vc_custom_1488292898307{padding-top: 30px !important;padding-bottom: 30px !important;}&#8221;][vc_column][vc_column_text] Cursos intensivos de alem\u00e1n en M\u00fanich: Nivel A1, A2, B1, B2, C1 y C2 [\/vc_column_text][vc_row_inner][vc_column_inner width=&#8221;1\/2&#8243;][vc_column_text] \u00a1Aprender alem\u00e1n R\u00c1PIDO y BIEN en la mejor academia de alem\u00e1n en M\u00fanich! Todos los niveles, desde A1 hasta C2. Dirigido a personas que en poco tiempo quieren aprender o necesitan mejorar el&hellip; <a class=\"read-more\" href=\"https:\/\/www.sprachschule-aktiv-muenchen.de\/es\/cursos-intensivos-de-aleman-en-munich\/\" title=\"Read Curso intensivo\">Read more &raquo;<\/a><\/p>\n","protected":false},"author":2,"featured_media":0,"parent":0,"menu_order":0,"comment_status":"closed","ping_status":"closed","template":"","meta":{"footnotes":""},"class_list":["post-18198","page","type-page","status-publish","hentry"],"yoast_head":"<!-- This site is optimized with the Yoast SEO plugin v27.1.1 - https:\/\/yoast.com\/product\/yoast-seo-wordpress\/ -->\n<title>Curso Intensivo de alem\u00e1n en M\u00fanich - A1, A2, B1, B2, C1, C2<\/title>\n<meta name=\"description\" content=\"Cursos intensivos de alem\u00e1n en M\u00fanich para principiantes y avanzados desde A1 hasta el C2. Clase de prueba gratuita. Ex\u00e1menes, certificados.\" \/>\n<meta name=\"robots\" content=\"index, follow, max-snippet:-1, max-image-preview:large, max-video-preview:-1\" \/>\n<link rel=\"canonical\" href=\"https:\/\/www.sprachschule-aktiv-muenchen.de\/es\/cursos-intensivos-de-aleman-en-munich\/\" \/>\n<meta property=\"og:locale\" content=\"es_ES\" \/>\n<meta property=\"og:type\" content=\"article\" \/>\n<meta property=\"og:title\" content=\"Curso Intensivo de alem\u00e1n en M\u00fanich - A1, A2, B1, B2, C1, C2\" \/>\n<meta property=\"og:description\" content=\"Cursos intensivos de alem\u00e1n en M\u00fanich para principiantes y avanzados desde A1 hasta el C2. Clase de prueba gratuita. Ex\u00e1menes, certificados.\" \/>\n<meta property=\"og:url\" content=\"https:\/\/www.sprachschule-aktiv-muenchen.de\/es\/cursos-intensivos-de-aleman-en-munich\/\" \/>\n<meta property=\"og:site_name\" content=\"Sprachschule Aktiv\" \/>\n<meta property=\"article:modified_time\" content=\"2026-02-24T11:19:39+00:00\" \/>\n<meta property=\"og:image\" content=\"https:\/\/www.sprachschule-aktiv-muenchen.de\/wp-content\/uploads\/2019\/11\/boton-inscribite.png\" \/>\n\t<meta property=\"og:image:width\" content=\"291\" \/>\n\t<meta property=\"og:image:height\" content=\"70\" \/>\n\t<meta property=\"og:image:type\" content=\"image\/png\" \/>\n<meta name=\"twitter:card\" content=\"summary_large_image\" \/>\n<meta name=\"twitter:label1\" content=\"Tiempo de lectura\" \/>\n\t<meta name=\"twitter:data1\" content=\"7 minutos\" \/>\n<script type=\"application\/ld+json\" class=\"yoast-schema-graph\">{\"@context\":\"https:\/\/schema.org\",\"@graph\":[{\"@type\":\"WebPage\",\"@id\":\"https:\/\/www.sprachschule-aktiv-muenchen.de\/es\/cursos-intensivos-de-aleman-en-munich\/\",\"url\":\"https:\/\/www.sprachschule-aktiv-muenchen.de\/es\/cursos-intensivos-de-aleman-en-munich\/\",\"name\":\"Curso Intensivo de alem\u00e1n en M\u00fanich - A1, A2, B1, B2, C1, C2\",\"isPartOf\":{\"@id\":\"https:\/\/www.sprachschule-aktiv-muenchen.de\/#website\"},\"primaryImageOfPage\":{\"@id\":\"https:\/\/www.sprachschule-aktiv-muenchen.de\/es\/cursos-intensivos-de-aleman-en-munich\/#primaryimage\"},\"image\":{\"@id\":\"https:\/\/www.sprachschule-aktiv-muenchen.de\/es\/cursos-intensivos-de-aleman-en-munich\/#primaryimage\"},\"thumbnailUrl\":\"https:\/\/www.sprachschule-aktiv-muenchen.de\/wp-content\/uploads\/2019\/11\/boton-inscribite.png\",\"datePublished\":\"2017-02-28T18:59:58+00:00\",\"dateModified\":\"2026-02-24T11:19:39+00:00\",\"description\":\"Cursos intensivos de alem\u00e1n en M\u00fanich para principiantes y avanzados desde A1 hasta el C2. Clase de prueba gratuita. Ex\u00e1menes, certificados.\",\"breadcrumb\":{\"@id\":\"https:\/\/www.sprachschule-aktiv-muenchen.de\/es\/cursos-intensivos-de-aleman-en-munich\/#breadcrumb\"},\"inLanguage\":\"es\",\"potentialAction\":[{\"@type\":\"ReadAction\",\"target\":[\"https:\/\/www.sprachschule-aktiv-muenchen.de\/es\/cursos-intensivos-de-aleman-en-munich\/\"]}]},{\"@type\":\"ImageObject\",\"inLanguage\":\"es\",\"@id\":\"https:\/\/www.sprachschule-aktiv-muenchen.de\/es\/cursos-intensivos-de-aleman-en-munich\/#primaryimage\",\"url\":\"https:\/\/www.sprachschule-aktiv-muenchen.de\/wp-content\/uploads\/2019\/11\/boton-inscribite.png\",\"contentUrl\":\"https:\/\/www.sprachschule-aktiv-muenchen.de\/wp-content\/uploads\/2019\/11\/boton-inscribite.png\"},{\"@type\":\"BreadcrumbList\",\"@id\":\"https:\/\/www.sprachschule-aktiv-muenchen.de\/es\/cursos-intensivos-de-aleman-en-munich\/#breadcrumb\",\"itemListElement\":[{\"@type\":\"ListItem\",\"position\":1,\"name\":\"Portada\",\"item\":\"https:\/\/www.sprachschule-aktiv-muenchen.de\/es\/\"},{\"@type\":\"ListItem\",\"position\":2,\"name\":\"Curso intensivo\"}]},{\"@type\":\"WebSite\",\"@id\":\"https:\/\/www.sprachschule-aktiv-muenchen.de\/#website\",\"url\":\"https:\/\/www.sprachschule-aktiv-muenchen.de\/\",\"name\":\"Sprachschule Aktiv\",\"description\":\"\",\"potentialAction\":[{\"@type\":\"SearchAction\",\"target\":{\"@type\":\"EntryPoint\",\"urlTemplate\":\"https:\/\/www.sprachschule-aktiv-muenchen.de\/?s={search_term_string}\"},\"query-input\":{\"@type\":\"PropertyValueSpecification\",\"valueRequired\":true,\"valueName\":\"search_term_string\"}}],\"inLanguage\":\"es\"}]}<\/script>\n<!-- \/ Yoast SEO plugin. -->","yoast_head_json":{"title":"Curso Intensivo de alem\u00e1n en M\u00fanich - A1, A2, B1, B2, C1, C2","description":"Cursos intensivos de alem\u00e1n en M\u00fanich para principiantes y avanzados desde A1 hasta el C2. Clase de prueba gratuita. Ex\u00e1menes, certificados.","robots":{"index":"index","follow":"follow","max-snippet":"max-snippet:-1","max-image-preview":"max-image-preview:large","max-video-preview":"max-video-preview:-1"},"canonical":"https:\/\/www.sprachschule-aktiv-muenchen.de\/es\/cursos-intensivos-de-aleman-en-munich\/","og_locale":"es_ES","og_type":"article","og_title":"Curso Intensivo de alem\u00e1n en M\u00fanich - A1, A2, B1, B2, C1, C2","og_description":"Cursos intensivos de alem\u00e1n en M\u00fanich para principiantes y avanzados desde A1 hasta el C2. Clase de prueba gratuita. Ex\u00e1menes, certificados.","og_url":"https:\/\/www.sprachschule-aktiv-muenchen.de\/es\/cursos-intensivos-de-aleman-en-munich\/","og_site_name":"Sprachschule Aktiv","article_modified_time":"2026-02-24T11:19:39+00:00","og_image":[{"width":291,"height":70,"url":"https:\/\/www.sprachschule-aktiv-muenchen.de\/wp-content\/uploads\/2019\/11\/boton-inscribite.png","type":"image\/png"}],"twitter_card":"summary_large_image","twitter_misc":{"Tiempo de lectura":"7 minutos"},"schema":{"@context":"https:\/\/schema.org","@graph":[{"@type":"WebPage","@id":"https:\/\/www.sprachschule-aktiv-muenchen.de\/es\/cursos-intensivos-de-aleman-en-munich\/","url":"https:\/\/www.sprachschule-aktiv-muenchen.de\/es\/cursos-intensivos-de-aleman-en-munich\/","name":"Curso Intensivo de alem\u00e1n en M\u00fanich - A1, A2, B1, B2, C1, C2","isPartOf":{"@id":"https:\/\/www.sprachschule-aktiv-muenchen.de\/#website"},"primaryImageOfPage":{"@id":"https:\/\/www.sprachschule-aktiv-muenchen.de\/es\/cursos-intensivos-de-aleman-en-munich\/#primaryimage"},"image":{"@id":"https:\/\/www.sprachschule-aktiv-muenchen.de\/es\/cursos-intensivos-de-aleman-en-munich\/#primaryimage"},"thumbnailUrl":"https:\/\/www.sprachschule-aktiv-muenchen.de\/wp-content\/uploads\/2019\/11\/boton-inscribite.png","datePublished":"2017-02-28T18:59:58+00:00","dateModified":"2026-02-24T11:19:39+00:00","description":"Cursos intensivos de alem\u00e1n en M\u00fanich para principiantes y avanzados desde A1 hasta el C2. Clase de prueba gratuita. Ex\u00e1menes, certificados.","breadcrumb":{"@id":"https:\/\/www.sprachschule-aktiv-muenchen.de\/es\/cursos-intensivos-de-aleman-en-munich\/#breadcrumb"},"inLanguage":"es","potentialAction":[{"@type":"ReadAction","target":["https:\/\/www.sprachschule-aktiv-muenchen.de\/es\/cursos-intensivos-de-aleman-en-munich\/"]}]},{"@type":"ImageObject","inLanguage":"es","@id":"https:\/\/www.sprachschule-aktiv-muenchen.de\/es\/cursos-intensivos-de-aleman-en-munich\/#primaryimage","url":"https:\/\/www.sprachschule-aktiv-muenchen.de\/wp-content\/uploads\/2019\/11\/boton-inscribite.png","contentUrl":"https:\/\/www.sprachschule-aktiv-muenchen.de\/wp-content\/uploads\/2019\/11\/boton-inscribite.png"},{"@type":"BreadcrumbList","@id":"https:\/\/www.sprachschule-aktiv-muenchen.de\/es\/cursos-intensivos-de-aleman-en-munich\/#breadcrumb","itemListElement":[{"@type":"ListItem","position":1,"name":"Portada","item":"https:\/\/www.sprachschule-aktiv-muenchen.de\/es\/"},{"@type":"ListItem","position":2,"name":"Curso intensivo"}]},{"@type":"WebSite","@id":"https:\/\/www.sprachschule-aktiv-muenchen.de\/#website","url":"https:\/\/www.sprachschule-aktiv-muenchen.de\/","name":"Sprachschule Aktiv","description":"","potentialAction":[{"@type":"SearchAction","target":{"@type":"EntryPoint","urlTemplate":"https:\/\/www.sprachschule-aktiv-muenchen.de\/?s={search_term_string}"},"query-input":{"@type":"PropertyValueSpecification","valueRequired":true,"valueName":"search_term_string"}}],"inLanguage":"es"}]}},"_links":{"self":[{"href":"https:\/\/www.sprachschule-aktiv-muenchen.de\/es\/wp-json\/wp\/v2\/pages\/18198","targetHints":{"allow":["GET"]}}],"collection":[{"href":"https:\/\/www.sprachschule-aktiv-muenchen.de\/es\/wp-json\/wp\/v2\/pages"}],"about":[{"href":"https:\/\/www.sprachschule-aktiv-muenchen.de\/es\/wp-json\/wp\/v2\/types\/page"}],"author":[{"embeddable":true,"href":"https:\/\/www.sprachschule-aktiv-muenchen.de\/es\/wp-json\/wp\/v2\/users\/2"}],"replies":[{"embeddable":true,"href":"https:\/\/www.sprachschule-aktiv-muenchen.de\/es\/wp-json\/wp\/v2\/comments?post=18198"}],"version-history":[{"count":25,"href":"https:\/\/www.sprachschule-aktiv-muenchen.de\/es\/wp-json\/wp\/v2\/pages\/18198\/revisions"}],"predecessor-version":[{"id":80321,"href":"https:\/\/www.sprachschule-aktiv-muenchen.de\/es\/wp-json\/wp\/v2\/pages\/18198\/revisions\/80321"}],"wp:attachment":[{"href":"https:\/\/www.sprachschule-aktiv-muenchen.de\/es\/wp-json\/wp\/v2\/media?parent=18198"}],"curies":[{"name":"wp","href":"https:\/\/api.w.org\/{rel}","templated":true}]}}