{"id":11266,"date":"2017-02-24T23:44:56","date_gmt":"2017-02-24T22:44:56","guid":{"rendered":"https:\/\/www.sprachschule-aktiv-muenchen.de\/?page_id=11266\/"},"modified":"2022-08-08T05:55:20","modified_gmt":"2022-08-08T03:55:20","slug":"registrovat","status":"publish","type":"page","link":"https:\/\/www.sprachschule-aktiv-muenchen.de\/cs\/registrovat\/","title":{"rendered":"Registrovat"},"content":{"rendered":"<p>[vc_row css=&#8221;.vc_custom_1486284745672{margin-top: 25px !important;padding-bottom: 30px !important;}&#8221;][vc_column][vc_column_text]<\/p>\n<h1>P\u0159ipojte se k na\u0161im jazykov\u00e9 kurzy<\/h1>\n<p>P\u0159ipojte se k na\u0161im jazykov\u00e9 kurzy[\/vc_column_text][vc_row_inner][vc_column_inner width=&#8221;2\/3&#8243;]\n<div class=\"wpcf7 no-js\" id=\"wpcf7-f46086-o1\" lang=\"de-DE\" dir=\"ltr\" data-wpcf7-id=\"46086\">\n<div class=\"screen-reader-response\"><p role=\"status\" aria-live=\"polite\" aria-atomic=\"true\"><\/p> <ul><\/ul><\/div>\n<form action=\"\/cs\/wp-json\/wp\/v2\/pages\/11266#wpcf7-f46086-o1\" method=\"post\" class=\"wpcf7-form init wpcf7-acceptance-as-validation\" aria-label=\"Kontaktformular\" novalidate=\"novalidate\" data-status=\"init\">\n<fieldset class=\"hidden-fields-container\"><input type=\"hidden\" name=\"_wpcf7\" value=\"46086\" \/><input type=\"hidden\" name=\"_wpcf7_version\" value=\"6.1.5\" \/><input type=\"hidden\" name=\"_wpcf7_locale\" value=\"de_DE\" \/><input type=\"hidden\" name=\"_wpcf7_unit_tag\" value=\"wpcf7-f46086-o1\" \/><input type=\"hidden\" name=\"_wpcf7_container_post\" value=\"0\" \/><input type=\"hidden\" name=\"_wpcf7_posted_data_hash\" value=\"\" \/><input type=\"hidden\" name=\"_wpcf7cf_hidden_group_fields\" value=\"[]\" \/><input type=\"hidden\" name=\"_wpcf7cf_hidden_groups\" value=\"[]\" \/><input type=\"hidden\" name=\"_wpcf7cf_visible_groups\" value=\"[]\" \/><input type=\"hidden\" name=\"_wpcf7cf_repeaters\" value=\"[]\" \/><input type=\"hidden\" name=\"_wpcf7cf_steps\" value=\"{}\" \/><input type=\"hidden\" name=\"_wpcf7cf_options\" value=\"{&quot;form_id&quot;:46086,&quot;conditions&quot;:[{&quot;then_field&quot;:&quot;ueberweisung&quot;,&quot;and_rules&quot;:[{&quot;if_field&quot;:&quot;Zahlung&quot;,&quot;operator&quot;:&quot;equals&quot;,&quot;if_value&quot;:&quot;P\\u0159evod&quot;}]}],&quot;settings&quot;:{&quot;animation&quot;:&quot;yes&quot;,&quot;animation_intime&quot;:200,&quot;animation_outtime&quot;:200,&quot;conditions_ui&quot;:&quot;normal&quot;,&quot;notice_dismissed&quot;:false}}\" \/><input type=\"hidden\" name=\"_wpcf7_recaptcha_response\" value=\"\" \/>\n<\/fieldset>\n<p>Obchod: <span class=\"wpcf7-form-control-wrap\" data-name=\"Firma\"><input size=\"40\" maxlength=\"400\" class=\"wpcf7-form-control wpcf7-text\" aria-invalid=\"false\" value=\"\" type=\"text\" name=\"Firma\" \/><\/span>\n<\/p>\n<p>K\u0159estn\u00ed jm\u00e9no*: <span class=\"wpcf7-form-control-wrap\" data-name=\"Vorname\"><input size=\"40\" maxlength=\"400\" class=\"wpcf7-form-control wpcf7-text wpcf7-validates-as-required\" aria-required=\"true\" aria-invalid=\"false\" value=\"\" type=\"text\" name=\"Vorname\" \/><\/span>\n<\/p>\n<p>P\u0159\u00edjmen\u00ed*: <span class=\"wpcf7-form-control-wrap\" data-name=\"Nachname\"><input size=\"40\" maxlength=\"400\" class=\"wpcf7-form-control wpcf7-text wpcf7-validates-as-required\" aria-required=\"true\" aria-invalid=\"false\" value=\"\" type=\"text\" name=\"Nachname\" \/><\/span>\n<\/p>\n<p>Pouli\u010dn\u00ed\/\u010d\u00edslo domu*: <span class=\"wpcf7-form-control-wrap\" data-name=\"Adresse\"><input size=\"40\" maxlength=\"400\" class=\"wpcf7-form-control wpcf7-text wpcf7-validates-as-required\" aria-required=\"true\" aria-invalid=\"false\" value=\"\" type=\"text\" name=\"Adresse\" \/><\/span>\n<\/p>\n<p>PS\u010c\/M\u011bsto: <span class=\"wpcf7-form-control-wrap\" data-name=\"PLZ\"><input size=\"40\" maxlength=\"400\" class=\"wpcf7-form-control wpcf7-text wpcf7-validates-as-required\" aria-required=\"true\" aria-invalid=\"false\" value=\"\" type=\"text\" name=\"PLZ\" \/><\/span>\n<\/p>\n<p>Telefon*: <span class=\"wpcf7-form-control-wrap\" data-name=\"Telefon\"><input size=\"40\" maxlength=\"400\" class=\"wpcf7-form-control wpcf7-text wpcf7-validates-as-required\" aria-required=\"true\" aria-invalid=\"false\" value=\"\" type=\"text\" name=\"Telefon\" \/><\/span>\n<\/p>\n<p>Email*: <span class=\"wpcf7-form-control-wrap\" data-name=\"Email\"><input size=\"40\" maxlength=\"400\" class=\"wpcf7-form-control wpcf7-email wpcf7-validates-as-required wpcf7-text wpcf7-validates-as-email medium\" aria-required=\"true\" aria-invalid=\"false\" value=\"\" type=\"email\" name=\"Email\" \/><\/span>\n<\/p>\n<p><B>Informace o kurzu:<\/b>\n<\/p>\n<p>Jazyk* : <span class=\"wpcf7-form-control-wrap\" data-name=\"Sprache\"><input size=\"40\" maxlength=\"400\" class=\"wpcf7-form-control wpcf7-text wpcf7-validates-as-required\" aria-required=\"true\" aria-invalid=\"false\" placeholder=\"nap\u0159. N\u011bm\u010dina, angli\u010dtina, \u0161pan\u011bl\u0161tina\" value=\"\" type=\"text\" name=\"Sprache\" \/><\/span>\n<\/p>\n<p>Typ kurzu*: <span class=\"wpcf7-form-control-wrap\" data-name=\"Kursart\"><input size=\"40\" maxlength=\"400\" class=\"wpcf7-form-control wpcf7-text wpcf7-validates-as-required\" aria-required=\"true\" aria-invalid=\"false\" placeholder=\"P\u0159\u00edklad: Intenzivn\u00ed kurz, skupinov\u00fd kurz\" value=\"\" type=\"text\" name=\"Kursart\" \/><\/span>\n<\/p>\n<p>Hadina: [select* \"\u00farove\u0148 A1 (za\u010d\u00e1te\u010dn\u00edk \/ za\u010d\u00e1te\u010dn\u00edk)\" \"A2 (Z\u00e1kladn\u00ed \/ Z\u00e1klady)\" \"B1 (st\u0159edn\u00ed \/ st\u0159edn\u00ed \u00farove\u0148)\" \"B2 (Vantage \/ dobr\u00e1 st\u0159edn\u00ed \u00farove\u0148)\" \"C1 (pokro\u010dil\u00e9 \/ pokro\u010dil\u00e9 znalosti)\" \"C2 (Znalost \/ vynikaj\u00edc\u00ed znalosti)\"]\n<\/p>\n<p>Datum zah\u00e1jen\u00ed*: <span class=\"wpcf7-form-control-wrap\" data-name=\"Kursbeginn\"><input size=\"40\" maxlength=\"400\" class=\"wpcf7-form-control wpcf7-text wpcf7-validates-as-required walcf7-datepicker\" aria-required=\"true\" aria-invalid=\"false\" value=\"\" type=\"text\" name=\"Kursbeginn\" \/><\/span>\n<\/p>\n<p>Trv\u00e1n\u00ed*: <span class=\"wpcf7-form-control-wrap\" data-name=\"dauer\"><input size=\"40\" maxlength=\"400\" class=\"wpcf7-form-control wpcf7-text wpcf7-validates-as-required\" aria-required=\"true\" aria-invalid=\"false\" placeholder=\"P\u0159\u00edklad: 4 t\u00fddny pro intenzivn\u00ed kurz\" value=\"\" type=\"text\" name=\"dauer\" \/><\/span>\n<\/p>\n<p>Po\u017eadovan\u00fd po\u010det hodin: <span class=\"wpcf7-form-control-wrap\" data-name=\"Kursbeginn2\"><input size=\"40\" maxlength=\"400\" class=\"wpcf7-form-control wpcf7-text\" aria-invalid=\"false\" value=\"\" type=\"text\" name=\"Kursbeginn2\" \/><\/span>\n<\/p>\n<p><B>Platba: <\/b>\n<\/p>\n<p>Payment methods: <span class=\"wpcf7-form-control-wrap\" data-name=\"Zahlung\"><select class=\"wpcf7-form-control wpcf7-select wpcf7-validates-as-required\" aria-required=\"true\" aria-invalid=\"false\" name=\"Zahlung\"><option value=\"Pracovn\u00ed doba v na\u0161\u00ed kancel\u00e1\u0159i\">Pracovn\u00ed doba v na\u0161\u00ed kancel\u00e1\u0159i<\/option><option value=\"P\u0159evod\">P\u0159evod<\/option><option value=\"Platba kreditn\u00ed kartou je v kancel\u00e1\u0159i na Hessstr. 90 v 80797 Mnichov\">Platba kreditn\u00ed kartou je v kancel\u00e1\u0159i na Hessstr. 90 v 80797 Mnichov<\/option><option value=\"Paypal: buchhaltung1@sprachschule-aktiv.de\">Paypal: buchhaltung1@sprachschule-aktiv.de<\/option><\/select><\/span>\n<\/p>\n<div data-id=\"ueberweisung\" data-orig_data_id=\"ueberweisung\"  class=\"\" data-class=\"wpcf7cf_group\">\n\t<p>P\u0159evod:<br \/>\n\u010d\u00edslo \u00fa\u010dtu: 165 357 859<br \/>\nbankovn\u00ed k\u00f3d: 760 100 85<br \/>\nIBAN: DE40 7601 0085 0165 3578 59<br \/>\nBIC: PBNKDEFF\n\t<\/p>\n<\/div>\n<p><B>Koment\u00e1\u0159e<\/b>\n<\/p>\n<p><span class=\"wpcf7-form-control-wrap\" data-name=\"Bemerkungen\"><textarea cols=\"40\" rows=\"10\" maxlength=\"2000\" class=\"wpcf7-form-control wpcf7-textarea\" aria-invalid=\"false\" name=\"Bemerkungen\"><\/textarea><\/span>\n<\/p>\n<div style=\"\">\n\t<p><span class=\"wpcf7-form-control-wrap\" data-name=\"agb\"><span class=\"wpcf7-form-control wpcf7-acceptance\"><span class=\"wpcf7-list-item\"><input type=\"checkbox\" name=\"agb\" value=\"1\" aria-invalid=\"false\" \/><\/span><\/span><\/span> (*) P\u0159e\u010detl (a) jsem a p\u0159ij\u00edm\u00e1m <a href=\"\/allgemeine-geschaeftsbedingungen-und-datenschutzerklaerung\/\" target=\"_blank\">pr\u00e1vn\u00ed podm\u00ednky<\/a> a <a href=\"\/allgemeine-geschaeftsbedingungen-und-datenschutzerklaerung\/\" target=\"_blank\">politiku o ochran\u011b \u00fadaj\u016f o datech<\/a>.\n\t<\/p>\n<\/div>\n<p><input class=\"wpcf7-form-control wpcf7-submit has-spinner\" type=\"submit\" value=\"Objedn\u00e1vka s n\u00e1klady\" \/>\n<\/p><div class=\"wpcf7-response-output\" aria-hidden=\"true\"><\/div>\n<\/form>\n<\/div>\n[\/vc_column_inner][vc_column_inner width=&#8221;1\/3&#8243; css=&#8221;.vc_custom_1486286691342{margin-top: 15px !important;}&#8221;][vc_column_text]<\/p>\n<h2>Sprachschule Aktiv M\u00fcnchen<\/h2>\n<p>Tel.: 00-49-89-20062435<br \/>\nMobil: 0170-7779042<br \/>\nMobil: 0151-24059756<br \/>\nFax: 089-20062454<br \/>\nE-Mail: <a href=\"mailto:kontakt@sprachschule-aktiv.de\">kontakt@sprachschule-aktiv.de<\/a><br \/>\nInternet: <a href=\"https:\/\/www.sprachschule-aktiv-muenchen.de\/\">www.sprachschule-aktiv-muenchen.de\/<\/a>[\/vc_column_text][vc_separator css=&#8221;.vc_custom_1486286438007{padding-top: 20px !important;padding-bottom: 20px !important;}&#8221;][vc_column_text]<\/p>\n<h3>Na\u0161e \u0161koly<\/h3>\n<p>He\u00dfstr. 90, 80797 M\u00fcnchen[\/vc_column_text][vc_gmaps link=&#8221;#E-8_JTNDaWZyYW1lJTIwc3JjJTNEJTIyaHR0cHMlM0ElMkYlMkZ3d3cuZ29vZ2xlLmNvbSUyRm1hcHMlMkZlbWJlZCUzRnBiJTNEJTIxMW0xOCUyMTFtMTIlMjExbTMlMjExZDI2NjEuNzQ5Njg0NjY4ODMzJTIxMmQxMS41NTg0MDgxMTU4MTUyNSUyMTNkNDguMTUzNjMwODU4MDIxMzQ0JTIxMm0zJTIxMWYwJTIxMmYwJTIxM2YwJTIxM20yJTIxMWkxMDI0JTIxMmk3NjglMjE0ZjEzLjElMjEzbTMlMjExbTIlMjExczB4NDc5ZTc1ZTEyMTYxMGExZiUyNTNBMHhlNzI3ZThlMmQ4NTI2ZTQyJTIxMnNTcHJhY2hzY2h1bGUlMkJBa3RpdiUyQk0lMjVDMyUyNUJDbmNoZW4lMjE1ZTAlMjEzbTIlMjExc2RlJTIxMnNkZSUyMTR2MTQ4NjI4NjMxMjc0MiUyMiUyMHdpZHRoJTNEJTIyNjAwJTIyJTIwaGVpZ2h0JTNEJTIyMjAwJTIyJTIwZnJhbWVib3JkZXIlM0QlMjIwJTIyJTIwc3R5bGUlM0QlMjJib3JkZXIlM0EwJTIyJTIwYWxsb3dmdWxsc2NyZWVuJTNFJTNDJTJGaWZyYW1lJTNF&#8221;][\/vc_column_inner][\/vc_row_inner][\/vc_column][\/vc_row]<\/p>\n","protected":false},"excerpt":{"rendered":"<p>[vc_row css=&#8221;.vc_custom_1486284745672{margin-top: 25px !important;padding-bottom: 30px !important;}&#8221;][vc_column][vc_column_text] P\u0159ipojte se k na\u0161im jazykov\u00e9 kurzy P\u0159ipojte se k na\u0161im jazykov\u00e9 kurzy[\/vc_column_text][vc_row_inner][vc_column_inner width=&#8221;2\/3&#8243;][\/vc_column_inner][vc_column_inner width=&#8221;1\/3&#8243; css=&#8221;.vc_custom_1486286691342{margin-top: 15px !important;}&#8221;][vc_column_text] Sprachschule Aktiv M\u00fcnchen Tel.: 00-49-89-20062435 Mobil: 0170-7779042 Mobil: 0151-24059756 Fax: 089-20062454 E-Mail: kontakt@sprachschule-aktiv.de Internet: www.sprachschule-aktiv-muenchen.de\/[\/vc_column_text][vc_separator css=&#8221;.vc_custom_1486286438007{padding-top: 20px !important;padding-bottom: 20px !important;}&#8221;][vc_column_text] Na\u0161e \u0161koly He\u00dfstr. 90, 80797 M\u00fcnchen[\/vc_column_text][vc_gmaps link=&#8221;#E-8_JTNDaWZyYW1lJTIwc3JjJTNEJTIyaHR0cHMlM0ElMkYlMkZ3d3cuZ29vZ2xlLmNvbSUyRm1hcHMlMkZlbWJlZCUzRnBiJTNEJTIxMW0xOCUyMTFtMTIlMjExbTMlMjExZDI2NjEuNzQ5Njg0NjY4ODMzJTIxMmQxMS41NTg0MDgxMTU4MTUyNSUyMTNkNDguMTUzNjMwODU4MDIxMzQ0JTIxMm0zJTIxMWYwJTIxMmYwJTIxM2YwJTIxM20yJTIxMWkxMDI0JTIxMmk3NjglMjE0ZjEzLjElMjEzbTMlMjExbTIlMjExczB4NDc5ZTc1ZTEyMTYxMGExZiUyNTNBMHhlNzI3ZThlMmQ4NTI2ZTQyJTIxMnNTcHJhY2hzY2h1bGUlMkJBa3RpdiUyQk0lMjVDMyUyNUJDbmNoZW4lMjE1ZTAlMjEzbTIlMjExc2RlJTIxMnNkZSUyMTR2MTQ4NjI4NjMxMjc0MiUyMiUyMHdpZHRoJTNEJTIyNjAwJTIyJTIwaGVpZ2h0JTNEJTIyMjAwJTIyJTIwZnJhbWVib3JkZXIlM0QlMjIwJTIyJTIwc3R5bGUlM0QlMjJib3JkZXIlM0EwJTIyJTIwYWxsb3dmdWxsc2NyZWVuJTNFJTNDJTJGaWZyYW1lJTNF&#8221;][\/vc_column_inner][\/vc_row_inner][\/vc_column][\/vc_row]<\/p>\n","protected":false},"author":2,"featured_media":0,"parent":0,"menu_order":0,"comment_status":"closed","ping_status":"closed","template":"","meta":{"footnotes":""},"class_list":["post-11266","page","type-page","status-publish","hentry"],"yoast_head":"<!-- This site is optimized with the Yoast SEO plugin v27.1.1 - https:\/\/yoast.com\/product\/yoast-seo-wordpress\/ -->\n<title>P\u0159ipojte se k na\u0161im jazykov\u00e9 kurzy<\/title>\n<meta name=\"description\" content=\"Zaregistrujte se a u\u010dit se n\u011bmecky v Mnichov\u011b. Kurzy pro v\u0161echny \u00farovn\u011b. Nejlep\u0161\u00ed jazykov\u00e1 \u0161kola v N\u011bmecku. Sprachschule Aktiv\" \/>\n<meta name=\"robots\" content=\"index, follow, max-snippet:-1, max-image-preview:large, max-video-preview:-1\" \/>\n<link rel=\"canonical\" href=\"https:\/\/www.sprachschule-aktiv-muenchen.de\/cs\/registrovat\/\" \/>\n<meta property=\"og:locale\" content=\"cs_CZ\" \/>\n<meta property=\"og:type\" content=\"article\" \/>\n<meta property=\"og:title\" content=\"P\u0159ipojte se k na\u0161im jazykov\u00e9 kurzy\" \/>\n<meta property=\"og:description\" content=\"Zaregistrujte se a u\u010dit se n\u011bmecky v Mnichov\u011b. Kurzy pro v\u0161echny \u00farovn\u011b. Nejlep\u0161\u00ed jazykov\u00e1 \u0161kola v N\u011bmecku. Sprachschule Aktiv\" \/>\n<meta property=\"og:url\" content=\"https:\/\/www.sprachschule-aktiv-muenchen.de\/cs\/registrovat\/\" \/>\n<meta property=\"og:site_name\" content=\"Sprachschule Aktiv\" \/>\n<meta property=\"article:modified_time\" content=\"2022-08-08T03:55:20+00:00\" \/>\n<meta name=\"twitter:card\" content=\"summary_large_image\" \/>\n<meta name=\"twitter:label1\" content=\"Odhadovan\u00e1 doba \u010dten\u00ed\" \/>\n\t<meta name=\"twitter:data1\" content=\"1 minuta\" \/>\n<script type=\"application\/ld+json\" class=\"yoast-schema-graph\">{\"@context\":\"https:\/\/schema.org\",\"@graph\":[{\"@type\":\"WebPage\",\"@id\":\"https:\/\/www.sprachschule-aktiv-muenchen.de\/cs\/registrovat\/\",\"url\":\"https:\/\/www.sprachschule-aktiv-muenchen.de\/cs\/registrovat\/\",\"name\":\"P\u0159ipojte se k na\u0161im jazykov\u00e9 kurzy\",\"isPartOf\":{\"@id\":\"https:\/\/www.sprachschule-aktiv-muenchen.de\/#website\"},\"datePublished\":\"2017-02-24T22:44:56+00:00\",\"dateModified\":\"2022-08-08T03:55:20+00:00\",\"description\":\"Zaregistrujte se a u\u010dit se n\u011bmecky v Mnichov\u011b. Kurzy pro v\u0161echny \u00farovn\u011b. Nejlep\u0161\u00ed jazykov\u00e1 \u0161kola v N\u011bmecku. Sprachschule Aktiv\",\"breadcrumb\":{\"@id\":\"https:\/\/www.sprachschule-aktiv-muenchen.de\/cs\/registrovat\/#breadcrumb\"},\"inLanguage\":\"cs\",\"potentialAction\":[{\"@type\":\"ReadAction\",\"target\":[\"https:\/\/www.sprachschule-aktiv-muenchen.de\/cs\/registrovat\/\"]}]},{\"@type\":\"BreadcrumbList\",\"@id\":\"https:\/\/www.sprachschule-aktiv-muenchen.de\/cs\/registrovat\/#breadcrumb\",\"itemListElement\":[{\"@type\":\"ListItem\",\"position\":1,\"name\":\"Portada\",\"item\":\"https:\/\/www.sprachschule-aktiv-muenchen.de\/cs\/\"},{\"@type\":\"ListItem\",\"position\":2,\"name\":\"Registrovat\"}]},{\"@type\":\"WebSite\",\"@id\":\"https:\/\/www.sprachschule-aktiv-muenchen.de\/#website\",\"url\":\"https:\/\/www.sprachschule-aktiv-muenchen.de\/\",\"name\":\"Sprachschule Aktiv\",\"description\":\"\",\"potentialAction\":[{\"@type\":\"SearchAction\",\"target\":{\"@type\":\"EntryPoint\",\"urlTemplate\":\"https:\/\/www.sprachschule-aktiv-muenchen.de\/?s={search_term_string}\"},\"query-input\":{\"@type\":\"PropertyValueSpecification\",\"valueRequired\":true,\"valueName\":\"search_term_string\"}}],\"inLanguage\":\"cs\"}]}<\/script>\n<!-- \/ Yoast SEO plugin. -->","yoast_head_json":{"title":"P\u0159ipojte se k na\u0161im jazykov\u00e9 kurzy","description":"Zaregistrujte se a u\u010dit se n\u011bmecky v Mnichov\u011b. Kurzy pro v\u0161echny \u00farovn\u011b. Nejlep\u0161\u00ed jazykov\u00e1 \u0161kola v N\u011bmecku. Sprachschule Aktiv","robots":{"index":"index","follow":"follow","max-snippet":"max-snippet:-1","max-image-preview":"max-image-preview:large","max-video-preview":"max-video-preview:-1"},"canonical":"https:\/\/www.sprachschule-aktiv-muenchen.de\/cs\/registrovat\/","og_locale":"cs_CZ","og_type":"article","og_title":"P\u0159ipojte se k na\u0161im jazykov\u00e9 kurzy","og_description":"Zaregistrujte se a u\u010dit se n\u011bmecky v Mnichov\u011b. Kurzy pro v\u0161echny \u00farovn\u011b. Nejlep\u0161\u00ed jazykov\u00e1 \u0161kola v N\u011bmecku. Sprachschule Aktiv","og_url":"https:\/\/www.sprachschule-aktiv-muenchen.de\/cs\/registrovat\/","og_site_name":"Sprachschule Aktiv","article_modified_time":"2022-08-08T03:55:20+00:00","twitter_card":"summary_large_image","twitter_misc":{"Odhadovan\u00e1 doba \u010dten\u00ed":"1 minuta"},"schema":{"@context":"https:\/\/schema.org","@graph":[{"@type":"WebPage","@id":"https:\/\/www.sprachschule-aktiv-muenchen.de\/cs\/registrovat\/","url":"https:\/\/www.sprachschule-aktiv-muenchen.de\/cs\/registrovat\/","name":"P\u0159ipojte se k na\u0161im jazykov\u00e9 kurzy","isPartOf":{"@id":"https:\/\/www.sprachschule-aktiv-muenchen.de\/#website"},"datePublished":"2017-02-24T22:44:56+00:00","dateModified":"2022-08-08T03:55:20+00:00","description":"Zaregistrujte se a u\u010dit se n\u011bmecky v Mnichov\u011b. Kurzy pro v\u0161echny \u00farovn\u011b. Nejlep\u0161\u00ed jazykov\u00e1 \u0161kola v N\u011bmecku. Sprachschule Aktiv","breadcrumb":{"@id":"https:\/\/www.sprachschule-aktiv-muenchen.de\/cs\/registrovat\/#breadcrumb"},"inLanguage":"cs","potentialAction":[{"@type":"ReadAction","target":["https:\/\/www.sprachschule-aktiv-muenchen.de\/cs\/registrovat\/"]}]},{"@type":"BreadcrumbList","@id":"https:\/\/www.sprachschule-aktiv-muenchen.de\/cs\/registrovat\/#breadcrumb","itemListElement":[{"@type":"ListItem","position":1,"name":"Portada","item":"https:\/\/www.sprachschule-aktiv-muenchen.de\/cs\/"},{"@type":"ListItem","position":2,"name":"Registrovat"}]},{"@type":"WebSite","@id":"https:\/\/www.sprachschule-aktiv-muenchen.de\/#website","url":"https:\/\/www.sprachschule-aktiv-muenchen.de\/","name":"Sprachschule Aktiv","description":"","potentialAction":[{"@type":"SearchAction","target":{"@type":"EntryPoint","urlTemplate":"https:\/\/www.sprachschule-aktiv-muenchen.de\/?s={search_term_string}"},"query-input":{"@type":"PropertyValueSpecification","valueRequired":true,"valueName":"search_term_string"}}],"inLanguage":"cs"}]}},"_links":{"self":[{"href":"https:\/\/www.sprachschule-aktiv-muenchen.de\/cs\/wp-json\/wp\/v2\/pages\/11266","targetHints":{"allow":["GET"]}}],"collection":[{"href":"https:\/\/www.sprachschule-aktiv-muenchen.de\/cs\/wp-json\/wp\/v2\/pages"}],"about":[{"href":"https:\/\/www.sprachschule-aktiv-muenchen.de\/cs\/wp-json\/wp\/v2\/types\/page"}],"author":[{"embeddable":true,"href":"https:\/\/www.sprachschule-aktiv-muenchen.de\/cs\/wp-json\/wp\/v2\/users\/2"}],"replies":[{"embeddable":true,"href":"https:\/\/www.sprachschule-aktiv-muenchen.de\/cs\/wp-json\/wp\/v2\/comments?post=11266"}],"version-history":[{"count":1,"href":"https:\/\/www.sprachschule-aktiv-muenchen.de\/cs\/wp-json\/wp\/v2\/pages\/11266\/revisions"}],"predecessor-version":[{"id":71601,"href":"https:\/\/www.sprachschule-aktiv-muenchen.de\/cs\/wp-json\/wp\/v2\/pages\/11266\/revisions\/71601"}],"wp:attachment":[{"href":"https:\/\/www.sprachschule-aktiv-muenchen.de\/cs\/wp-json\/wp\/v2\/media?parent=11266"}],"curies":[{"name":"wp","href":"https:\/\/api.w.org\/{rel}","templated":true}]}}