{"id":11201,"date":"2016-08-11T12:35:27","date_gmt":"2016-08-11T12:35:27","guid":{"rendered":"https:\/\/www.sprachschule-aktiv-muenchen.de\/home-3-corporate\/"},"modified":"2022-12-28T12:06:52","modified_gmt":"2022-12-28T11:06:52","slug":"home-3-corporate","status":"publish","type":"page","link":"https:\/\/www.sprachschule-aktiv-muenchen.de\/cs\/","title":{"rendered":"Home 3 &#8211; Corporate"},"content":{"rendered":"<p>[vc_row full_width=&#8221;stretch_row_content_no_spaces&#8221; equal_height=&#8221;yes&#8221; tc_enable_overlay=&#8221;true&#8221; css=&#8221;.vc_custom_1603178415232{background-position: center !important;background-repeat: no-repeat !important;background-size: cover !important;}&#8221;][vc_column][vc_single_image image=&#8221;59482&#8243; img_size=&#8221;full&#8221; onclick=&#8221;custom_link&#8221; link=&#8221;https:\/\/www.sprachschule-aktiv-muenchen.de\/cs\/registrovat\/&#8221;][\/vc_column][\/vc_row][vc_row full_width=&#8221;stretch_row&#8221; equal_height=&#8221;yes&#8221; content_placement=&#8221;middle&#8221; tc_enable_overlay=&#8221;true&#8221; css=&#8221;.vc_custom_1487972420862{padding-top: 30px !important;padding-bottom: 40px !important;}&#8221; el_class=&#8221;action-box m-b-none theme-bg-color&#8221;][vc_column width=&#8221;2\/3&#8243;][vc_column_text]<\/p>\n<h3 class=\"text-white\">Chcete se u\u010dit n\u011bmecky v Mnichov\u011b?<\/h3>\n<p class=\"text-white\">Nav\u0161tivte na\u0161i v\u00fduku n\u011bm\u010diny v Mnichov\u011b pro zlep\u0161en\u00ed va\u0161\u00ed kari\u00e9ry a va\u0161ich osobn\u00edch mo\u017enost\u00ed. Kurz nemciny v Mnichove.<\/p>\n<p>[\/vc_column_text][\/vc_column][vc_column width=&#8221;1\/3&#8243; css=&#8221;.vc_custom_1481804430561{padding-top: 15px !important;}&#8221; el_class=&#8221;text-right&#8221;]\t<div class=\"vc_btn3-container vc_btn3-inline\">\r\n\t\t<a href=\"\/cs\/kontakt\/\" class=\"pgs_btn pgs_btn_style_3 pgs_btn_lg\">\r\n\t\t\t<span>\r\n\t\t\t\tKontaktujte n\u00e1s\t\t\t<\/span>\r\n\t\t\t\t\t\t<i class=\"fa fa-hand-o-right\"><\/i>\r\n\t\t\t\t\t<\/a>\r\n\t<\/div>\r\n\t[\/vc_column][\/vc_row][vc_row css=&#8221;.vc_custom_1486321552684{margin-top: 20px !important;}&#8221;][vc_column][vc_column_text]<\/p>\n<h1>Kurz nemciny v Mnichove &#8211; Ucit se nemecky v Mnichove<\/h1>\n<p>Nav\u0161tivte na\u0161i v\u00fduku n\u011bm\u010diny v Mnichov\u011b pro zlep\u0161en\u00ed va\u0161\u00ed kari\u00e9ry a va\u0161ich osobn\u00edch mo\u017enost\u00ed. Kurz nemciny v Mnichove, Ucit se nemecky v Mnichove.<\/p>\n<h2>V\u00fduka n\u011bm\u010diny v na\u0161ich jazykov\u00fdch \u0161kol\u00e1ch v N\u011bmecku v Mnichov\u011b<\/h2>\n<p>Kurzy n\u011bm\u010diny pro skupiny, jednotlivce, p\u00e1ry a firmy po cel\u00e9m N\u011bmecku Nap\u0159\u00edklad: 1 M\u011bs\u00edc (4 T\u00fddny) &#8211; 4 Hodiny denn\u011b za jen 499\u20ac.[\/vc_column_text][\/vc_column][\/vc_row][vc_row full_width=&#8221;stretch_row_content_no_spaces&#8221; tc_enable_overlay=&#8221;true&#8221; css=&#8221;.vc_custom_1487974931096{padding-top: 30px !important;padding-bottom: 30px !important;background-image: url(https:\/\/www.sprachschule-aktiv-muenchen.de\/wp-content\/uploads\/2016\/08\/kurz-nemciny-v-mnichove-ucit-se-nemecky-v-mnichove.jpg?id=11204) !important;background-position: center !important;background-repeat: no-repeat !important;background-size: cover !important;}&#8221; el_class=&#8221;xs-pd-lr&#8221;][vc_column width=&#8221;3\/4&#8243; offset=&#8221;vc_col-lg-offset-1 vc_col-lg-6 vc_col-md-offset-1 vc_col-md-10 vc_col-sm-offset-1 vc_col-xs-12&#8243;][vc_column_text]<\/p>\n<h2>Kdykoliv si u n\u00e1s m\u016f\u017eete domluvit zdarma a nez\u00e1vazn\u011b zku\u0161ebn\u00ed vyu\u010dovac\u00ed hodinu<\/h2>\n<p>Kurzy v Mnichov\u011b a ve Frankfurtu &#8211; domluvte se ! Nav\u0161tivte na\u0161i v\u00fduku n\u011bm\u010diny v Mnichov\u011b a ve Frankfurtu pro zlep\u0161en\u00ed va\u0161\u00ed kari\u00e9ry a va\u0161ich osobn\u00edch mo\u017enost\u00ed. Na na\u0161ich jazykov\u00fdch \u0161kol\u00e1ch v Mnichov\u011b a ve Frankfurtu nab\u00edz\u00edme rozli\u010dn\u00e9 kurzy n\u011bm\u010diny. Abychom stanovili V\u00e1\u0161 stupe\u0148 pokro\u010dilosti v n\u011bmeck\u00e9m jazyce, srde\u010dn\u011b V\u00e1s zveme ke zku\u0161ebn\u00ed hodin\u011b, kter\u00e1 je nez\u00e1vazn\u00e1 a zdarma. D\u00edky osobn\u00edmu pohovoru m\u00e1te mo\u017enost n\u00e1s bl\u00ed\u017ee poznat a t\u00edmto zp\u016fsobem m\u016f\u017eeme tak\u00e9 p\u0159esn\u011b stanovit \u00farove\u0148 va\u0161\u00ed pokro\u010dilosti v N\u011bm\u010din\u011b. V n\u00e1vaznosti na individu\u00e1ln\u00ed klasifikaci m\u00e1te mo\u017enost si vybrat z r\u016fzn\u00fdch kurz\u016f v Mnichov\u011b a ve Frankfurtu : nab\u00edz\u00edme kurzy pro jednotlivce, intensivn\u00ed kurzy, kurzy pro p\u00e1ry, konverza\u010dn\u00ed kurzy, t\u00fddenn\u00ed kurzy a kurz obchodn\u00ed n\u011bm\u010diny.[\/vc_column_text]\t<div class=\"vc_btn3-container vc_btn3-inline\">\r\n\t\t<a href=\"\/cs\/kontakt\/\" class=\"pgs_btn pgs_btn_style_1 pgs_btn_md  vc_custom_1487974846722\">\r\n\t\t\t<span>\r\n\t\t\t\tNapi\u0161te n\u00e1m!\t\t\t<\/span>\r\n\t\t\t\t\t\t<i class=\"fa fa-pencil-square-o\"><\/i>\r\n\t\t\t\t\t<\/a>\r\n\t<\/div>\r\n\t[\/vc_column][vc_column width=&#8221;1\/4&#8243; offset=&#8221;vc_col-lg-5 vc_col-md-2 vc_hidden-sm vc_col-xs-12 vc_hidden-xs&#8221;][\/vc_column][\/vc_row][vc_row css=&#8221;.vc_custom_1487971941655{padding-top: 25px !important;}&#8221;][vc_column][vc_column_text]<\/p>\n<h2>Na\u0161e kurzy n\u011bm\u010diny<\/h2>\n<p>Jazykov\u00fd kurz N\u011bm\u010dina pro povol\u00e1n\u00ed v Mnichov\u011b a ve Frankfurtu je vhodn\u00fd pro v\u0161echny, kte\u0159\u00ed si cht\u011bj\u00ed zv\u00fd\u0161it sv\u00e9 \u0161ance na mezin\u00e1rodn\u00edm pracovn\u00edm trhu. Na konci v\u0161ech na\u0161ich kurz\u016f obdr\u017e\u00ed ka\u017ed\u00fd \u00fa\u010dastn\u00edk certifik\u00e1t o jeho absolvov\u00e1n\u00ed. Pokud se s n\u00e1mi rozhodnete absolvovat jazykov\u00fd kurz, nab\u00edz\u00edme v\u00e1m evropsk\u00fd certifik\u00e1t podle stanoven\u00e9ho evropsk\u00e9ho referen\u010dn\u00edho r\u00e1mce pro v\u00fduku jazyk\u016f. S t\u00edmto mezin\u00e1rodn\u011b uzn\u00e1van\u00fdm certifik\u00e1tem je V\u00e1m otev\u0159ena cesta do sv\u011bta n\u011bmecky mluv\u00edc\u00edch zem\u00ed.[\/vc_column_text][\/vc_column][\/vc_row][vc_row css=&#8221;.vc_custom_1484754678947{padding-bottom: 10px !important;}&#8221;][vc_column width=&#8221;1\/2&#8243;][vc_video link=&#8221;https:\/\/youtu.be\/O8OSUHbmfWQ&#8221; css=&#8221;.vc_custom_1671787974549{padding-top: 10px !important;}&#8221;][\/vc_column][vc_column width=&#8221;1\/2&#8243;][vc_column_text]P\u0159i v\u00fduce n\u011bm\u010diny u n\u00e1s najdete profesion\u00e1ln\u00ed z\u00e1zem\u00ed. N\u00e1\u0161 t\u00fdm se skl\u00e1d\u00e1 v\u00fdhradn\u011b z kvalifikovan\u00fdch lektor\u016f\/lektorek s dlouholet\u00fdmi zku\u0161enostmi s v\u00fdukou n\u011bm\u010diny. To zaji\u0161\u0165uje optim\u00e1ln\u00ed podm\u00ednky pro v\u00fduku n\u011bmeck\u00e9ho jazyka. Krom\u011b jazykov\u00fdch kompetenc\u00ed je na\u0161\u00edm c\u00edlem v\u00e1m p\u0159edat informace o kultu\u0159e dan\u00e9 zem\u011b. V na\u0161ich kurzech budete obezn\u00e1meni s n\u011bmeckou kulturou. Toto V\u00e1m rovn\u011b\u017e pom\u016f\u017ee v budov\u00e1n\u00ed kari\u00e9ry. Takto budete moci l\u00e9pe vyhodnotit sv\u00e9 mezin\u00e1rodn\u00ed kolegy, obchodn\u00ed partnery a z\u00e1kazn\u00edky v mezin\u00e1rodn\u00edm kontextu globalizace.<\/p>\n<p>Voln\u00fd \u010das po kurzu n\u011bm\u010diny v Mnichov\u011b. Sprachschule Aktiv (va\u0161e jazykov\u00e1 \u0161kola n\u011bm\u010diny) nab\u00edz\u00ed mnoho mo\u017enost\u00ed jak se sezn\u00e1mit s n\u011bmeckou kulturou a jak z\u00edskat nov\u00e9 p\u0159\u00e1tele.<br \/>\nU\u017e\u00edvejte si voln\u00e9ho \u010dasu po kurzu n\u011bm\u010diny v Mnichov\u011b nebo ve Frankfurtu : setkejte se s dal\u0161\u00edmi \u00fa\u010dastn\u00edky kurzu, zajd\u011bte do Biergarten, na party, podnikejte v\u00fdlety do okol\u00ed a mnoho dal\u0161\u00edho. M\u00e1me za c\u00edl p\u0159ibl\u00ed\u017eit na\u0161im \u00fa\u010dastn\u00edk\u016fm prav\u00fd n\u011bmeck\u00fd \u017eivot. V\u00fduka n\u011bm\u010diny live![\/vc_column_text][\/vc_column][\/vc_row][vc_row full_width=&#8221;stretch_row&#8221; tc_enable_overlay=&#8221;true&#8221; css=&#8221;.vc_custom_1487972460773{padding-top: 30px !important;padding-bottom: 30px !important;background-color: #f9f9f9 !important;}&#8221;][vc_column][vc_row_inner][vc_column_inner width=&#8221;1\/2&#8243;][vc_column_text]<\/p>\n<h2>Z\u00e1bavn\u00e1 v\u00fduka n\u011bm\u010diny!<\/h2>\n<p>V\u00fduka n\u011bm\u010diny v Mnichov\u011b &#8211; individu\u00e1ln\u011b a prakticky ! Pokud si u n\u00e1s objedn\u00e1te soukrom\u00fd kurs, r\u00e1di ho uzp\u016fsob\u00edme va\u0161emu kalend\u00e1\u0159i a va\u0161im po\u017eadavk\u016fm p\u0159i pl\u00e1nov\u00e1n\u00ed v\u00fduky v Mnichov\u011b a ve Frankfurtu. V\u00fduka n\u011bm\u010diny se skl\u00e1d\u00e1 z p\u0159\u00edjemn\u00e9 sm\u011bsi nutn\u00e9 teorie a k praxi vzta\u017een\u00fdch konverza\u010dn\u00edch cvi\u010den\u00ed. Na\u0161i lekto\u0159i za v\u00e1mi r\u00e1di p\u0159ijedou i dom\u016f. Neztr\u00e1cejte \u010das a domluvte si je\u0161t\u011b dnes nez\u00e1vaznou zku\u0161ebn\u00ed hodinu v\u00fduky zdarma s na\u0161imi u\u010diteli n\u011bm\u010diny v Mnichov\u011b nebo ve Frankfurtu.<\/p>\n<p>Garance vr\u00e1cen\u00ed pen\u011bz: Pokud nejste po prvn\u00edm vyu\u010dovac\u00edm dni 100% spokojeni, stornujeme va\u0161i p\u0159ihl\u00e1\u0161ku bez\u00faplatn\u011b a bez ud\u00e1n\u00ed d\u016fvod\u016f a obdr\u017e\u00edte neprodlen\u011b zp\u011bt zaplacen\u00e9 poplatky kurzu.<\/p>\n<h2>Pro\u010d se u\u010dit n\u011bm\u010dinu v Mnichov\u011b?<\/h2>\n<p>Existuje mnoho d\u016fvod\u016f pro v\u00fduku n\u011bm\u010diny v Mnichov\u011b a ve Frankfurtu. V Mnichov\u011b a okol\u00ed se nal\u00e9zaj\u00ed nejkr\u00e1sn\u011bj\u0161\u00ed jezera N\u011bmecka. Objev\u00edte zde mnoho zn\u00e1m\u00fdch pam\u011btihodnost\u00ed a p\u0159\u00edrodu Bavorska. Nav\u0161t\u00edv\u00edte impozantn\u00ed z\u00e1mek Neuschwanstein, vychutn\u00e1te si pohled na horu Zugspitze, ud\u011bl\u00e1te si v\u00fdlet k jezeru Starnberger nebo do bavorsk\u00fdch Alp.[\/vc_column_text][\/vc_column_inner][vc_column_inner width=&#8221;1\/2&#8243;][vc_single_image image=&#8221;11255&#8243; img_size=&#8221;full&#8221; alignment=&#8221;center&#8221; style=&#8221;vc_box_outline&#8221; css=&#8221;.vc_custom_1487975403484{padding-top: 20px !important;}&#8221;][\/vc_column_inner][\/vc_row_inner][vc_column_text]Pod\u00edv\u00e1te se na Mari\u00e1nsk\u00e9 n\u00e1m\u011bst\u00ed na zn\u00e1m\u00fd orloj, na Viktualienmarkt m\u016f\u017eete ochutnat ovoce a zeleninu z cel\u00e9ho sv\u011bta. Z\u00e1rove\u0148 pozn\u00e1te Olympiazentrum a z\u00e1mek Nymphenburg. V\u00edce ne\u017e 100 muze\u00ed a v\u00edce ne\u017e 470 pomn\u00edk\u016f v\u00e1m garantuj\u00ed mnoho z\u00e1bavy a kulturn\u00edho vy\u017eit\u00ed b\u011bhem va\u0161eho pobytu v Mnichov\u011b.<\/p>\n<p>Tak\u00e9 no\u010dn\u00ed \u017eivot, slavnosti a kulturn\u00ed akce v Mnichov\u011b nenechaj\u00ed \u017e\u00e1dn\u00e9 sny nespln\u011bn\u00e9. M\u00e1te mo\u017enost nav\u0161t\u00edvit sv\u011btov\u011b proslul\u00fd Oktoberfest, Tollwood &#8211; Festival, exotick\u00e9 restaurace z cel\u00e9ho sv\u011bta, party na jeze\u0159e a tak d\u00e1le. Jakmile Mnichov jednou okus\u00edte, budete tu cht\u00edt z\u016fstat. My z &#8211; Sprachschule Aktiv &#8211; organizujeme prom\u011bnliv\u00e9 programy, setk\u00e1n\u00ed a party, aby v\u00e1s u\u010den\u00ed bavilo a aby jste nau\u010denou \u0159e\u010d mohly spolu s nov\u00fdmi p\u0159\u00e1teli aktivn\u011b pou\u017e\u00edvat a procvi\u010dit.[\/vc_column_text][\/vc_column][\/vc_row][vc_row full_width=&#8221;stretch_row&#8221; tc_enable_overlay=&#8221;true&#8221; css=&#8221;.vc_custom_1487975240004{padding-top: 30px !important;padding-bottom: 30px !important;}&#8221;][vc_column width=&#8221;1\/2&#8243;][vc_column_text]<\/p>\n<h2>Dobr\u00e9 d\u016fvody pro v\u00fduku n\u011bm\u010diny v Mnichov\u011b<\/h2>\n<p>N\u011bmecky mluv\u00ed v\u00edce jak 120 milion\u016f lid\u00ed v N\u011bmecku, Rakousku, \u0160v\u00fdcarsku, Lichten\u0161tejnsku, Lucemburku, v \u010d\u00e1sti Belgie, v severn\u00ed It\u00e1lii a na v\u00fdchodu Francie a ka\u017ed\u00fdm dnem tento po\u010det roste.<\/p>\n<p>N\u011bm\u010dina je kl\u00ed\u010dov\u00e1 \u0159e\u010d v Evropsk\u00e9 Unii.<br \/>\nN\u011bm\u010dina znateln\u011b zlep\u0161uje va\u0161e \u0161ance na trhu pr\u00e1ce.<br \/>\nN\u011bm\u010dina z\u00edsk\u00e1v\u00e1 st\u00e1le v\u00edce vlivu ve v\u00fdchodn\u00edch zem\u00edch a st\u00e1v\u00e1 se tak velmi obl\u00edbenou \u0159e\u010d\u00ed.<\/p>\n<p>Sprachschule Aktiv<br \/>\nHe\u00dfstr. 90<br \/>\n80797 M\u00fcnchen<br \/>\nTel.: 089\/20 06 24 35<br \/>\nTel.: 089\/20 06 24 36<br \/>\nE-Mail: kontakt@sprachschule-aktiv.de[\/vc_column_text][\/vc_column][vc_column width=&#8221;1\/2&#8243;][vc_video link=&#8221;https:\/\/youtu.be\/3COnuIj0gzY&#8221;][\/vc_column][\/vc_row][vc_row full_width=&#8221;stretch_row&#8221; tc_enable_overlay=&#8221;true&#8221; el_class=&#8221;contact-6 theme-bg-color&#8221; css=&#8221;.vc_custom_1484755280803{padding-top: 50px !important;padding-bottom: 20px !important;}&#8221;][vc_column width=&#8221;1\/3&#8243;][vc_raw_html]JTNDZGl2JTIwY2xhc3MlM0QlMjJmZWF0dXJlLTglMjBjbGVhcmZpeCUyMiUzRSUwQSUyMCUyMCUyMCUyMCUyMCUyMCUyMCUyMCUyMCUzQ2RpdiUyMGNsYXNzJTNEJTIyZmVhdHVyZS04LXRpdGxlJTIyJTNFJTBBJTIwJTIwJTIwJTIwJTIwJTIwJTIwJTIwJTIwJTIwJTNDc3BhbiUyMGNsYXNzJTNEJTIyZmElMjBmYS1wZW5jaWwlMjIlMjBhcmlhLWhpZGRlbiUzRCUyMnRydWUlMjIlM0UlM0MlMkZzcGFuJTNFJTBBJTIwJTIwJTIwJTIwJTIwJTIwJTIwJTIwJTIwJTNDJTJGZGl2JTNFJTBBJTIwJTIwJTIwJTIwJTIwJTIwJTIwJTIwJTNDZGl2JTIwY2xhc3MlM0QlMjJmZWF0dXJlLTgtaW5mbyUyMiUzRSUwQSUyMCUyMCUyMCUyMCUyMCUyMCUyMCUyMCUyMCUzQ2g0JTIwY2xhc3MlM0QlMjJ0ZXh0LXdoaXRlJTIyJTNFTmElQzUlQTFlJTIwJUM1JUExa29seSUzQyUyRmg0JTNFJTIwJTBBJTIwJTIwJTIwJTIwJTIwJTIwJTIwJTIwJTIwJTNDcCUyMGNsYXNzJTNEJTIydGV4dC13aGl0ZSUyMiUzRUhlJUMzJTlGc3RyYSVDMyU5RmUlMjA5MC4lMjA4MDc5NyUyME0lQzMlQkNuY2hlbiUzQ2JyJTJGJTNFVGVnZXJuc2VlciUyMExhbmRzdHIuJTIwMTM1LiUyMDgxNTM5JTIwTSVDMyVCQ25jaGVuJTNDJTJGcCUzRSUwQSUyMCUyMCUyMCUyMCUyMCUyMCUyMCUzQyUyRmRpdiUzRSUwQSUyMCUyMCUyMCUyMCUyMCUyMCUzQyUyRmRpdiUzRQ==[\/vc_raw_html][\/vc_column][vc_column width=&#8221;1\/3&#8243;][vc_raw_html]JTNDZGl2JTIwY2xhc3MlM0QlMjJmZWF0dXJlLTglMjBjbGVhcmZpeCUyMiUzRSUwQSUyMCUyMCUyMCUyMCUyMCUyMCUyMCUyMCUyMCUyMCUyMCUzQ2RpdiUyMGNsYXNzJTNEJTIyZmVhdHVyZS04LXRpdGxlJTIyJTNFJTBBJTIwJTIwJTIwJTIwJTIwJTIwJTIwJTIwJTIwJTIwJTIwJTIwJTNDc3BhbiUyMGNsYXNzJTNEJTIyaWNvbi1zY3JlZW4tc21hcnRwaG9uZSUyMiUyMGFyaWEtaGlkZGVuJTNEJTIydHJ1ZSUyMiUzRSUzQyUyRnNwYW4lM0UlMEElMjAlMjAlMjAlMjAlMjAlMjAlMjAlMjAlMjAlMjAlMjAlM0MlMkZkaXYlM0UlMEElMjAlMjAlMjAlMjAlMjAlMjAlMjAlMjAlMjAlMjAlM0NkaXYlMjBjbGFzcyUzRCUyMmZlYXR1cmUtOC1pbmZvJTIyJTNFJTBBJTIwJTIwJTIwJTIwJTIwJTIwJTIwJTIwJTIwJTIwJTIwJTNDaDQlMjBjbGFzcyUzRCUyMnRleHQtd2hpdGUlMjIlM0VaYXZvbGVqdGUlMjBuJUMzJUExbSUyMSUzQyUyRmg0JTNFJTBBJTIwJTIwJTIwJTIwJTIwJTIwJTIwJTIwJTIwJTIwJTIwJTNDcCUyMGNsYXNzJTNEJTIydGV4dC13aGl0ZSUyMiUzRSUyMCUyMDA4OSUyRjIwJTIwMDYlMjAyNCUyMDM1JTIwJTNDYnIlMkYlM0UlMjAwODklMkYyMCUyMDA2JTIwMjQlMjAzNiUzQ2JyJTJGJTNFJTBBJTIwJTIwJTIwJTIwJTIwJTIwJTIwJTIwJTIwJTIwJTIwJTIwJTIwJTIwJTNDYiUzRTA5JTNBMDAlMjBVaHIlRTIlODAlOTMlMjAxOCUzQTAwJTIwVWhyJTIwJTNDJTJGYiUzRSUzQyUyRnAlM0UlMEElMjAlMjAlMjAlMjAlMjAlMjAlMjAlMjAlMjAlM0MlMkZkaXYlM0UlMEElMjAlMjAlMjAlMjAlMjAlMjAlMjAlM0MlMkZkaXYlM0U=[\/vc_raw_html][\/vc_column][vc_column width=&#8221;1\/3&#8243;][vc_raw_html]JTNDZGl2JTIwY2xhc3MlM0QlMjJmZWF0dXJlLTglMjBjbGVhcmZpeCUyMiUzRSUwQSUyMCUyMCUyMCUyMCUyMCUyMCUyMCUyMCUyMCUzQ2RpdiUyMGNsYXNzJTNEJTIyZmVhdHVyZS04LXRpdGxlJTIyJTNFJTBBJTIwJTIwJTIwJTIwJTIwJTIwJTIwJTIwJTIwJTIwJTNDc3BhbiUyMGNsYXNzJTNEJTIyaWNvbi1lbnZlbG9wZSUyMiUyMGFyaWEtaGlkZGVuJTNEJTIydHJ1ZSUyMiUzRSUzQyUyRnNwYW4lM0UlMEElMjAlMjAlMjAlMjAlMjAlMjAlMjAlMjAlMjAlM0MlMkZkaXYlM0UlMEElMjAlMjAlMjAlMjAlMjAlMjAlMjAlMjAlM0NkaXYlMjBjbGFzcyUzRCUyMmZlYXR1cmUtOC1pbmZvJTIyJTNFJTBBJTIwJTIwJTIwJTIwJTIwJTIwJTIwJTIwJTIwJTNDaDQlMjBjbGFzcyUzRCUyMnRleHQtd2hpdGUlMjIlM0VOYXBpJUM1JUExdGUlMjBuJUMzJUExbSUyMSUzQyUyRmg0JTNFJTBBJTIwJTIwJTIwJTIwJTIwJTIwJTIwJTIwJTIwJTNDcCUyMGNsYXNzJTNEJTIydGV4dC13aGl0ZSUyMiUzRWtvbnRha3QlNDBzcHJhY2hzY2h1bGUtYWt0aXYuZGUlMEElMjAlMjAlMjAlMjAlMjAlM0MlMkZwJTNFJTBBJTIwJTIwJTIwJTIwJTIwJTIwJTIwJTNDJTJGZGl2JTNFJTBBJTIwJTIwJTIwJTIwJTIwJTIwJTNDJTJGZGl2JTNF[\/vc_raw_html][\/vc_column][\/vc_row]<\/p>\n","protected":false},"excerpt":{"rendered":"<p>[vc_row full_width=&#8221;stretch_row_content_no_spaces&#8221; equal_height=&#8221;yes&#8221; tc_enable_overlay=&#8221;true&#8221; css=&#8221;.vc_custom_1603178415232{background-position: center !important;background-repeat: no-repeat !important;background-size: cover !important;}&#8221;][vc_column][vc_single_image image=&#8221;59482&#8243; img_size=&#8221;full&#8221; onclick=&#8221;custom_link&#8221; link=&#8221;https:\/\/www.sprachschule-aktiv-muenchen.de\/cs\/registrovat\/&#8221;][\/vc_column][\/vc_row][vc_row full_width=&#8221;stretch_row&#8221; equal_height=&#8221;yes&#8221; content_placement=&#8221;middle&#8221; tc_enable_overlay=&#8221;true&#8221; css=&#8221;.vc_custom_1487972420862{padding-top: 30px !important;padding-bottom: 40px !important;}&#8221; el_class=&#8221;action-box m-b-none theme-bg-color&#8221;][vc_column width=&#8221;2\/3&#8243;][vc_column_text] Chcete se u\u010dit n\u011bmecky v Mnichov\u011b? Nav\u0161tivte na\u0161i v\u00fduku n\u011bm\u010diny v Mnichov\u011b pro zlep\u0161en\u00ed va\u0161\u00ed kari\u00e9ry a va\u0161ich osobn\u00edch mo\u017enost\u00ed. Kurz nemciny v Mnichove. [\/vc_column_text][\/vc_column][vc_column width=&#8221;1\/3&#8243; css=&#8221;.vc_custom_1481804430561{padding-top:&hellip; <a class=\"read-more\" href=\"https:\/\/www.sprachschule-aktiv-muenchen.de\/cs\/\" title=\"Read Home 3 &#8211; Corporate\">Read more &raquo;<\/a><\/p>\n","protected":false},"author":2,"featured_media":0,"parent":0,"menu_order":5,"comment_status":"closed","ping_status":"closed","template":"","meta":{"footnotes":""},"class_list":["post-11201","page","type-page","status-publish","hentry"],"yoast_head":"<!-- This site is optimized with the Yoast SEO plugin v27.1.1 - https:\/\/yoast.com\/product\/yoast-seo-wordpress\/ -->\n<title>Kurz nemciny v Mnichove - Ucit se nemecky v Mnichove<\/title>\n<meta name=\"description\" content=\"Nav\u0161tivte na\u0161i v\u00fduku n\u011bm\u010diny v Mnichov\u011b pro zlep\u0161en\u00ed va\u0161\u00ed kari\u00e9ry a va\u0161ich osobn\u00edch mo\u017enost\u00ed. Kurz nemciny v Mnichove, Ucit se nemecky v Mnichove\" \/>\n<meta name=\"robots\" content=\"index, follow, max-snippet:-1, max-image-preview:large, max-video-preview:-1\" \/>\n<link rel=\"canonical\" href=\"https:\/\/www.sprachschule-aktiv-muenchen.de\/cs\/\" \/>\n<meta property=\"og:locale\" content=\"cs_CZ\" \/>\n<meta property=\"og:type\" content=\"article\" \/>\n<meta property=\"og:title\" content=\"Kurz nemciny v Mnichove - Ucit se nemecky v Mnichove\" \/>\n<meta property=\"og:description\" content=\"Nav\u0161tivte na\u0161i v\u00fduku n\u011bm\u010diny v Mnichov\u011b pro zlep\u0161en\u00ed va\u0161\u00ed kari\u00e9ry a va\u0161ich osobn\u00edch mo\u017enost\u00ed. Kurz nemciny v Mnichove, Ucit se nemecky v Mnichove\" \/>\n<meta property=\"og:url\" content=\"https:\/\/www.sprachschule-aktiv-muenchen.de\/cs\/\" \/>\n<meta property=\"og:site_name\" content=\"Sprachschule Aktiv\" \/>\n<meta property=\"article:modified_time\" content=\"2022-12-28T11:06:52+00:00\" \/>\n<meta name=\"twitter:card\" content=\"summary_large_image\" \/>\n<meta name=\"twitter:label1\" content=\"Odhadovan\u00e1 doba \u010dten\u00ed\" \/>\n\t<meta name=\"twitter:data1\" content=\"6 minut\" \/>\n<script type=\"application\/ld+json\" class=\"yoast-schema-graph\">{\"@context\":\"https:\/\/schema.org\",\"@graph\":[{\"@type\":\"WebPage\",\"@id\":\"https:\/\/www.sprachschule-aktiv-muenchen.de\/cs\/\",\"url\":\"https:\/\/www.sprachschule-aktiv-muenchen.de\/cs\/\",\"name\":\"Kurz nemciny v Mnichove - Ucit se nemecky v Mnichove\",\"isPartOf\":{\"@id\":\"https:\/\/www.sprachschule-aktiv-muenchen.de\/#website\"},\"datePublished\":\"2016-08-11T12:35:27+00:00\",\"dateModified\":\"2022-12-28T11:06:52+00:00\",\"description\":\"Nav\u0161tivte na\u0161i v\u00fduku n\u011bm\u010diny v Mnichov\u011b pro zlep\u0161en\u00ed va\u0161\u00ed kari\u00e9ry a va\u0161ich osobn\u00edch mo\u017enost\u00ed. Kurz nemciny v Mnichove, Ucit se nemecky v Mnichove\",\"breadcrumb\":{\"@id\":\"https:\/\/www.sprachschule-aktiv-muenchen.de\/cs\/#breadcrumb\"},\"inLanguage\":\"cs\",\"potentialAction\":[{\"@type\":\"ReadAction\",\"target\":[\"https:\/\/www.sprachschule-aktiv-muenchen.de\/cs\/\"]}]},{\"@type\":\"BreadcrumbList\",\"@id\":\"https:\/\/www.sprachschule-aktiv-muenchen.de\/cs\/#breadcrumb\",\"itemListElement\":[{\"@type\":\"ListItem\",\"position\":1,\"name\":\"Portada\",\"item\":\"https:\/\/www.sprachschule-aktiv-muenchen.de\/cs\/\"},{\"@type\":\"ListItem\",\"position\":2,\"name\":\"Home 3 &#8211; Corporate\"}]},{\"@type\":\"WebSite\",\"@id\":\"https:\/\/www.sprachschule-aktiv-muenchen.de\/#website\",\"url\":\"https:\/\/www.sprachschule-aktiv-muenchen.de\/\",\"name\":\"Sprachschule Aktiv\",\"description\":\"\",\"potentialAction\":[{\"@type\":\"SearchAction\",\"target\":{\"@type\":\"EntryPoint\",\"urlTemplate\":\"https:\/\/www.sprachschule-aktiv-muenchen.de\/?s={search_term_string}\"},\"query-input\":{\"@type\":\"PropertyValueSpecification\",\"valueRequired\":true,\"valueName\":\"search_term_string\"}}],\"inLanguage\":\"cs\"}]}<\/script>\n<!-- \/ Yoast SEO plugin. -->","yoast_head_json":{"title":"Kurz nemciny v Mnichove - Ucit se nemecky v Mnichove","description":"Nav\u0161tivte na\u0161i v\u00fduku n\u011bm\u010diny v Mnichov\u011b pro zlep\u0161en\u00ed va\u0161\u00ed kari\u00e9ry a va\u0161ich osobn\u00edch mo\u017enost\u00ed. Kurz nemciny v Mnichove, Ucit se nemecky v Mnichove","robots":{"index":"index","follow":"follow","max-snippet":"max-snippet:-1","max-image-preview":"max-image-preview:large","max-video-preview":"max-video-preview:-1"},"canonical":"https:\/\/www.sprachschule-aktiv-muenchen.de\/cs\/","og_locale":"cs_CZ","og_type":"article","og_title":"Kurz nemciny v Mnichove - Ucit se nemecky v Mnichove","og_description":"Nav\u0161tivte na\u0161i v\u00fduku n\u011bm\u010diny v Mnichov\u011b pro zlep\u0161en\u00ed va\u0161\u00ed kari\u00e9ry a va\u0161ich osobn\u00edch mo\u017enost\u00ed. Kurz nemciny v Mnichove, Ucit se nemecky v Mnichove","og_url":"https:\/\/www.sprachschule-aktiv-muenchen.de\/cs\/","og_site_name":"Sprachschule Aktiv","article_modified_time":"2022-12-28T11:06:52+00:00","twitter_card":"summary_large_image","twitter_misc":{"Odhadovan\u00e1 doba \u010dten\u00ed":"6 minut"},"schema":{"@context":"https:\/\/schema.org","@graph":[{"@type":"WebPage","@id":"https:\/\/www.sprachschule-aktiv-muenchen.de\/cs\/","url":"https:\/\/www.sprachschule-aktiv-muenchen.de\/cs\/","name":"Kurz nemciny v Mnichove - Ucit se nemecky v Mnichove","isPartOf":{"@id":"https:\/\/www.sprachschule-aktiv-muenchen.de\/#website"},"datePublished":"2016-08-11T12:35:27+00:00","dateModified":"2022-12-28T11:06:52+00:00","description":"Nav\u0161tivte na\u0161i v\u00fduku n\u011bm\u010diny v Mnichov\u011b pro zlep\u0161en\u00ed va\u0161\u00ed kari\u00e9ry a va\u0161ich osobn\u00edch mo\u017enost\u00ed. Kurz nemciny v Mnichove, Ucit se nemecky v Mnichove","breadcrumb":{"@id":"https:\/\/www.sprachschule-aktiv-muenchen.de\/cs\/#breadcrumb"},"inLanguage":"cs","potentialAction":[{"@type":"ReadAction","target":["https:\/\/www.sprachschule-aktiv-muenchen.de\/cs\/"]}]},{"@type":"BreadcrumbList","@id":"https:\/\/www.sprachschule-aktiv-muenchen.de\/cs\/#breadcrumb","itemListElement":[{"@type":"ListItem","position":1,"name":"Portada","item":"https:\/\/www.sprachschule-aktiv-muenchen.de\/cs\/"},{"@type":"ListItem","position":2,"name":"Home 3 &#8211; Corporate"}]},{"@type":"WebSite","@id":"https:\/\/www.sprachschule-aktiv-muenchen.de\/#website","url":"https:\/\/www.sprachschule-aktiv-muenchen.de\/","name":"Sprachschule Aktiv","description":"","potentialAction":[{"@type":"SearchAction","target":{"@type":"EntryPoint","urlTemplate":"https:\/\/www.sprachschule-aktiv-muenchen.de\/?s={search_term_string}"},"query-input":{"@type":"PropertyValueSpecification","valueRequired":true,"valueName":"search_term_string"}}],"inLanguage":"cs"}]}},"_links":{"self":[{"href":"https:\/\/www.sprachschule-aktiv-muenchen.de\/cs\/wp-json\/wp\/v2\/pages\/11201","targetHints":{"allow":["GET"]}}],"collection":[{"href":"https:\/\/www.sprachschule-aktiv-muenchen.de\/cs\/wp-json\/wp\/v2\/pages"}],"about":[{"href":"https:\/\/www.sprachschule-aktiv-muenchen.de\/cs\/wp-json\/wp\/v2\/types\/page"}],"author":[{"embeddable":true,"href":"https:\/\/www.sprachschule-aktiv-muenchen.de\/cs\/wp-json\/wp\/v2\/users\/2"}],"replies":[{"embeddable":true,"href":"https:\/\/www.sprachschule-aktiv-muenchen.de\/cs\/wp-json\/wp\/v2\/comments?post=11201"}],"version-history":[{"count":4,"href":"https:\/\/www.sprachschule-aktiv-muenchen.de\/cs\/wp-json\/wp\/v2\/pages\/11201\/revisions"}],"predecessor-version":[{"id":72841,"href":"https:\/\/www.sprachschule-aktiv-muenchen.de\/cs\/wp-json\/wp\/v2\/pages\/11201\/revisions\/72841"}],"wp:attachment":[{"href":"https:\/\/www.sprachschule-aktiv-muenchen.de\/cs\/wp-json\/wp\/v2\/media?parent=11201"}],"curies":[{"name":"wp","href":"https:\/\/api.w.org\/{rel}","templated":true}]}}