{"id":38366,"date":"2017-02-05T10:41:54","date_gmt":"2017-02-05T09:41:54","guid":{"rendered":"https:\/\/www.sprachschule-aktiv-muenchen.de\/anmeldung\/"},"modified":"2020-05-13T06:00:38","modified_gmt":"2020-05-13T04:00:38","slug":"registre","status":"publish","type":"page","link":"https:\/\/www.sprachschule-aktiv-muenchen.de\/ca\/registre\/","title":{"rendered":"Registre"},"content":{"rendered":"<p>[vc_row css=&#8221;.vc_custom_1486284745672{margin-top: 25px !important;padding-bottom: 30px !important;}&#8221;][vc_column][vc_column_text]<\/p>\n<h1>Inscripci\u00f3 per a cursos d&#8217;idiomes<\/h1>\n<p>Inscripci\u00f3 per a cursos d&#8217;idiomes: completeu el formulari d&#8217;inscripci\u00f3 per al curs d&#8217;idiomes desitjat.[\/vc_column_text][vc_row_inner][vc_column_inner width=&#8221;2\/3&#8243;]\n<div class=\"wpcf7 no-js\" id=\"wpcf7-f46140-o1\" lang=\"de-DE\" dir=\"ltr\" data-wpcf7-id=\"46140\">\n<div class=\"screen-reader-response\"><p role=\"status\" aria-live=\"polite\" aria-atomic=\"true\"><\/p> <ul><\/ul><\/div>\n<form action=\"\/ca\/wp-json\/wp\/v2\/pages\/38366#wpcf7-f46140-o1\" method=\"post\" class=\"wpcf7-form init wpcf7-acceptance-as-validation\" aria-label=\"Kontaktformular\" novalidate=\"novalidate\" data-status=\"init\">\n<fieldset class=\"hidden-fields-container\"><input type=\"hidden\" name=\"_wpcf7\" value=\"46140\" \/><input type=\"hidden\" name=\"_wpcf7_version\" value=\"6.1.5\" \/><input type=\"hidden\" name=\"_wpcf7_locale\" value=\"de_DE\" \/><input type=\"hidden\" name=\"_wpcf7_unit_tag\" value=\"wpcf7-f46140-o1\" \/><input type=\"hidden\" name=\"_wpcf7_container_post\" value=\"0\" \/><input type=\"hidden\" name=\"_wpcf7_posted_data_hash\" value=\"\" \/><input type=\"hidden\" name=\"_wpcf7cf_hidden_group_fields\" value=\"[]\" \/><input type=\"hidden\" name=\"_wpcf7cf_hidden_groups\" value=\"[]\" \/><input type=\"hidden\" name=\"_wpcf7cf_visible_groups\" value=\"[]\" \/><input type=\"hidden\" name=\"_wpcf7cf_repeaters\" value=\"[]\" \/><input type=\"hidden\" name=\"_wpcf7cf_steps\" value=\"{}\" \/><input type=\"hidden\" name=\"_wpcf7cf_options\" value=\"{&quot;form_id&quot;:46140,&quot;conditions&quot;:[{&quot;then_field&quot;:&quot;ueberweisung&quot;,&quot;and_rules&quot;:[{&quot;if_field&quot;:&quot;Zahlung&quot;,&quot;operator&quot;:&quot;equals&quot;,&quot;if_value&quot;:&quot;Transfer\\u00e8ncia&quot;}]}],&quot;settings&quot;:{&quot;animation&quot;:&quot;yes&quot;,&quot;animation_intime&quot;:200,&quot;animation_outtime&quot;:200,&quot;conditions_ui&quot;:&quot;normal&quot;,&quot;notice_dismissed&quot;:false}}\" \/><input type=\"hidden\" name=\"_wpcf7_recaptcha_response\" value=\"\" \/>\n<\/fieldset>\n<p>Empresa: <span class=\"wpcf7-form-control-wrap\" data-name=\"Firma\"><input size=\"40\" maxlength=\"400\" class=\"wpcf7-form-control wpcf7-text\" aria-invalid=\"false\" value=\"\" type=\"text\" name=\"Firma\" \/><\/span>\n<\/p>\n<p>Nom*: <span class=\"wpcf7-form-control-wrap\" data-name=\"Vorname\"><input size=\"40\" maxlength=\"400\" class=\"wpcf7-form-control wpcf7-text wpcf7-validates-as-required\" aria-required=\"true\" aria-invalid=\"false\" value=\"\" type=\"text\" name=\"Vorname\" \/><\/span>\n<\/p>\n<p>Cognoms*: <span class=\"wpcf7-form-control-wrap\" data-name=\"Nachname\"><input size=\"40\" maxlength=\"400\" class=\"wpcf7-form-control wpcf7-text wpcf7-validates-as-required\" aria-required=\"true\" aria-invalid=\"false\" value=\"\" type=\"text\" name=\"Nachname\" \/><\/span>\n<\/p>\n<p>Carrer\/N\u00famero*: <span class=\"wpcf7-form-control-wrap\" data-name=\"Adresse\"><input size=\"40\" maxlength=\"400\" class=\"wpcf7-form-control wpcf7-text wpcf7-validates-as-required\" aria-required=\"true\" aria-invalid=\"false\" value=\"\" type=\"text\" name=\"Adresse\" \/><\/span>\n<\/p>\n<p>Codi postal\/ciutat: <span class=\"wpcf7-form-control-wrap\" data-name=\"PLZ\"><input size=\"40\" maxlength=\"400\" class=\"wpcf7-form-control wpcf7-text wpcf7-validates-as-required\" aria-required=\"true\" aria-invalid=\"false\" value=\"\" type=\"text\" name=\"PLZ\" \/><\/span>\n<\/p>\n<p>Tel\u00e8fon*: <span class=\"wpcf7-form-control-wrap\" data-name=\"Telefon\"><input size=\"40\" maxlength=\"400\" class=\"wpcf7-form-control wpcf7-text wpcf7-validates-as-required\" aria-required=\"true\" aria-invalid=\"false\" value=\"\" type=\"text\" name=\"Telefon\" \/><\/span>\n<\/p>\n<p>Email*: <span class=\"wpcf7-form-control-wrap\" data-name=\"Email\"><input size=\"40\" maxlength=\"400\" class=\"wpcf7-form-control wpcf7-email wpcf7-validates-as-required wpcf7-text wpcf7-validates-as-email medium\" aria-required=\"true\" aria-invalid=\"false\" value=\"\" type=\"email\" name=\"Email\" \/><\/span>\n<\/p>\n<p><B>Informaci\u00f3 del curs:<\/b>\n<\/p>\n<p>Llenguatge* : <span class=\"wpcf7-form-control-wrap\" data-name=\"Sprache\"><input size=\"40\" maxlength=\"400\" class=\"wpcf7-form-control wpcf7-text wpcf7-validates-as-required\" aria-required=\"true\" aria-invalid=\"false\" placeholder=\"Exemple: alemany, angl\u00e8s, espanyol\" value=\"\" type=\"text\" name=\"Sprache\" \/><\/span>\n<\/p>\n<p>Tipus de curs*: <span class=\"wpcf7-form-control-wrap\" data-name=\"Kursart\"><input size=\"40\" maxlength=\"400\" class=\"wpcf7-form-control wpcf7-text wpcf7-validates-as-required\" aria-required=\"true\" aria-invalid=\"false\" placeholder=\"Exemple: Curs intensiu, curs grupal\" value=\"\" type=\"text\" name=\"Kursart\" \/><\/span>\n<\/p>\n<p>Nivell: <span class=\"wpcf7-form-control-wrap\" data-name=\"Level\"><select class=\"wpcf7-form-control wpcf7-select wpcf7-validates-as-required\" aria-required=\"true\" aria-invalid=\"false\" name=\"Level\"><option value=\"A1 (principiant)\">A1 (principiant)<\/option><option value=\"A2 (Premediat)\">A2 (Premediat)<\/option><option value=\"B1 (baix intermedi)\">B1 (baix intermedi)<\/option><option value=\"B2 (Indeterminaci\u00f3 superior)\">B2 (Indeterminaci\u00f3 superior)<\/option><option value=\"C1 (Avan\u00e7at)\">C1 (Avan\u00e7at)<\/option><option value=\"C2 (sufici\u00e8ncia)\">C2 (sufici\u00e8ncia)<\/option><\/select><\/span>\n<\/p>\n<p>Inici del curs*: <span class=\"wpcf7-form-control-wrap\" data-name=\"Kursbeginn\"><input size=\"40\" maxlength=\"400\" class=\"wpcf7-form-control wpcf7-text wpcf7-validates-as-required walcf7-datepicker\" aria-required=\"true\" aria-invalid=\"false\" value=\"\" type=\"text\" name=\"Kursbeginn\" \/><\/span>\n<\/p>\n<p>Durada del curs*: <span class=\"wpcf7-form-control-wrap\" data-name=\"dauer\"><input size=\"40\" maxlength=\"400\" class=\"wpcf7-form-control wpcf7-text wpcf7-validates-as-required\" aria-required=\"true\" aria-invalid=\"false\" placeholder=\"Exemple: 4 setmanes per curs intensiu\" value=\"\" type=\"text\" name=\"dauer\" \/><\/span>\n<\/p>\n<p>Nombre desitjat d'hores: <span class=\"wpcf7-form-control-wrap\" data-name=\"Kursbeginn2\"><input size=\"40\" maxlength=\"400\" class=\"wpcf7-form-control wpcf7-text\" aria-invalid=\"false\" value=\"\" type=\"text\" name=\"Kursbeginn2\" \/><\/span>\n<\/p>\n<p><B>Pagament: <\/b>\n<\/p>\n<p>M\u00e8todes de Pagament: <span class=\"wpcf7-form-control-wrap\" data-name=\"Zahlung\"><select class=\"wpcf7-form-control wpcf7-select wpcf7-validates-as-required\" aria-required=\"true\" aria-invalid=\"false\" name=\"Zahlung\"><option value=\"Horari comercial a la nostra oficina\">Horari comercial a la nostra oficina<\/option><option value=\"Transfer\u00e8ncia\">Transfer\u00e8ncia<\/option><option value=\"El pagament amb targeta de cr\u00e8dit es troba a l&#039;oficina a la Hessstr. 90 en 80797 Munich possible\">El pagament amb targeta de cr\u00e8dit es troba a l&#039;oficina a la Hessstr. 90 en 80797 Munich possible<\/option><option value=\"PayPal: buchhaltung1@sprachschule-aktiv.de\">PayPal: buchhaltung1@sprachschule-aktiv.de<\/option><\/select><\/span>\n<\/p>\n<div data-id=\"ueberweisung\" data-orig_data_id=\"ueberweisung\"  class=\"\" data-class=\"wpcf7cf_group\">\n\t<p>Postbank:<br \/>\nN\u00famero de compte: 165 357 859<br \/>\nCodi bancari: 760 100 85<br \/>\nIBAN: DE40 7601 0085 0165 3578 59<br \/>\nBIC: PBNKDEFF\n\t<\/p>\n<\/div>\n<p><B>Observacions<\/b>\n<\/p>\n<p><span class=\"wpcf7-form-control-wrap\" data-name=\"Bemerkungen\"><textarea cols=\"40\" rows=\"10\" maxlength=\"2000\" class=\"wpcf7-form-control wpcf7-textarea\" aria-invalid=\"false\" name=\"Bemerkungen\"><\/textarea><\/span>\n<\/p>\n<div style=\"\">\n\t<p><span class=\"wpcf7-form-control-wrap\" data-name=\"agb\"><span class=\"wpcf7-form-control wpcf7-acceptance\"><span class=\"wpcf7-list-item\"><input type=\"checkbox\" name=\"agb\" value=\"1\" aria-invalid=\"false\" \/><\/span><\/span><\/span> (*) He llegit i accepto els <a href=\"\/allgemeine-geschaeftsbedingungen-und-datenschutzerklaerung\/\" target=\"_blank\">termes legals<\/a> i les <a href=\"\/allgemeine-geschaeftsbedingungen-und-datenschutzerklaerung\/\" target=\"_blank\">pol\u00edtiques privacitat de dades<\/a>.\n\t<\/p>\n<\/div>\n<p><input class=\"wpcf7-form-control wpcf7-submit has-spinner\" type=\"submit\" value=\"Enviar formulari\" \/>\n<\/p><div class=\"wpcf7-response-output\" aria-hidden=\"true\"><\/div>\n<\/form>\n<\/div>\n[\/vc_column_inner][vc_column_inner width=&#8221;1\/3&#8243; css=&#8221;.vc_custom_1486286691342{margin-top: 15px !important;}&#8221;][vc_column_text]<\/p>\n<h2>Sprachschule Aktiv M\u00fcnchen<\/h2>\n<p>Tel.: 00-49-89-20062435<br \/>\nMobil: 0170-7779042<br \/>\nMobil: 0151-24059756<br \/>\nFax: 089-20062454<br \/>\nE-Mail: <a href=\"mailto:kontakt@sprachschule-aktiv.de \">kontakt@sprachschule-aktiv.de<\/a><br \/>\nInternet: <a href=\"http:\/\/www.sprachschule-aktiv-muenchen.de\/ca\/\">www.sprachschule-aktiv-muenchen.de\/ca\/<\/a>[\/vc_column_text][vc_separator css=&#8221;.vc_custom_1486286438007{padding-top: 20px !important;padding-bottom: 20px !important;}&#8221;][vc_column_text]<\/p>\n<h3>Anfahrt<\/h3>\n<p>He\u00dfstr. 90, 80797 M\u00fcnchen[\/vc_column_text][vc_gmaps link=&#8221;#E-8_JTNDaWZyYW1lJTIwc3JjJTNEJTIyaHR0cHMlM0ElMkYlMkZ3d3cuZ29vZ2xlLmNvbSUyRm1hcHMlMkZlbWJlZCUzRnBiJTNEJTIxMW0xOCUyMTFtMTIlMjExbTMlMjExZDI2NjEuNzQ5Njg0NjY4ODMzJTIxMmQxMS41NTg0MDgxMTU4MTUyNSUyMTNkNDguMTUzNjMwODU4MDIxMzQ0JTIxMm0zJTIxMWYwJTIxMmYwJTIxM2YwJTIxM20yJTIxMWkxMDI0JTIxMmk3NjglMjE0ZjEzLjElMjEzbTMlMjExbTIlMjExczB4NDc5ZTc1ZTEyMTYxMGExZiUyNTNBMHhlNzI3ZThlMmQ4NTI2ZTQyJTIxMnNTcHJhY2hzY2h1bGUlMkJBa3RpdiUyQk0lMjVDMyUyNUJDbmNoZW4lMjE1ZTAlMjEzbTIlMjExc2RlJTIxMnNkZSUyMTR2MTQ4NjI4NjMxMjc0MiUyMiUyMHdpZHRoJTNEJTIyNjAwJTIyJTIwaGVpZ2h0JTNEJTIyMjAwJTIyJTIwZnJhbWVib3JkZXIlM0QlMjIwJTIyJTIwc3R5bGUlM0QlMjJib3JkZXIlM0EwJTIyJTIwYWxsb3dmdWxsc2NyZWVuJTNFJTNDJTJGaWZyYW1lJTNF&#8221;][\/vc_column_inner][\/vc_row_inner][\/vc_column][\/vc_row]<\/p>\n","protected":false},"excerpt":{"rendered":"<p>[vc_row css=&#8221;.vc_custom_1486284745672{margin-top: 25px !important;padding-bottom: 30px !important;}&#8221;][vc_column][vc_column_text] Inscripci\u00f3 per a cursos d&#8217;idiomes Inscripci\u00f3 per a cursos d&#8217;idiomes: completeu el formulari d&#8217;inscripci\u00f3 per al curs d&#8217;idiomes desitjat.[\/vc_column_text][vc_row_inner][vc_column_inner width=&#8221;2\/3&#8243;][\/vc_column_inner][vc_column_inner width=&#8221;1\/3&#8243; css=&#8221;.vc_custom_1486286691342{margin-top: 15px !important;}&#8221;][vc_column_text] Sprachschule Aktiv M\u00fcnchen Tel.: 00-49-89-20062435 Mobil: 0170-7779042 Mobil: 0151-24059756 Fax: 089-20062454 E-Mail: kontakt@sprachschule-aktiv.de Internet: www.sprachschule-aktiv-muenchen.de\/ca\/[\/vc_column_text][vc_separator css=&#8221;.vc_custom_1486286438007{padding-top: 20px !important;padding-bottom: 20px !important;}&#8221;][vc_column_text] Anfahrt He\u00dfstr. 90, 80797 M\u00fcnchen[\/vc_column_text][vc_gmaps&hellip; <a class=\"read-more\" href=\"https:\/\/www.sprachschule-aktiv-muenchen.de\/ca\/registre\/\" title=\"Read Registre\">Read more &raquo;<\/a><\/p>\n","protected":false},"author":2,"featured_media":0,"parent":0,"menu_order":0,"comment_status":"closed","ping_status":"closed","template":"","meta":{"footnotes":""},"class_list":["post-38366","page","type-page","status-publish","hentry"],"yoast_head":"<!-- This site is optimized with the Yoast SEO plugin v27.1.1 - https:\/\/yoast.com\/product\/yoast-seo-wordpress\/ -->\n<title>Inscripci\u00f3 per a cursos d&#039;idiomes - Formulari d&#039;inscripci\u00f3<\/title>\n<meta name=\"description\" content=\"aEn aquesta p\u00e0gina podeu registrar-vos per obtenir un curs d&#039;idiomes. Formulari d&#039;inscripci\u00f3 per a cursos d&#039;idiomes de l&#039;escola d&#039;idiomes Aktiv M\u00fcnchen\" \/>\n<meta name=\"robots\" content=\"index, follow, max-snippet:-1, max-image-preview:large, max-video-preview:-1\" \/>\n<link rel=\"canonical\" href=\"https:\/\/www.sprachschule-aktiv-muenchen.de\/ca\/registre\/\" \/>\n<meta property=\"og:locale\" content=\"ca_ES\" \/>\n<meta property=\"og:type\" content=\"article\" \/>\n<meta property=\"og:title\" content=\"Inscripci\u00f3 per a cursos d&#039;idiomes - Formulari d&#039;inscripci\u00f3\" \/>\n<meta property=\"og:description\" content=\"aEn aquesta p\u00e0gina podeu registrar-vos per obtenir un curs d&#039;idiomes. Formulari d&#039;inscripci\u00f3 per a cursos d&#039;idiomes de l&#039;escola d&#039;idiomes Aktiv M\u00fcnchen\" \/>\n<meta property=\"og:url\" content=\"https:\/\/www.sprachschule-aktiv-muenchen.de\/ca\/registre\/\" \/>\n<meta property=\"og:site_name\" content=\"Sprachschule Aktiv\" \/>\n<meta property=\"article:modified_time\" content=\"2020-05-13T04:00:38+00:00\" \/>\n<meta name=\"twitter:card\" content=\"summary_large_image\" \/>\n<meta name=\"twitter:label1\" content=\"Temps estimat de lectura\" \/>\n\t<meta name=\"twitter:data1\" content=\"1 minut\" \/>\n<script type=\"application\/ld+json\" class=\"yoast-schema-graph\">{\"@context\":\"https:\/\/schema.org\",\"@graph\":[{\"@type\":\"WebPage\",\"@id\":\"https:\/\/www.sprachschule-aktiv-muenchen.de\/ca\/registre\/\",\"url\":\"https:\/\/www.sprachschule-aktiv-muenchen.de\/ca\/registre\/\",\"name\":\"Inscripci\u00f3 per a cursos d'idiomes - Formulari d'inscripci\u00f3\",\"isPartOf\":{\"@id\":\"https:\/\/www.sprachschule-aktiv-muenchen.de\/#website\"},\"datePublished\":\"2017-02-05T09:41:54+00:00\",\"dateModified\":\"2020-05-13T04:00:38+00:00\",\"description\":\"aEn aquesta p\u00e0gina podeu registrar-vos per obtenir un curs d'idiomes. Formulari d'inscripci\u00f3 per a cursos d'idiomes de l'escola d'idiomes Aktiv M\u00fcnchen\",\"breadcrumb\":{\"@id\":\"https:\/\/www.sprachschule-aktiv-muenchen.de\/ca\/registre\/#breadcrumb\"},\"inLanguage\":\"ca\",\"potentialAction\":[{\"@type\":\"ReadAction\",\"target\":[\"https:\/\/www.sprachschule-aktiv-muenchen.de\/ca\/registre\/\"]}]},{\"@type\":\"BreadcrumbList\",\"@id\":\"https:\/\/www.sprachschule-aktiv-muenchen.de\/ca\/registre\/#breadcrumb\",\"itemListElement\":[{\"@type\":\"ListItem\",\"position\":1,\"name\":\"Portada\",\"item\":\"https:\/\/www.sprachschule-aktiv-muenchen.de\/ca\/\"},{\"@type\":\"ListItem\",\"position\":2,\"name\":\"Registre\"}]},{\"@type\":\"WebSite\",\"@id\":\"https:\/\/www.sprachschule-aktiv-muenchen.de\/#website\",\"url\":\"https:\/\/www.sprachschule-aktiv-muenchen.de\/\",\"name\":\"Sprachschule Aktiv\",\"description\":\"\",\"potentialAction\":[{\"@type\":\"SearchAction\",\"target\":{\"@type\":\"EntryPoint\",\"urlTemplate\":\"https:\/\/www.sprachschule-aktiv-muenchen.de\/?s={search_term_string}\"},\"query-input\":{\"@type\":\"PropertyValueSpecification\",\"valueRequired\":true,\"valueName\":\"search_term_string\"}}],\"inLanguage\":\"ca\"}]}<\/script>\n<!-- \/ Yoast SEO plugin. -->","yoast_head_json":{"title":"Inscripci\u00f3 per a cursos d'idiomes - Formulari d'inscripci\u00f3","description":"aEn aquesta p\u00e0gina podeu registrar-vos per obtenir un curs d'idiomes. Formulari d'inscripci\u00f3 per a cursos d'idiomes de l'escola d'idiomes Aktiv M\u00fcnchen","robots":{"index":"index","follow":"follow","max-snippet":"max-snippet:-1","max-image-preview":"max-image-preview:large","max-video-preview":"max-video-preview:-1"},"canonical":"https:\/\/www.sprachschule-aktiv-muenchen.de\/ca\/registre\/","og_locale":"ca_ES","og_type":"article","og_title":"Inscripci\u00f3 per a cursos d'idiomes - Formulari d'inscripci\u00f3","og_description":"aEn aquesta p\u00e0gina podeu registrar-vos per obtenir un curs d'idiomes. Formulari d'inscripci\u00f3 per a cursos d'idiomes de l'escola d'idiomes Aktiv M\u00fcnchen","og_url":"https:\/\/www.sprachschule-aktiv-muenchen.de\/ca\/registre\/","og_site_name":"Sprachschule Aktiv","article_modified_time":"2020-05-13T04:00:38+00:00","twitter_card":"summary_large_image","twitter_misc":{"Temps estimat de lectura":"1 minut"},"schema":{"@context":"https:\/\/schema.org","@graph":[{"@type":"WebPage","@id":"https:\/\/www.sprachschule-aktiv-muenchen.de\/ca\/registre\/","url":"https:\/\/www.sprachschule-aktiv-muenchen.de\/ca\/registre\/","name":"Inscripci\u00f3 per a cursos d'idiomes - Formulari d'inscripci\u00f3","isPartOf":{"@id":"https:\/\/www.sprachschule-aktiv-muenchen.de\/#website"},"datePublished":"2017-02-05T09:41:54+00:00","dateModified":"2020-05-13T04:00:38+00:00","description":"aEn aquesta p\u00e0gina podeu registrar-vos per obtenir un curs d'idiomes. Formulari d'inscripci\u00f3 per a cursos d'idiomes de l'escola d'idiomes Aktiv M\u00fcnchen","breadcrumb":{"@id":"https:\/\/www.sprachschule-aktiv-muenchen.de\/ca\/registre\/#breadcrumb"},"inLanguage":"ca","potentialAction":[{"@type":"ReadAction","target":["https:\/\/www.sprachschule-aktiv-muenchen.de\/ca\/registre\/"]}]},{"@type":"BreadcrumbList","@id":"https:\/\/www.sprachschule-aktiv-muenchen.de\/ca\/registre\/#breadcrumb","itemListElement":[{"@type":"ListItem","position":1,"name":"Portada","item":"https:\/\/www.sprachschule-aktiv-muenchen.de\/ca\/"},{"@type":"ListItem","position":2,"name":"Registre"}]},{"@type":"WebSite","@id":"https:\/\/www.sprachschule-aktiv-muenchen.de\/#website","url":"https:\/\/www.sprachschule-aktiv-muenchen.de\/","name":"Sprachschule Aktiv","description":"","potentialAction":[{"@type":"SearchAction","target":{"@type":"EntryPoint","urlTemplate":"https:\/\/www.sprachschule-aktiv-muenchen.de\/?s={search_term_string}"},"query-input":{"@type":"PropertyValueSpecification","valueRequired":true,"valueName":"search_term_string"}}],"inLanguage":"ca"}]}},"_links":{"self":[{"href":"https:\/\/www.sprachschule-aktiv-muenchen.de\/ca\/wp-json\/wp\/v2\/pages\/38366","targetHints":{"allow":["GET"]}}],"collection":[{"href":"https:\/\/www.sprachschule-aktiv-muenchen.de\/ca\/wp-json\/wp\/v2\/pages"}],"about":[{"href":"https:\/\/www.sprachschule-aktiv-muenchen.de\/ca\/wp-json\/wp\/v2\/types\/page"}],"author":[{"embeddable":true,"href":"https:\/\/www.sprachschule-aktiv-muenchen.de\/ca\/wp-json\/wp\/v2\/users\/2"}],"replies":[{"embeddable":true,"href":"https:\/\/www.sprachschule-aktiv-muenchen.de\/ca\/wp-json\/wp\/v2\/comments?post=38366"}],"version-history":[{"count":1,"href":"https:\/\/www.sprachschule-aktiv-muenchen.de\/ca\/wp-json\/wp\/v2\/pages\/38366\/revisions"}],"predecessor-version":[{"id":50526,"href":"https:\/\/www.sprachschule-aktiv-muenchen.de\/ca\/wp-json\/wp\/v2\/pages\/38366\/revisions\/50526"}],"wp:attachment":[{"href":"https:\/\/www.sprachschule-aktiv-muenchen.de\/ca\/wp-json\/wp\/v2\/media?parent=38366"}],"curies":[{"name":"wp","href":"https:\/\/api.w.org\/{rel}","templated":true}]}}