{"id":38209,"date":"2016-08-11T12:35:27","date_gmt":"2016-08-11T12:35:27","guid":{"rendered":"https:\/\/www.sprachschule-aktiv-muenchen.de\/home-3-corporate\/"},"modified":"2023-10-11T06:28:59","modified_gmt":"2023-10-11T04:28:59","slug":"home-3-corporate","status":"publish","type":"page","link":"https:\/\/www.sprachschule-aktiv-muenchen.de\/ca\/","title":{"rendered":"Home 3 &#8211; Corporate"},"content":{"rendered":"<p>[vc_row full_width=&#8221;stretch_row_content_no_spaces&#8221; equal_height=&#8221;yes&#8221; tc_enable_overlay=&#8221;true&#8221; css=&#8221;.vc_custom_1603193378056{background-position: center !important;background-repeat: no-repeat !important;background-size: cover !important;}&#8221;][vc_column][vc_single_image image=&#8221;59799&#8243; img_size=&#8221;full&#8221; onclick=&#8221;custom_link&#8221; link=&#8221;https:\/\/www.sprachschule-aktiv-muenchen.de\/ca\/registre\/&#8221;][\/vc_column][\/vc_row][vc_row full_width=&#8221;stretch_row&#8221; equal_height=&#8221;yes&#8221; content_placement=&#8221;middle&#8221; tc_enable_overlay=&#8221;true&#8221; css=&#8221;.vc_custom_1487979657855{padding-top: 30px !important;padding-bottom: 30px !important;}&#8221; el_class=&#8221;action-box m-b-none theme-bg-color&#8221;][vc_column width=&#8221;2\/3&#8243;][vc_column_text]<\/p>\n<h3 class=\"text-white\">Vols aprendre alemany?<\/h3>\n<p class=\"text-white\">Cursos d&#8217;alemany per a grups, parelles, empreses, privats &#8230; Professors nadius i qualificats.<\/p>\n<p>[\/vc_column_text][\/vc_column][vc_column width=&#8221;1\/3&#8243; css=&#8221;.vc_custom_1481804430561{padding-top: 15px !important;}&#8221; el_class=&#8221;text-right&#8221;]\t<div class=\"vc_btn3-container vc_btn3-inline\">\r\n\t\t<a href=\"\/ca\/registre\/\" class=\"pgs_btn pgs_btn_style_3 pgs_btn_lg\">\r\n\t\t\t<span>\r\n\t\t\t\tInscriu-te en els nostres cursos\t\t\t<\/span>\r\n\t\t\t\t\t\t<i class=\"fa fa-hand-o-right\"><\/i>\r\n\t\t\t\t\t<\/a>\r\n\t<\/div>\r\n\t[\/vc_column][\/vc_row][vc_row css=&#8221;.vc_custom_1488561909930{padding-top: 30px !important;padding-bottom: 30px !important;}&#8221;][vc_column][vc_column_text]<\/p>\n<h1>Apr\u00e9n alemany a Munic &#8211; escola d&#8217;idiomes per a cursos d&#8217;alemany<\/h1>\n<p>Voleu aprendre alemany a Munic? L&#8217;escola d&#8217;idiomes Aktiv M\u00fcnchen est\u00e0 especialitzada en cursos d&#8217;alemany. Aqu\u00ed trobareu informaci\u00f3 sobre els nostres cursos, allotjaments a Munic, preus, visats a Alemanya, probes de nivell d\u2019alemany, activitats d&#8217;oci, asseguran\u00e7a m\u00e8dica per a cursos d&#8217;alemany, informaci\u00f3 de la ciutat de Munic i ubicaci\u00f3 de l&#8217;escola d&#8217;idiomes activa.[\/vc_column_text][\/vc_column][\/vc_row][vc_row full_width=&#8221;stretch_row_content_no_spaces&#8221; tc_enable_overlay=&#8221;true&#8221; css=&#8221;.vc_custom_1488561915124{padding-top: 30px !important;padding-bottom: 30px !important;background-image: url(https:\/\/www.sprachschule-aktiv-muenchen.de\/wp-content\/uploads\/2016\/08\/mathaino-germanika-sto-diko-mas-kentro-xenon-glosson-sto-monacho-kai.jpg?id=11458) !important;background-position: center !important;background-repeat: no-repeat !important;background-size: cover !important;}&#8221; el_class=&#8221;xs-pd-lr&#8221;][vc_column width=&#8221;3\/4&#8243; offset=&#8221;vc_col-lg-offset-1 vc_col-lg-6 vc_col-md-offset-1 vc_col-md-10 vc_col-sm-offset-1 vc_col-xs-12&#8243;][vc_column_text]<\/p>\n<h2>Cursos d&#8217;alemany per a principiants i avan\u00e7ats: A1, A2, B1, B2, C1 i C2<\/h2>\n<p>Els certificats de llengua adquirits en alemany, respectivament, corresponen al marc europeu de refer\u00e8ncia: A1, A2, B1, B2, C1, C2. Cada certificat es basa en l&#8217;anterior. Aix\u00f2 garanteix un alt nivell de comprensi\u00f3 del llenguatge i nivell d&#8217;idioma, que va m\u00e9s enll\u00e0 de l&#8217;aplicaci\u00f3 de la llengua quotidiana. Els estudiants d&#8217;idiomes tenen l&#8217;oportunitat d&#8217;aprendre alemany per al seu treball per promoure i enfortir la comunicaci\u00f3 internacional entre empreses alemanyes i estrangeres. A m\u00e9s, l&#8217;ensenyament de lleng\u00fces \u00e9s un suport important per als estudiants estrangers, ja que \u00e9s un requisit previ per a la matr\u00edcula en una acad\u00e8mia o universitat.[\/vc_column_text]\t<div class=\"vc_btn3-container vc_btn3-inline\">\r\n\t\t<a href=\"\/ca\/contacte\/\" class=\"pgs_btn pgs_btn_style_1 pgs_btn_md  vc_custom_1512142559316\">\r\n\t\t\t<span>\r\n\t\t\t\tEst\u00e0s interessat? Contacti&#039;ns.\t\t\t<\/span>\r\n\t\t\t\t\t\t<i class=\"fa fa-pencil-square-o\"><\/i>\r\n\t\t\t\t\t<\/a>\r\n\t<\/div>\r\n\t[\/vc_column][vc_column width=&#8221;1\/4&#8243; offset=&#8221;vc_col-lg-5 vc_col-md-2 vc_hidden-sm vc_col-xs-12 vc_hidden-xs&#8221;][\/vc_column][\/vc_row][vc_row css=&#8221;.vc_custom_1488561945351{padding-top: 30px !important;padding-bottom: 30px !important;}&#8221;][vc_column width=&#8221;1\/2&#8243;][vc_video link=&#8221;https:\/\/youtu.be\/O8OSUHbmfWQ&#8221; css=&#8221;.vc_custom_1671790881978{padding-top: 20px !important;}&#8221;][\/vc_column][vc_column width=&#8221;1\/2&#8243;][vc_column_text]<\/p>\n<h2>Est\u00e0s interessat? Contacti&#8217;ns<\/h2>\n<p><strong>Durada<\/strong>: 1, 2, 3, 4 &#8230; fins a 48 setmanes<br \/>\n<strong>Horari<\/strong>: De dilluns a divendres de 9:00 a 12:00<\/p>\n<p><strong>Comen\u00e7a el curs amb coneixements previs<\/strong>: tots els dilluns possibles<br \/>\nDates d&#8217;inici per a principiants: les dates d&#8217;inici es poden trobar a continuaci\u00f3 en aquesta p\u00e0gina.<\/p>\n<p><strong>Nivells A1 a C2<\/strong>: principiant, intermedi, avan\u00e7at:<br \/>\nA1 (A1.1 + A1.2), A2 (A2.1 + A2.2) B1 (B1.1 + B1.2), B2 (B2.1 + B2.2) C1, C2<\/p>\n<p>Preus:<\/p>\n<ul>\n<li>1 setmana: 199\u20ac<\/li>\n<li>2 setmanes: 349\u20ac<\/li>\n<li>3 setmanes: 411\u20ac<\/li>\n<li>4 setmanes (per mes): 499\u20ac<\/li>\n<\/ul>\n<p>[\/vc_column_text][\/vc_column][\/vc_row][vc_row full_width=&#8221;stretch_row&#8221; tc_enable_overlay=&#8221;true&#8221; css=&#8221;.vc_custom_1487972460773{padding-top: 30px !important;padding-bottom: 30px !important;background-color: #f9f9f9 !important;}&#8221;][vc_column width=&#8221;1\/2&#8243;][vc_column_text]<\/p>\n<h2>Cursos intensius d&#8217;alemany a Munic &#8211; apreneu en grups redu\u00efts<\/h2>\n<p>Els petits grups d&#8217;aprenentatge de fins a 10 estudiants tenen l&#8217;avantatge que els professors s\u00f3n m\u00e9s capa\u00e7os de respondre a les necessitats dels estudiants i, per tant, permeten un aprenentatge m\u00e9s intensiu.<\/p>\n<p>At\u00e8s que cada estudiant t\u00e9 un comportament d&#8217;aprenentatge diferent, les difer\u00e8ncies entre la capacitat d&#8217;aprenentatge dels estudiants individuals s&#8217;han d&#8217;identificar i resoldre amb m\u00e9s rapidesa.<\/p>\n<p>A m\u00e9s, es desenvolupa una din\u00e0mica m\u00e9s efica\u00e7 en un petit grup d&#8217;aprenentatge i promou els contactes ling\u00fc\u00edstics. Nom\u00e9s es pot interioritzar un idioma si s&#8217;utilitza en cercles privats i professionals.<br \/>\n[\/vc_column_text][\/vc_column][vc_column width=&#8221;1\/2&#8243;][vc_video link=&#8221;https:\/\/youtu.be\/3COnuIj0gzY&#8221;][\/vc_column][\/vc_row][vc_row full_width=&#8221;stretch_row&#8221; tc_enable_overlay=&#8221;true&#8221; css=&#8221;.vc_custom_1488562084086{padding-top: 30px !important;padding-bottom: 30px !important;}&#8221;][vc_column width=&#8221;1\/2&#8243;][vc_column_text]<\/p>\n<h2>La nostra escola d&#8217;idiomes us ofereix:<\/h2>\n<ul>\n<li>Bones connexions de transport: metro, tramvia, autob\u00fas.<\/li>\n<li>Un bell parc just davant de l&#8217;escola d&#8217;idiomes per relaxar-se amb moltes cafeteries, restaurants, pubs per a joves i grans.<\/li>\n<li>Classes modernes, familiars i lluminoses per a les lli\u00e7ons d&#8217;alemany.<\/li>\n<li>Diversos cursos alemanys com ara: Cursos intensius semipresencials i d&#8217;estiu, Cursos intensius, TestDaF. A m\u00e9s, la nostra escola d&#8217;idiomes est\u00e0 equipada amb mitjans moderns. Aix\u00f2 garanteix un nivell d&#8217;aprenentatge professional i efica\u00e7. El material d&#8217;aprenentatge compleix les darreres habilitats ling\u00fc\u00edstiques i compta amb el suport de ling\u00fcistes destacats.<\/li>\n<\/ul>\n<p>[\/vc_column_text][\/vc_column][vc_column width=&#8221;1\/2&#8243;][vc_single_image image=&#8221;14954&#8243; img_size=&#8221;full&#8221; style=&#8221;vc_box_outline&#8221;][\/vc_column][\/vc_row][vc_row full_width=&#8221;stretch_row&#8221; tc_enable_overlay=&#8221;true&#8221; css=&#8221;.vc_custom_1488562264562{padding-top: 30px !important;padding-bottom: 30px !important;background-color: #f9f9f9 !important;}&#8221;][vc_column][vc_column_text]<\/p>\n<h2>Localitzaci\u00f3 central<\/h2>\n<p>Aqu\u00ed teniu les nostra escola d&#8217;idiomes, que es pot arribar r\u00e0pidament a peu o amb transport p\u00fablic des del centre de la ciutat:<\/p>\n<p>&#8211; He\u00dfstr. 90 en 80797 Munich[\/vc_column_text][vc_row_inner][vc_column_inner][vc_gmaps link=&#8221;#E-8_JTNDaWZyYW1lJTIwc3JjJTNEJTIyaHR0cHMlM0ElMkYlMkZ3d3cuZ29vZ2xlLmNvbSUyRm1hcHMlMkZlbWJlZCUzRnBiJTNEJTIxMW0xOCUyMTFtMTIlMjExbTMlMjExZDI2NjEuNzQ5Njg0NjY4ODMzNyUyMTJkMTEuNTU4NDA4MTE1ODE1MjU0JTIxM2Q0OC4xNTM2MzA4NTgwMjEzNCUyMTJtMyUyMTFmMCUyMTJmMCUyMTNmMCUyMTNtMiUyMTFpMTAyNCUyMTJpNzY4JTIxNGYxMy4xJTIxM20zJTIxMW0yJTIxMXMweDQ3OWU3NWUxMjE2MTBhMWYlMjUzQTB4ZTcyN2U4ZTJkODUyNmU0MiUyMTJzU3ByYWNoc2NodWxlJTJCQWt0aXYlMkJNJTI1QzMlMjVCQ25jaGVuJTIxNWUwJTIxM20yJTIxMXNkZSUyMTJzZGUlMjE0djE0ODg1NjIzMzQ3ODMlMjIlMjB3aWR0aCUzRCUyMjEwMCUyNSUyMiUyMGhlaWdodCUzRCUyMjIwMCUyMiUyMGZyYW1lYm9yZGVyJTNEJTIyMCUyMiUyMHN0eWxlJTNEJTIyYm9yZGVyJTNBMCUyMiUyMGFsbG93ZnVsbHNjcmVlbiUzRSUzQyUyRmlmcmFtZSUzRQ==&#8221;][\/vc_column_inner][\/vc_row_inner][\/vc_column][\/vc_row][vc_row full_width=&#8221;stretch_row&#8221; tc_enable_overlay=&#8221;true&#8221; css=&#8221;.vc_custom_1488562424230{padding-top: 30px !important;padding-bottom: 30px !important;}&#8221;][vc_column][vc_row_inner][vc_column_inner width=&#8221;1\/2&#8243;][vc_column_text]<\/p>\n<h2>Mestres alemanys qualificats, simp\u00e0tics i experimentats<\/h2>\n<p>Per a un alt nivell d&#8217;aprenentatge, \u00e9s important que el professor sigui de primera qualitat. Per tant, el llenguatge tamb\u00e9 requereix una comprensi\u00f3 pedag\u00f2gica bona. Li garantim que els nostres professors s\u00f3n m\u00e9s que parlants nadius d&#8217;origen alemany. Amb una formaci\u00f3 espec\u00edfica i una formaci\u00f3 regular, aquests estableixen els seus propis est\u00e0ndards per oferir la millor educaci\u00f3 ling\u00fc\u00edstica als seus estudiants. Una actitud professional cap a la vida \u00e9s, doncs, un requisit previ per ser reconegut com un professor de llengua per nosaltres.[\/vc_column_text][\/vc_column_inner][vc_column_inner width=&#8221;1\/2&#8243;][vc_single_image image=&#8221;21625&#8243; img_size=&#8221;full&#8221;][\/vc_column_inner][\/vc_row_inner][vc_column_text]<\/p>\n<h2>Cursos d&#8217;alemany amb garantia de devoluci\u00f3 de diners i classe de prova gratu\u00efta<\/h2>\n<p>Apr\u00e9n alemany amb garantia de devoluci\u00f3 i la classe de prova gratis! Es garanteix que nom\u00e9s haur\u00e0 de pagar l&#8217;ensenyament d&#8217;idiomes, si est\u00e0 satisfet amb el nostre rendiment. En cas contrari, obtindr\u00e0 de nou l&#8217;import reemborsat. Com a estudiant de llengua estrangera, aprofiteu l&#8217;oportunitat d&#8217;assistir a una lli\u00e7\u00f3 gratu\u00efta i, a continuaci\u00f3, decidiu si voleu continuar utilitzant els nostres serveis.<\/p>\n<h2>Munic &#8211; la ciutat dels somnis li d\u00f3na la benvinguda<\/h2>\n<p>Colorit, obert, internacional &#8211; Munic, la capital bavaresa li encantar\u00e0, estil i gent amable. A l&#8217;estiu, gaudir de l&#8217;animat ambient en el centre de la ciutat. Gaudir d&#8217;un descans en un dels jardins de la cervesa tradicional. Relaxar-se als parcs i jardins de la ciutat. En l&#8217;estiu, Munic est\u00e1 en el seu millor moment. Els joves de tot el m\u00f3n es reuneixen per a esdeveniments culturals i esportius. Una combinaci\u00f3 de lo agradable de Munic amb lo profit\u00f3s del curs. Apr\u00e9n alemany a un dels nostres cursos intensius.[\/vc_column_text][\/vc_column][\/vc_row][vc_row full_width=&#8221;stretch_row&#8221; tc_enable_overlay=&#8221;true&#8221; el_class=&#8221;contact-6 theme-bg-color&#8221; css=&#8221;.vc_custom_1484755280803{padding-top: 50px !important;padding-bottom: 20px !important;}&#8221;][vc_column width=&#8221;1\/3&#8243;][vc_raw_html]JTNDZGl2JTIwY2xhc3MlM0QlMjJmZWF0dXJlLTglMjBjbGVhcmZpeCUyMiUzRSUwQSUyMCUyMCUyMCUyMCUyMCUyMCUyMCUyMCUyMCUzQ2RpdiUyMGNsYXNzJTNEJTIyZmVhdHVyZS04LXRpdGxlJTIyJTNFJTBBJTIwJTIwJTIwJTIwJTIwJTIwJTIwJTIwJTIwJTIwJTNDc3BhbiUyMGNsYXNzJTNEJTIyZmElMjBmYS1wZW5jaWwlMjIlMjBhcmlhLWhpZGRlbiUzRCUyMnRydWUlMjIlM0UlM0MlMkZzcGFuJTNFJTBBJTIwJTIwJTIwJTIwJTIwJTIwJTIwJTIwJTIwJTNDJTJGZGl2JTNFJTBBJTIwJTIwJTIwJTIwJTIwJTIwJTIwJTIwJTNDZGl2JTIwY2xhc3MlM0QlMjJmZWF0dXJlLTgtaW5mbyUyMiUzRSUwQSUyMCUyMCUyMCUyMCUyMCUyMCUyMCUyMCUyMCUzQ2g0JTIwY2xhc3MlM0QlMjJ0ZXh0LXdoaXRlJTIyJTNFTGVzJTIwbm9zdHJlcyUyMGVzY29sZXMlM0ElM0MlMkZoNCUzRSUyMCUwQSUyMCUyMCUyMCUyMCUyMCUyMCUyMCUyMCUyMCUzQ3AlMjBjbGFzcyUzRCUyMnRleHQtd2hpdGUlMjIlM0VIZSVDMyU5RnN0cmElQzMlOUZlJTIwOTAuJTIwODA3OTclMjBNJUMzJUJDbmNoZW4uJTNDJTJGcCUzRSUwQSUyMCUyMCUyMCUyMCUyMCUyMCUyMCUzQyUyRmRpdiUzRSUwQSUyMCUyMCUyMCUyMCUyMCUyMCUzQyUyRmRpdiUzRQ==[\/vc_raw_html][\/vc_column][vc_column width=&#8221;1\/3&#8243;][vc_raw_html]JTNDZGl2JTIwY2xhc3MlM0QlMjJmZWF0dXJlLTglMjBjbGVhcmZpeCUyMiUzRSUwQSUyMCUyMCUyMCUyMCUyMCUyMCUyMCUyMCUyMCUyMCUyMCUzQ2RpdiUyMGNsYXNzJTNEJTIyZmVhdHVyZS04LXRpdGxlJTIyJTNFJTBBJTIwJTIwJTIwJTIwJTIwJTIwJTIwJTIwJTIwJTIwJTIwJTIwJTNDc3BhbiUyMGNsYXNzJTNEJTIyaWNvbi1zY3JlZW4tc21hcnRwaG9uZSUyMiUyMGFyaWEtaGlkZGVuJTNEJTIydHJ1ZSUyMiUzRSUzQyUyRnNwYW4lM0UlMEElMjAlMjAlMjAlMjAlMjAlMjAlMjAlMjAlMjAlMjAlMjAlM0MlMkZkaXYlM0UlMEElMjAlMjAlMjAlMjAlMjAlMjAlMjAlMjAlMjAlMjAlM0NkaXYlMjBjbGFzcyUzRCUyMmZlYXR1cmUtOC1pbmZvJTIyJTNFJTBBJTIwJTIwJTIwJTIwJTIwJTIwJTIwJTIwJTIwJTIwJTIwJTNDaDQlMjBjbGFzcyUzRCUyMnRleHQtd2hpdGUlMjIlM0VMTCVDMyVBMW1hbm9zJTIxJTNDJTJGaDQlM0UlMEElMjAlMjAlMjAlMjAlMjAlMjAlMjAlMjAlMjAlMjAlMjAlM0NwJTIwY2xhc3MlM0QlMjJ0ZXh0LXdoaXRlJTIyJTNFVGVsLiUzQSUzQSUyMDA4OSUyRjIwJTIwMDYlMjAyNCUyMDM1JTIwJTNDYnIlMkYlM0UlMEFUZWwuJTNBJTNBJTIwMDg5JTJGMjAlMjAwNiUyMDI0JTIwMzYlM0NiciUyRiUzRSUwQSUyMCUyMCUyMCUyMCUyMCUyMCUyMCUyMCUyMCUyMCUyMCUyMCUyMCUyMEhvcmFyaSUzQSUyMDA5JTNBMDAlQzIlQjQlMjAtJTIwMTglM0EwMCVDMiVCNCUzQyUyRnAlM0UlMEElMjAlMjAlMjAlMjAlMjAlMjAlMjAlMjAlMjAlM0MlMkZkaXYlM0UlMEElMjAlMjAlMjAlMjAlMjAlMjAlMjAlM0MlMkZkaXYlM0U=[\/vc_raw_html][\/vc_column][vc_column width=&#8221;1\/3&#8243;][vc_raw_html]JTNDZGl2JTIwY2xhc3MlM0QlMjJmZWF0dXJlLTglMjBjbGVhcmZpeCUyMiUzRSUwQSUyMCUyMCUyMCUyMCUyMCUyMCUyMCUyMCUyMCUzQ2RpdiUyMGNsYXNzJTNEJTIyZmVhdHVyZS04LXRpdGxlJTIyJTNFJTBBJTIwJTIwJTIwJTIwJTIwJTIwJTIwJTIwJTIwJTIwJTNDc3BhbiUyMGNsYXNzJTNEJTIyaWNvbi1lbnZlbG9wZSUyMiUyMGFyaWEtaGlkZGVuJTNEJTIydHJ1ZSUyMiUzRSUzQyUyRnNwYW4lM0UlMEElMjAlMjAlMjAlMjAlMjAlMjAlMjAlMjAlMjAlM0MlMkZkaXYlM0UlMEElMjAlMjAlMjAlMjAlMjAlMjAlMjAlMjAlM0NkaXYlMjBjbGFzcyUzRCUyMmZlYXR1cmUtOC1pbmZvJTIyJTNFJTBBJTIwJTIwJTIwJTIwJTIwJTIwJTIwJTIwJTIwJTNDaDQlMjBjbGFzcyUzRCUyMnRleHQtd2hpdGUlMjIlM0VFc2NyaXUtbm9zJTIxJTNDJTJGaDQlM0UlMEElMjAlMjAlMjAlMjAlMjAlMjAlMjAlMjAlMjAlM0NwJTIwY2xhc3MlM0QlMjJ0ZXh0LXdoaXRlJTIyJTNFa29udGFrdCU0MHNwcmFjaHNjaHVsZS1ha3Rpdi5kZSUwQSUyMCUyMCUyMCUyMCUyMCUzQyUyRnAlM0UlMEElMjAlMjAlMjAlMjAlMjAlMjAlMjAlM0MlMkZkaXYlM0UlMEElMjAlMjAlMjAlMjAlMjAlMjAlM0MlMkZkaXYlM0U=[\/vc_raw_html][\/vc_column][\/vc_row]<\/p>\n","protected":false},"excerpt":{"rendered":"<p>[vc_row full_width=&#8221;stretch_row_content_no_spaces&#8221; equal_height=&#8221;yes&#8221; tc_enable_overlay=&#8221;true&#8221; css=&#8221;.vc_custom_1603193378056{background-position: center !important;background-repeat: no-repeat !important;background-size: cover !important;}&#8221;][vc_column][vc_single_image image=&#8221;59799&#8243; img_size=&#8221;full&#8221; onclick=&#8221;custom_link&#8221; link=&#8221;https:\/\/www.sprachschule-aktiv-muenchen.de\/ca\/registre\/&#8221;][\/vc_column][\/vc_row][vc_row full_width=&#8221;stretch_row&#8221; equal_height=&#8221;yes&#8221; content_placement=&#8221;middle&#8221; tc_enable_overlay=&#8221;true&#8221; css=&#8221;.vc_custom_1487979657855{padding-top: 30px !important;padding-bottom: 30px !important;}&#8221; el_class=&#8221;action-box m-b-none theme-bg-color&#8221;][vc_column width=&#8221;2\/3&#8243;][vc_column_text] Vols aprendre alemany? Cursos d&#8217;alemany per a grups, parelles, empreses, privats &#8230; Professors nadius i qualificats. [\/vc_column_text][\/vc_column][vc_column width=&#8221;1\/3&#8243; css=&#8221;.vc_custom_1481804430561{padding-top: 15px !important;}&#8221; el_class=&#8221;text-right&#8221;][\/vc_column][\/vc_row][vc_row css=&#8221;.vc_custom_1488561909930{padding-top: 30px !important;padding-bottom: 30px !important;}&#8221;][vc_column][vc_column_text]&hellip; <a class=\"read-more\" href=\"https:\/\/www.sprachschule-aktiv-muenchen.de\/ca\/\" title=\"Read Home 3 &#8211; Corporate\">Read more &raquo;<\/a><\/p>\n","protected":false},"author":2,"featured_media":0,"parent":0,"menu_order":0,"comment_status":"closed","ping_status":"closed","template":"","meta":{"footnotes":""},"class_list":["post-38209","page","type-page","status-publish","hentry"],"yoast_head":"<!-- This site is optimized with the Yoast SEO plugin v27.1.1 - https:\/\/yoast.com\/product\/yoast-seo-wordpress\/ -->\n<title>Apr\u00e9n alemany a Munic: la vostra escola d&#039;idiomes<\/title>\n<meta name=\"description\" content=\"L&#039;escola d&#039;idiomes Aktiv M\u00fcnchen est\u00e0 especialitzada en cursos d&#039;alemany. Aqu\u00ed trobareu informaci\u00f3 sobre els nostres cursos.\" \/>\n<meta name=\"robots\" content=\"index, follow, max-snippet:-1, max-image-preview:large, max-video-preview:-1\" \/>\n<link rel=\"canonical\" href=\"https:\/\/www.sprachschule-aktiv-muenchen.de\/ca\/\" \/>\n<meta property=\"og:locale\" content=\"ca_ES\" \/>\n<meta property=\"og:type\" content=\"article\" \/>\n<meta property=\"og:title\" content=\"Apr\u00e9n alemany a Munic: la vostra escola d&#039;idiomes\" \/>\n<meta property=\"og:description\" content=\"L&#039;escola d&#039;idiomes Aktiv M\u00fcnchen est\u00e0 especialitzada en cursos d&#039;alemany. Aqu\u00ed trobareu informaci\u00f3 sobre els nostres cursos.\" \/>\n<meta property=\"og:url\" content=\"https:\/\/www.sprachschule-aktiv-muenchen.de\/ca\/\" \/>\n<meta property=\"og:site_name\" content=\"Sprachschule Aktiv\" \/>\n<meta property=\"article:modified_time\" content=\"2023-10-11T04:28:59+00:00\" \/>\n<meta name=\"twitter:card\" content=\"summary_large_image\" \/>\n<meta name=\"twitter:label1\" content=\"Temps estimat de lectura\" \/>\n\t<meta name=\"twitter:data1\" content=\"6 minuts\" \/>\n<script type=\"application\/ld+json\" class=\"yoast-schema-graph\">{\"@context\":\"https:\/\/schema.org\",\"@graph\":[{\"@type\":\"WebPage\",\"@id\":\"https:\/\/www.sprachschule-aktiv-muenchen.de\/ca\/\",\"url\":\"https:\/\/www.sprachschule-aktiv-muenchen.de\/ca\/\",\"name\":\"Apr\u00e9n alemany a Munic: la vostra escola d'idiomes\",\"isPartOf\":{\"@id\":\"https:\/\/www.sprachschule-aktiv-muenchen.de\/#website\"},\"datePublished\":\"2016-08-11T12:35:27+00:00\",\"dateModified\":\"2023-10-11T04:28:59+00:00\",\"description\":\"L'escola d'idiomes Aktiv M\u00fcnchen est\u00e0 especialitzada en cursos d'alemany. Aqu\u00ed trobareu informaci\u00f3 sobre els nostres cursos.\",\"breadcrumb\":{\"@id\":\"https:\/\/www.sprachschule-aktiv-muenchen.de\/ca\/#breadcrumb\"},\"inLanguage\":\"ca\",\"potentialAction\":[{\"@type\":\"ReadAction\",\"target\":[\"https:\/\/www.sprachschule-aktiv-muenchen.de\/ca\/\"]}]},{\"@type\":\"BreadcrumbList\",\"@id\":\"https:\/\/www.sprachschule-aktiv-muenchen.de\/ca\/#breadcrumb\",\"itemListElement\":[{\"@type\":\"ListItem\",\"position\":1,\"name\":\"Portada\",\"item\":\"https:\/\/www.sprachschule-aktiv-muenchen.de\/ca\/\"},{\"@type\":\"ListItem\",\"position\":2,\"name\":\"Home 3 &#8211; Corporate\"}]},{\"@type\":\"WebSite\",\"@id\":\"https:\/\/www.sprachschule-aktiv-muenchen.de\/#website\",\"url\":\"https:\/\/www.sprachschule-aktiv-muenchen.de\/\",\"name\":\"Sprachschule Aktiv\",\"description\":\"\",\"potentialAction\":[{\"@type\":\"SearchAction\",\"target\":{\"@type\":\"EntryPoint\",\"urlTemplate\":\"https:\/\/www.sprachschule-aktiv-muenchen.de\/?s={search_term_string}\"},\"query-input\":{\"@type\":\"PropertyValueSpecification\",\"valueRequired\":true,\"valueName\":\"search_term_string\"}}],\"inLanguage\":\"ca\"}]}<\/script>\n<!-- \/ Yoast SEO plugin. -->","yoast_head_json":{"title":"Apr\u00e9n alemany a Munic: la vostra escola d'idiomes","description":"L'escola d'idiomes Aktiv M\u00fcnchen est\u00e0 especialitzada en cursos d'alemany. Aqu\u00ed trobareu informaci\u00f3 sobre els nostres cursos.","robots":{"index":"index","follow":"follow","max-snippet":"max-snippet:-1","max-image-preview":"max-image-preview:large","max-video-preview":"max-video-preview:-1"},"canonical":"https:\/\/www.sprachschule-aktiv-muenchen.de\/ca\/","og_locale":"ca_ES","og_type":"article","og_title":"Apr\u00e9n alemany a Munic: la vostra escola d'idiomes","og_description":"L'escola d'idiomes Aktiv M\u00fcnchen est\u00e0 especialitzada en cursos d'alemany. Aqu\u00ed trobareu informaci\u00f3 sobre els nostres cursos.","og_url":"https:\/\/www.sprachschule-aktiv-muenchen.de\/ca\/","og_site_name":"Sprachschule Aktiv","article_modified_time":"2023-10-11T04:28:59+00:00","twitter_card":"summary_large_image","twitter_misc":{"Temps estimat de lectura":"6 minuts"},"schema":{"@context":"https:\/\/schema.org","@graph":[{"@type":"WebPage","@id":"https:\/\/www.sprachschule-aktiv-muenchen.de\/ca\/","url":"https:\/\/www.sprachschule-aktiv-muenchen.de\/ca\/","name":"Apr\u00e9n alemany a Munic: la vostra escola d'idiomes","isPartOf":{"@id":"https:\/\/www.sprachschule-aktiv-muenchen.de\/#website"},"datePublished":"2016-08-11T12:35:27+00:00","dateModified":"2023-10-11T04:28:59+00:00","description":"L'escola d'idiomes Aktiv M\u00fcnchen est\u00e0 especialitzada en cursos d'alemany. Aqu\u00ed trobareu informaci\u00f3 sobre els nostres cursos.","breadcrumb":{"@id":"https:\/\/www.sprachschule-aktiv-muenchen.de\/ca\/#breadcrumb"},"inLanguage":"ca","potentialAction":[{"@type":"ReadAction","target":["https:\/\/www.sprachschule-aktiv-muenchen.de\/ca\/"]}]},{"@type":"BreadcrumbList","@id":"https:\/\/www.sprachschule-aktiv-muenchen.de\/ca\/#breadcrumb","itemListElement":[{"@type":"ListItem","position":1,"name":"Portada","item":"https:\/\/www.sprachschule-aktiv-muenchen.de\/ca\/"},{"@type":"ListItem","position":2,"name":"Home 3 &#8211; Corporate"}]},{"@type":"WebSite","@id":"https:\/\/www.sprachschule-aktiv-muenchen.de\/#website","url":"https:\/\/www.sprachschule-aktiv-muenchen.de\/","name":"Sprachschule Aktiv","description":"","potentialAction":[{"@type":"SearchAction","target":{"@type":"EntryPoint","urlTemplate":"https:\/\/www.sprachschule-aktiv-muenchen.de\/?s={search_term_string}"},"query-input":{"@type":"PropertyValueSpecification","valueRequired":true,"valueName":"search_term_string"}}],"inLanguage":"ca"}]}},"_links":{"self":[{"href":"https:\/\/www.sprachschule-aktiv-muenchen.de\/ca\/wp-json\/wp\/v2\/pages\/38209","targetHints":{"allow":["GET"]}}],"collection":[{"href":"https:\/\/www.sprachschule-aktiv-muenchen.de\/ca\/wp-json\/wp\/v2\/pages"}],"about":[{"href":"https:\/\/www.sprachschule-aktiv-muenchen.de\/ca\/wp-json\/wp\/v2\/types\/page"}],"author":[{"embeddable":true,"href":"https:\/\/www.sprachschule-aktiv-muenchen.de\/ca\/wp-json\/wp\/v2\/users\/2"}],"replies":[{"embeddable":true,"href":"https:\/\/www.sprachschule-aktiv-muenchen.de\/ca\/wp-json\/wp\/v2\/comments?post=38209"}],"version-history":[{"count":4,"href":"https:\/\/www.sprachschule-aktiv-muenchen.de\/ca\/wp-json\/wp\/v2\/pages\/38209\/revisions"}],"predecessor-version":[{"id":72599,"href":"https:\/\/www.sprachschule-aktiv-muenchen.de\/ca\/wp-json\/wp\/v2\/pages\/38209\/revisions\/72599"}],"wp:attachment":[{"href":"https:\/\/www.sprachschule-aktiv-muenchen.de\/ca\/wp-json\/wp\/v2\/media?parent=38209"}],"curies":[{"name":"wp","href":"https:\/\/api.w.org\/{rel}","templated":true}]}}